{"id":29108,"date":"2021-04-12T17:43:44","date_gmt":"2021-04-12T16:43:44","guid":{"rendered":"https:\/\/www.ateti.pt\/loja\/?post_type=product&#038;p=29108"},"modified":"2024-04-30T09:00:33","modified_gmt":"2024-04-30T09:00:33","slug":"knorr-pasta-pot-bolonhesa-60g","status":"publish","type":"product","link":"https:\/\/www.ateti.pt\/loja\/produto\/knorr-pasta-pot-bolonhesa-60g\/","title":{"rendered":"Knorr Pasta Pot Bolonhesa 60G"},"content":{"rendered":"<p><strong>Knorr Pasta Pot Bolonhesa<\/strong><\/p>\n<p>Quantidade: 68g<\/p>\n<p><strong>Preparado desidratado de massa aliment\u00edcia com 73% de molho bolonhesa<\/strong><\/p>\n<p><strong>Ingredientes:\u00a0<\/strong>massa aliment\u00edcia (63%) (s\u00eamola de trigo duro), pur\u00e9 de tomate (11%), gordura de palma, cebola (4,6%), carne de vaca (1,8%) (carne de vaca, sal, maltodextrina, clara de ovo), aromas, sumo de cenoura (1,3%), tomate (1,1%), raiz de aipo, extrato de levedura, a\u00e7\u00facar, sal, sal mineral (cloreto de pot\u00e1ssio), cenoura (0,5%), salsa (0,2%), or\u00e9g\u00e3os (0,2%), sal iodado, alho (0,4%), pimenta, pimento vermelho (0,2%). Pode conter soja, leite e mostarda. Proveniente de agricultura sustent\u00e1vel.<\/p>\n<p><strong>Declara\u00e7\u00e3o Nutricional (por 100g):\u00a0<\/strong>Energia: 410kj\/98kcal; L\u00edpidos: 2,0g; dos quais Saturados: 1,0g; Hidratos de Carbono: 16g; dos quais A\u00e7\u00facares: 2,9g; Prote\u00ednas; 3,4g; Sal: 0,61g.<\/p>\n","protected":false},"excerpt":{"rendered":"<p>33.68\u20ac\/Kg<\/p>\n","protected":false},"featured_media":29111,"comment_status":"closed","ping_status":"closed","template":"","meta":{"_themeisle_gutenberg_block_has_review":false},"product_brand":[],"product_cat":[187,132],"product_tag":[],"woo-feed-brand":[],"class_list":{"0":"post-29108","1":"product","2":"type-product","3":"status-publish","4":"has-post-thumbnail","6":"product_cat-arrozemassas","7":"product_cat-mercearia","9":"first","10":"instock","11":"taxable","12":"shipping-taxable","13":"purchasable","14":"product-type-simple"},"_links":{"self":[{"href":"https:\/\/www.ateti.pt\/loja\/wp-json\/wp\/v2\/product\/29108","targetHints":{"allow":["GET"]}}],"collection":[{"href":"https:\/\/www.ateti.pt\/loja\/wp-json\/wp\/v2\/product"}],"about":[{"href":"https:\/\/www.ateti.pt\/loja\/wp-json\/wp\/v2\/types\/product"}],"replies":[{"embeddable":true,"href":"https:\/\/www.ateti.pt\/loja\/wp-json\/wp\/v2\/comments?post=29108"}],"wp:featuredmedia":[{"embeddable":true,"href":"https:\/\/www.ateti.pt\/loja\/wp-json\/wp\/v2\/media\/29111"}],"wp:attachment":[{"href":"https:\/\/www.ateti.pt\/loja\/wp-json\/wp\/v2\/media?parent=29108"}],"wp:term":[{"taxonomy":"product_brand","embeddable":true,"href":"https:\/\/www.ateti.pt\/loja\/wp-json\/wp\/v2\/product_brand?post=29108"},{"taxonomy":"product_cat","embeddable":true,"href":"https:\/\/www.ateti.pt\/loja\/wp-json\/wp\/v2\/product_cat?post=29108"},{"taxonomy":"product_tag","embeddable":true,"href":"https:\/\/www.ateti.pt\/loja\/wp-json\/wp\/v2\/product_tag?post=29108"},{"taxonomy":"woo-feed-brand","embeddable":true,"href":"https:\/\/www.ateti.pt\/loja\/wp-json\/wp\/v2\/woo-feed-brand?post=29108"}],"curies":[{"name":"wp","href":"https:\/\/api.w.org\/{rel}","templated":true}]}}