{"id":28201,"date":"2021-03-31T17:31:23","date_gmt":"2021-03-31T16:31:23","guid":{"rendered":"https:\/\/www.ateti.pt\/loja\/?post_type=product&#038;p=28201"},"modified":"2025-03-04T17:11:06","modified_gmt":"2025-03-04T17:11:06","slug":"pao-alentejano-800gr","status":"publish","type":"product","link":"https:\/\/www.ateti.pt\/loja\/produto\/pao-alentejano-800gr\/","title":{"rendered":"P\u00e3o Alentejano 800gr"},"content":{"rendered":"<p><strong>P\u00e3o Alentejano<\/strong><\/p>\n<p>Massa de farinha de p\u00e3o alentejano<\/p>\n<p><strong>Quantidade:<\/strong> 800gr<\/p>\n<p><strong>Validade:<\/strong> O produto tem uma validade at\u00e9 5 dias, pelo que deve considerar menos 2 dias \u00fateis para efeitos de transporte.<\/p>\n<p><strong>Ingredientes: <\/strong>Massa [Farinha de TRIGO, \u00e1gua, s\u00eamea grosseira de TRIGO, dextrose, GL\u00daTEN de TRIGO, emulsionante (E471, E481), soro de LEITE em p\u00f3, levedura, conservante (E282), antiaglomerante (E170), farinha de SOJA, \u00e1cido c\u00edtrico, espessante(E466, E415), agente de tratamento de farinha (E300) e enzimas.].<\/p>\n<p><strong>Alerg\u00e9neos:<\/strong> Cont\u00e9m GL\u00daTEN, SOJA e PRODUTOS \u00c0 BASE DE LEITE. Pode conter vest\u00edgios de OVO, AMENDOIM, FRUTOS DE CASCA RIJA e SEMENTES DE SESAMO.<\/p>\n<p><strong>OGM:<\/strong> O produto n\u00e3o cont\u00e9m OMG.<\/p>\n<p><strong>Declara\u00e7\u00e3o Nutricional<\/strong><\/p>\n<p>Energia (kJ\/kcal): 863,1Kj \/ 206,2Kcal<\/p>\n<p>L\u00edpidos (g): 1,4g<\/p>\n<p>Dos quais \u00c1c. Gordos Saturados (g): 0,5<\/p>\n<p>Hidratos de Carbono (g): 40,1g<\/p>\n<p>Dos quais a\u00e7ucares (g): 1,2g<\/p>\n<p>Fibra (g): 3,5g<\/p>\n<p>Prote\u00ednas (g): 6,6g<\/p>\n<p>Sal (g): 0,9g<\/p>\n","protected":false},"excerpt":{"rendered":"<p>3.74\u20ac\/Kg<\/p>\n","protected":false},"featured_media":28202,"comment_status":"closed","ping_status":"closed","template":"","meta":{"_themeisle_gutenberg_block_has_review":false},"product_brand":[],"product_cat":[891,665,598],"product_tag":[],"woo-feed-brand":[],"class_list":{"0":"post-28201","1":"product","2":"type-product","3":"status-publish","4":"has-post-thumbnail","6":"product_cat-iva-zero","7":"product_cat-padaria","8":"product_cat-padaria-pastelaria","9":"ts_product_brand-fabrica-pastelaria-confetaria-de-s-silvestre","11":"first","12":"instock","13":"taxable","14":"shipping-taxable","15":"purchasable","16":"product-type-simple"},"_links":{"self":[{"href":"https:\/\/www.ateti.pt\/loja\/wp-json\/wp\/v2\/product\/28201","targetHints":{"allow":["GET"]}}],"collection":[{"href":"https:\/\/www.ateti.pt\/loja\/wp-json\/wp\/v2\/product"}],"about":[{"href":"https:\/\/www.ateti.pt\/loja\/wp-json\/wp\/v2\/types\/product"}],"replies":[{"embeddable":true,"href":"https:\/\/www.ateti.pt\/loja\/wp-json\/wp\/v2\/comments?post=28201"}],"wp:featuredmedia":[{"embeddable":true,"href":"https:\/\/www.ateti.pt\/loja\/wp-json\/wp\/v2\/media\/28202"}],"wp:attachment":[{"href":"https:\/\/www.ateti.pt\/loja\/wp-json\/wp\/v2\/media?parent=28201"}],"wp:term":[{"taxonomy":"product_brand","embeddable":true,"href":"https:\/\/www.ateti.pt\/loja\/wp-json\/wp\/v2\/product_brand?post=28201"},{"taxonomy":"product_cat","embeddable":true,"href":"https:\/\/www.ateti.pt\/loja\/wp-json\/wp\/v2\/product_cat?post=28201"},{"taxonomy":"product_tag","embeddable":true,"href":"https:\/\/www.ateti.pt\/loja\/wp-json\/wp\/v2\/product_tag?post=28201"},{"taxonomy":"woo-feed-brand","embeddable":true,"href":"https:\/\/www.ateti.pt\/loja\/wp-json\/wp\/v2\/woo-feed-brand?post=28201"}],"curies":[{"name":"wp","href":"https:\/\/api.w.org\/{rel}","templated":true}]}}