{"id":28157,"date":"2021-03-31T15:17:17","date_gmt":"2021-03-31T14:17:17","guid":{"rendered":"https:\/\/www.ateti.pt\/loja\/?post_type=product&#038;p=28157"},"modified":"2025-01-20T15:33:35","modified_gmt":"2025-01-20T15:33:35","slug":"pao-fibras-cereais-fatiado-400gr","status":"publish","type":"product","link":"https:\/\/www.ateti.pt\/loja\/produto\/pao-fibras-cereais-fatiado-400gr\/","title":{"rendered":"P\u00e3o Fibras &amp; Cereais Fatiado 400gr"},"content":{"rendered":"<p>P\u00e3o Fibras &amp; Cereais Fatiado<\/p>\n<p>Quantidade: 400gr<\/p>\n<p>O produto &#8220;P\u00e3o Fibras &amp; Cereais Fatiado&#8221; tem uma validade at\u00e9 5 dias, pelo que deve considerar menos 2 dias \u00fateis para efeitos de transporte.<\/p>\n<p>&nbsp;<\/p>\n","protected":false},"excerpt":{"rendered":"<p>7.97\u20ac\/Kg<\/p>\n","protected":false},"featured_media":28158,"comment_status":"closed","ping_status":"closed","template":"","meta":{"_themeisle_gutenberg_block_has_review":false},"product_brand":[],"product_cat":[891,665,598],"product_tag":[],"woo-feed-brand":[],"class_list":{"0":"post-28157","1":"product","2":"type-product","3":"status-publish","4":"has-post-thumbnail","6":"product_cat-iva-zero","7":"product_cat-padaria","8":"product_cat-padaria-pastelaria","9":"ts_product_brand-fabrica-pastelaria-confetaria-de-s-silvestre","11":"first","12":"instock","13":"taxable","14":"shipping-taxable","15":"purchasable","16":"product-type-simple"},"_links":{"self":[{"href":"https:\/\/www.ateti.pt\/loja\/wp-json\/wp\/v2\/product\/28157","targetHints":{"allow":["GET"]}}],"collection":[{"href":"https:\/\/www.ateti.pt\/loja\/wp-json\/wp\/v2\/product"}],"about":[{"href":"https:\/\/www.ateti.pt\/loja\/wp-json\/wp\/v2\/types\/product"}],"replies":[{"embeddable":true,"href":"https:\/\/www.ateti.pt\/loja\/wp-json\/wp\/v2\/comments?post=28157"}],"wp:featuredmedia":[{"embeddable":true,"href":"https:\/\/www.ateti.pt\/loja\/wp-json\/wp\/v2\/media\/28158"}],"wp:attachment":[{"href":"https:\/\/www.ateti.pt\/loja\/wp-json\/wp\/v2\/media?parent=28157"}],"wp:term":[{"taxonomy":"product_brand","embeddable":true,"href":"https:\/\/www.ateti.pt\/loja\/wp-json\/wp\/v2\/product_brand?post=28157"},{"taxonomy":"product_cat","embeddable":true,"href":"https:\/\/www.ateti.pt\/loja\/wp-json\/wp\/v2\/product_cat?post=28157"},{"taxonomy":"product_tag","embeddable":true,"href":"https:\/\/www.ateti.pt\/loja\/wp-json\/wp\/v2\/product_tag?post=28157"},{"taxonomy":"woo-feed-brand","embeddable":true,"href":"https:\/\/www.ateti.pt\/loja\/wp-json\/wp\/v2\/woo-feed-brand?post=28157"}],"curies":[{"name":"wp","href":"https:\/\/api.w.org\/{rel}","templated":true}]}}