{"id":27997,"date":"2021-03-30T12:56:18","date_gmt":"2021-03-30T11:56:18","guid":{"rendered":"https:\/\/www.ateti.pt\/loja\/?post_type=product&#038;p=27997"},"modified":"2024-08-20T12:25:31","modified_gmt":"2024-08-20T11:25:31","slug":"feijao-preto-cozido-lata-meps-25kg","status":"publish","type":"product","link":"https:\/\/www.ateti.pt\/loja\/produto\/feijao-preto-cozido-lata-meps-25kg\/","title":{"rendered":"Feij\u00e3o Preto Cozido Lata Meps 2.5Kg"},"content":{"rendered":"<p><strong>Feij\u00e3o Preto Cozido Lata Meps 2.5Kg <\/strong>\u00e9 um produto normalmente usado em diversas receitas culin\u00e1rias.<\/p>\n<p><strong>Quantidade:<\/strong> 2,5Kg<\/p>\n<p><strong>Ingredientes:<\/strong><\/p>\n<p>Feij\u00e3o preto, \u00e1gua e sal.<\/p>\n<p><strong>Valores nutricionais m\u00e9dios por 100 g de produto:<\/strong><\/p>\n<p>Energia: 314 kj\/75 kcal; L\u00edpidos: 0,50 g, dos quais saturados: 0,50 g; Hidratos de carbono: 9 g, dos quais a\u00e7\u00facares: 0,50 g; Fibra: 5,50 g; Prote\u00ednas: 5,80 g; Sal:1,06 g.<\/p>\n<p><strong>Informa\u00e7\u00f5es gerais do produto:<\/strong><\/p>\n<p>Deve conservar o seu Feij\u00e3o Preto Cozido Lata Meps 2.5Kg num local fresco e seco.<br \/>\nDepois do produto estar aberto, este deve manter-se no frigor\u00edfico.<\/p>\n<p><strong>Produtor:<\/strong><\/p>\n<p>Maria Em\u00edlia Pereira Soares &amp; Filhos, Lda., Rua da Agrela, Bou\u00e7as, Apartado 278, 4824-909 Fafe, Portugal<\/p>\n<p><strong>Modo de prepara\u00e7\u00e3o do produto:<\/strong><\/p>\n<p>O Feij\u00e3o Preto Cozido em Lata de 2.5 Kg est\u00e1 pronto a consumir, deve apenas escorrer completamente o l\u00edquido e lavar o produto com \u00e1gua corrente.<\/p>\n<p><strong>Sugest\u00e3o de Receita de Feij\u00e3o Preto com Bacon e Lingui\u00e7a:<\/strong><\/p>\n<p>Ingredientes:<\/p>\n<p>1 Lata de Feij\u00e3o Preto Cozido;<br \/>\n60g de Bacon;<br \/>\n1 Lingui\u00e7a;<br \/>\n1 Cebola;<br \/>\n2 Dentes de Alho;<br \/>\nqb Azeite.<\/p>\n<p>Prepara\u00e7\u00e3o:<\/p>\n<div class=\"wpurp-rows\">\n<div class=\"wpurp-rows-row\"><span class=\"wpurp-recipe-instruction-text\">1 &#8211; Descasque e pique a cebola e os alhos. Corte o bacon e a lingui\u00e7a em cubos pequenos.<\/span><\/div>\n<\/div>\n<div class=\"wpurp-rows\">\n<div class=\"wpurp-rows-row\"><span class=\"wpurp-recipe-instruction-text\">2 &#8211; Leve ao lume um tacho com o azeite, junte a cebola, o alho, o bacon e a lingui\u00e7a e deixe saltear.<\/span><\/div>\n<\/div>\n<div class=\"wpurp-rows\">\n<div class=\"wpurp-rows-row\"><span class=\"wpurp-recipe-instruction-text\">3 &#8211; Escorra a \u00e1gua do feij\u00e3o e adicione-o ao salteado. Deixe cozinhar por cerca de 10 minutos e sirva ainda quente.<\/span><\/div>\n<\/div>\n<div><\/div>\n<div>\n<p>Qualquer uma das receitas com Feij\u00e3o Preto Cozido vai ficar deliciosa! Experimente algumas destas receitas e bom apetite!<\/p>\n<p>Para ver mais produtos como este v\u00e1 a\u00a0<a href=\"https:\/\/www.ateti.pt\/loja\/categoria\/ate-ti-negocios\/alimentacao-office\/enlatados\/\" target=\"_blank\" rel=\"noopener\">Enlatados<\/a>\u00a0na Categoria At\u00e9 Ti Neg\u00f3cios.<\/p>\n<p>Pode ainda encontrar no At\u00e9 Ti produtos com descontos at\u00e9 50% na Categoria\u00a0<a href=\"https:\/\/www.ateti.pt\/loja\/categoria\/outlet-ate-50\/\" target=\"_blank\" rel=\"noopener\">Outlet ate 50%<\/a>.<\/p>\n<p>Fa\u00e7a as suas compras no seu supermercado online At\u00e9 Ti e receba a sua encomenda comodamente em casa, no trabalho ou onde quiser.<\/p>\n<\/div>\n<p>&nbsp;<\/p>\n","protected":false},"excerpt":{"rendered":"<p>1,68\u20ac\/Kg<\/p>\n<p>Feij\u00e3o Preto Cozido Lata Meps 2.5Kg \u00e9 um produto normalmente usado em diversas receitas culin\u00e1rias.<\/p>\n","protected":false},"featured_media":27998,"comment_status":"closed","ping_status":"closed","template":"","meta":{"_themeisle_gutenberg_block_has_review":false},"product_brand":[],"product_cat":[542,250,690],"product_tag":[],"woo-feed-brand":[],"class_list":{"0":"post-27997","1":"product","2":"type-product","3":"status-publish","4":"has-post-thumbnail","6":"product_cat-alimentacao-office","7":"product_cat-ate-ti-negocios","8":"product_cat-enlatados","9":"ts_product_brand-meps","11":"first","12":"instock","13":"sale","14":"taxable","15":"shipping-taxable","16":"purchasable","17":"product-type-simple"},"_links":{"self":[{"href":"https:\/\/www.ateti.pt\/loja\/wp-json\/wp\/v2\/product\/27997","targetHints":{"allow":["GET"]}}],"collection":[{"href":"https:\/\/www.ateti.pt\/loja\/wp-json\/wp\/v2\/product"}],"about":[{"href":"https:\/\/www.ateti.pt\/loja\/wp-json\/wp\/v2\/types\/product"}],"replies":[{"embeddable":true,"href":"https:\/\/www.ateti.pt\/loja\/wp-json\/wp\/v2\/comments?post=27997"}],"wp:featuredmedia":[{"embeddable":true,"href":"https:\/\/www.ateti.pt\/loja\/wp-json\/wp\/v2\/media\/27998"}],"wp:attachment":[{"href":"https:\/\/www.ateti.pt\/loja\/wp-json\/wp\/v2\/media?parent=27997"}],"wp:term":[{"taxonomy":"product_brand","embeddable":true,"href":"https:\/\/www.ateti.pt\/loja\/wp-json\/wp\/v2\/product_brand?post=27997"},{"taxonomy":"product_cat","embeddable":true,"href":"https:\/\/www.ateti.pt\/loja\/wp-json\/wp\/v2\/product_cat?post=27997"},{"taxonomy":"product_tag","embeddable":true,"href":"https:\/\/www.ateti.pt\/loja\/wp-json\/wp\/v2\/product_tag?post=27997"},{"taxonomy":"woo-feed-brand","embeddable":true,"href":"https:\/\/www.ateti.pt\/loja\/wp-json\/wp\/v2\/woo-feed-brand?post=27997"}],"curies":[{"name":"wp","href":"https:\/\/api.w.org\/{rel}","templated":true}]}}