{"id":27990,"date":"2021-03-30T12:51:48","date_gmt":"2021-03-30T11:51:48","guid":{"rendered":"https:\/\/www.ateti.pt\/loja\/?post_type=product&#038;p=27990"},"modified":"2024-08-20T12:23:18","modified_gmt":"2024-08-20T11:23:18","slug":"feijao-manteiga-cozido-lata-meps-25kg","status":"publish","type":"product","link":"https:\/\/www.ateti.pt\/loja\/produto\/feijao-manteiga-cozido-lata-meps-25kg\/","title":{"rendered":"Feij\u00e3o Manteiga Cozido Lata Meps 2.5 Kg"},"content":{"rendered":"<p><strong>Feij\u00e3o Manteiga Cozido Lata Meps<\/strong><\/p>\n<p>Produto normalmente usado em diversas receitas culin\u00e1rias.<\/p>\n<p><strong>Quantidade<\/strong>: 2,5Kg<\/p>\n<p><strong>Ingredientes<\/strong>:<\/p>\n<p>Feij\u00e3o manteiga, \u00e1gua e sal.<\/p>\n<p><strong>Valores nutricionais por 100 g de produto:<\/strong><\/p>\n<p>Energia: 338 kj\/81 kcal; L\u00edpidos: 0,7 g, dos quais saturados: 0,1 g; Hidratos de carbono: 8,5 g, dos quais a\u00e7\u00facares: 0,8 g; Fibra: 7,6 g; Prote\u00ednas: 6,4 g; Sal:0,46 g.<\/p>\n<p><strong>Informa\u00e7\u00f5es gerais do produto:<\/strong><\/p>\n<p>Deve conservar o seu Feij\u00e3o Manteiga Cozido Lata Meps de 2.5 Kg num local seco e que esteja \u00e0 temperatura ambiente.<br \/>\nDepois do produto estar aberto, este deve manter-se no frigor\u00edfico.<\/p>\n<p><strong>Produtor:<\/strong><\/p>\n<p>Maria Em\u00edlia Pereira Soares &amp; Filhos, Lda., Rua da Agrela, Bou\u00e7as, Apartado 278, 4824-909 Fafe, Portugal<\/p>\n<p><strong>Modo de prepara\u00e7\u00e3o do produto:<\/strong><\/p>\n<p>O Feij\u00e3o Manteiga Cozido em Lata de 2.5 Kg est\u00e1 pronto a consumir, deve apenas escorrer completamente o l\u00edquido e lavar o produto com \u00e1gua corrente.<\/p>\n<p><strong>Sugest\u00f5es de Receitas Culin\u00e1rias que podem ser feitas com Feij\u00e3o Manteiga Cozido:<\/strong><\/p>\n<p>Dobradinha com feij\u00e3o manteiga; Sopa de feij\u00e3o manteiga; Creme de feij\u00e3o manteiga; ; Arroz de feij\u00e3o manteiga; Feij\u00e3o manteiga com carne; Farofa de feij\u00e3o manteiga; Feij\u00e3o manteiga ao chilli; Feij\u00e3o manteiga com bacon; Feijoada com feij\u00e3o manteiga; Cozido \u00e0 Portuguesa com feij\u00e3o manteiga; Estufado de Feij\u00e3o Manteiga; Massada de Feij\u00e3o Manteiga; Polvo com feij\u00e3o manteiga; Hamb\u00fargueres de feij\u00e3o manteiga; Feij\u00e3o manteiga com ovos escalfados; Saladas com feij\u00e3o manteiga; Pur\u00e9 de feij\u00e3o manteiga; e Bolinhos de feij\u00e3o manteiga.<\/p>\n<p>Qualquer uma das receitas com Feij\u00e3o Manteiga Cozido vai ficar deliciosa! Experimente algumas destas receitas e bom apetite!<\/p>\n<p>Para ver mais produtos como este v\u00e1 a <a href=\"https:\/\/www.ateti.pt\/loja\/categoria\/ate-ti-negocios\/alimentacao-office\/enlatados\/\" target=\"_blank\" rel=\"noopener\">Enlatados<\/a> na Categoria At\u00e9 Ti Neg\u00f3cios.<\/p>\n<p>Pode ainda encontrar no At\u00e9 Ti produtos com descontos at\u00e9 50% na Categoria <a href=\"https:\/\/www.ateti.pt\/loja\/categoria\/outlet-ate-50\/\" target=\"_blank\" rel=\"noopener\">Outlet at\u00e9 50%<\/a>.<\/p>\n<p>Fa\u00e7a as suas compras no seu supermercado online At\u00e9 Ti e receba a sua encomenda comodamente em casa, no trabalho ou onde quiser.<\/p>\n","protected":false},"excerpt":{"rendered":"<p>1,67\u20ac\/Kg<\/p>\n<p>Feij\u00e3o Manteiga Cozido Lata Meps 2.5 Kg \u00e9 um produto normalmente usado em diversas receitas culin\u00e1rias.<\/p>\n","protected":false},"featured_media":27992,"comment_status":"closed","ping_status":"closed","template":"","meta":{"_themeisle_gutenberg_block_has_review":false},"product_brand":[],"product_cat":[542,250,690],"product_tag":[],"woo-feed-brand":[],"class_list":{"0":"post-27990","1":"product","2":"type-product","3":"status-publish","4":"has-post-thumbnail","6":"product_cat-alimentacao-office","7":"product_cat-ate-ti-negocios","8":"product_cat-enlatados","9":"ts_product_brand-meps","11":"first","12":"instock","13":"sale","14":"taxable","15":"shipping-taxable","16":"purchasable","17":"product-type-simple"},"_links":{"self":[{"href":"https:\/\/www.ateti.pt\/loja\/wp-json\/wp\/v2\/product\/27990","targetHints":{"allow":["GET"]}}],"collection":[{"href":"https:\/\/www.ateti.pt\/loja\/wp-json\/wp\/v2\/product"}],"about":[{"href":"https:\/\/www.ateti.pt\/loja\/wp-json\/wp\/v2\/types\/product"}],"replies":[{"embeddable":true,"href":"https:\/\/www.ateti.pt\/loja\/wp-json\/wp\/v2\/comments?post=27990"}],"wp:featuredmedia":[{"embeddable":true,"href":"https:\/\/www.ateti.pt\/loja\/wp-json\/wp\/v2\/media\/27992"}],"wp:attachment":[{"href":"https:\/\/www.ateti.pt\/loja\/wp-json\/wp\/v2\/media?parent=27990"}],"wp:term":[{"taxonomy":"product_brand","embeddable":true,"href":"https:\/\/www.ateti.pt\/loja\/wp-json\/wp\/v2\/product_brand?post=27990"},{"taxonomy":"product_cat","embeddable":true,"href":"https:\/\/www.ateti.pt\/loja\/wp-json\/wp\/v2\/product_cat?post=27990"},{"taxonomy":"product_tag","embeddable":true,"href":"https:\/\/www.ateti.pt\/loja\/wp-json\/wp\/v2\/product_tag?post=27990"},{"taxonomy":"woo-feed-brand","embeddable":true,"href":"https:\/\/www.ateti.pt\/loja\/wp-json\/wp\/v2\/woo-feed-brand?post=27990"}],"curies":[{"name":"wp","href":"https:\/\/api.w.org\/{rel}","templated":true}]}}