{"id":27781,"date":"2021-03-26T18:37:42","date_gmt":"2021-03-26T17:37:42","guid":{"rendered":"https:\/\/www.ateti.pt\/loja\/?post_type=product&#038;p=27781"},"modified":"2025-01-20T16:15:36","modified_gmt":"2025-01-20T16:15:36","slug":"entrancado-de-amendoa","status":"publish","type":"product","link":"https:\/\/www.ateti.pt\/loja\/produto\/entrancado-de-amendoa\/","title":{"rendered":"Entran\u00e7ado de Am\u00eandoa 500g"},"content":{"rendered":"<p><strong>Entran\u00e7ado de Am\u00eandoa\u00a0<\/strong><\/p>\n<p>Quantidade: 1 unid<\/p>\n<p>O produto &#8221; Entran\u00e7ado de Am\u00eandoa&#8221; ou &#8220;Tran\u00e7a de Am\u00eandoa&#8221; tem uma validade at\u00e9 8 dias, pelo que deve considerar menos 3 dias \u00fateis para efeitos de transporte.<\/p>\n<p>&nbsp;<\/p>\n<p><strong>Tran\u00e7a de Am\u00eandoa<\/strong>! Bolo que apresenta uma massa muito fofinha mas ao mesmo crocante devido \u00e0 am\u00eandoa torrada. Tran\u00e7a, com aquele toque do doce de ovos e das am\u00eandoas, \u00e9 delicioso!<\/p>\n<p>&nbsp;<\/p>\n","protected":false},"excerpt":{"rendered":"<p>5.69\u20ac\/Unid<\/p>\n","protected":false},"featured_media":27783,"comment_status":"closed","ping_status":"closed","template":"","meta":{"_themeisle_gutenberg_block_has_review":false},"product_brand":[],"product_cat":[598,666],"product_tag":[],"woo-feed-brand":[],"class_list":{"0":"post-27781","1":"product","2":"type-product","3":"status-publish","4":"has-post-thumbnail","6":"product_cat-padaria-pastelaria","7":"product_cat-pastelaria","8":"ts_product_brand-fabrica-pastelaria-confetaria-de-s-silvestre","10":"first","11":"instock","12":"taxable","13":"shipping-taxable","14":"purchasable","15":"product-type-simple"},"_links":{"self":[{"href":"https:\/\/www.ateti.pt\/loja\/wp-json\/wp\/v2\/product\/27781","targetHints":{"allow":["GET"]}}],"collection":[{"href":"https:\/\/www.ateti.pt\/loja\/wp-json\/wp\/v2\/product"}],"about":[{"href":"https:\/\/www.ateti.pt\/loja\/wp-json\/wp\/v2\/types\/product"}],"replies":[{"embeddable":true,"href":"https:\/\/www.ateti.pt\/loja\/wp-json\/wp\/v2\/comments?post=27781"}],"wp:featuredmedia":[{"embeddable":true,"href":"https:\/\/www.ateti.pt\/loja\/wp-json\/wp\/v2\/media\/27783"}],"wp:attachment":[{"href":"https:\/\/www.ateti.pt\/loja\/wp-json\/wp\/v2\/media?parent=27781"}],"wp:term":[{"taxonomy":"product_brand","embeddable":true,"href":"https:\/\/www.ateti.pt\/loja\/wp-json\/wp\/v2\/product_brand?post=27781"},{"taxonomy":"product_cat","embeddable":true,"href":"https:\/\/www.ateti.pt\/loja\/wp-json\/wp\/v2\/product_cat?post=27781"},{"taxonomy":"product_tag","embeddable":true,"href":"https:\/\/www.ateti.pt\/loja\/wp-json\/wp\/v2\/product_tag?post=27781"},{"taxonomy":"woo-feed-brand","embeddable":true,"href":"https:\/\/www.ateti.pt\/loja\/wp-json\/wp\/v2\/woo-feed-brand?post=27781"}],"curies":[{"name":"wp","href":"https:\/\/api.w.org\/{rel}","templated":true}]}}