{"id":27771,"date":"2021-03-26T18:04:10","date_gmt":"2021-03-26T17:04:10","guid":{"rendered":"https:\/\/www.ateti.pt\/loja\/?post_type=product&#038;p=27771"},"modified":"2026-04-10T17:45:14","modified_gmt":"2026-04-10T16:45:14","slug":"croissant-de-ovo-3-unid","status":"publish","type":"product","link":"https:\/\/www.ateti.pt\/loja\/produto\/croissant-de-ovo-3-unid\/","title":{"rendered":"Croissant de Ovo 3 unid"},"content":{"rendered":"<p><strong>Croissant de Ovo<\/strong><\/p>\n<p>Quantidade: 3 unid<\/p>\n<p>O produto &#8220;Croissant de Ovo &#8221; tem uma validade at\u00e9 6 dias, pelo que deve considerar menos 3 dias \u00fateis para efeitos de transporte.<\/p>\n<p><strong>Ingredientes:<\/strong> Farinha de trigo 55, \u00e1gua, \u00f3leos e gorduras vegetais simples (\u00f3leo de palma e seus derivados e \u00f3leos de girassol.), a\u00e7\u00facares, ovos, sal, gordura vegetal (gordura de palma, xarope de glucose, prote\u00ednas de leite, estabilizador(E451), s\u00f3lidos l\u00e1cteos, glucose, amido de milho modificado, gl\u00faten, ovo em p\u00f3, regulador de acidez (E170, \u00e1cido c\u00edtrico), emulsionantes (E472e, E471, mono-diglic\u00e9ridos e licitina), \u00e1cido asc\u00f3rbico (E300), enzimas, corante org\u00e2nico natural (betacaroteno), antioxidante (extrato natural rico m tocofer\u00f3is e palmitato de ascorbilo), conservante(E202), corante curcumina (E110).<\/p>\n<p>Pode conter vest\u00edgios de frutos de casca rija, soja e s\u00e9samo.<\/p>\n<p><strong>Valores nutricionais por 100g:\u00a0<\/strong><\/p>\n<p>Energia:1396.9kj\/333kcal; L\u00edpidos: 17.5g, dos quais saturados: 9.2g; Hidratos de carbono: 37.3g, dos quais a\u00e7\u00facares: 5.9g; Fibra: 1.5g; Prote\u00ednas: 6g; Sal: 0.6g.<\/p>\n<p>&nbsp;<\/p>\n","protected":false},"excerpt":{"rendered":"<p>1.10\u20ac\/Unid<\/p>\n","protected":false},"featured_media":27772,"comment_status":"closed","ping_status":"closed","template":"","meta":{"_themeisle_gutenberg_block_has_review":false},"product_brand":[],"product_cat":[598,666],"product_tag":[],"woo-feed-brand":[],"class_list":{"0":"post-27771","1":"product","2":"type-product","3":"status-publish","4":"has-post-thumbnail","6":"product_cat-padaria-pastelaria","7":"product_cat-pastelaria","8":"ts_product_brand-fabrica-pastelaria-confetaria-de-s-silvestre","10":"first","11":"instock","12":"taxable","13":"shipping-taxable","14":"purchasable","15":"product-type-simple"},"_links":{"self":[{"href":"https:\/\/www.ateti.pt\/loja\/wp-json\/wp\/v2\/product\/27771","targetHints":{"allow":["GET"]}}],"collection":[{"href":"https:\/\/www.ateti.pt\/loja\/wp-json\/wp\/v2\/product"}],"about":[{"href":"https:\/\/www.ateti.pt\/loja\/wp-json\/wp\/v2\/types\/product"}],"replies":[{"embeddable":true,"href":"https:\/\/www.ateti.pt\/loja\/wp-json\/wp\/v2\/comments?post=27771"}],"wp:featuredmedia":[{"embeddable":true,"href":"https:\/\/www.ateti.pt\/loja\/wp-json\/wp\/v2\/media\/27772"}],"wp:attachment":[{"href":"https:\/\/www.ateti.pt\/loja\/wp-json\/wp\/v2\/media?parent=27771"}],"wp:term":[{"taxonomy":"product_brand","embeddable":true,"href":"https:\/\/www.ateti.pt\/loja\/wp-json\/wp\/v2\/product_brand?post=27771"},{"taxonomy":"product_cat","embeddable":true,"href":"https:\/\/www.ateti.pt\/loja\/wp-json\/wp\/v2\/product_cat?post=27771"},{"taxonomy":"product_tag","embeddable":true,"href":"https:\/\/www.ateti.pt\/loja\/wp-json\/wp\/v2\/product_tag?post=27771"},{"taxonomy":"woo-feed-brand","embeddable":true,"href":"https:\/\/www.ateti.pt\/loja\/wp-json\/wp\/v2\/woo-feed-brand?post=27771"}],"curies":[{"name":"wp","href":"https:\/\/api.w.org\/{rel}","templated":true}]}}