{"id":27717,"date":"2021-03-26T12:22:42","date_gmt":"2021-03-26T11:22:42","guid":{"rendered":"https:\/\/www.ateti.pt\/loja\/?post_type=product&#038;p=27717"},"modified":"2023-05-10T16:58:28","modified_gmt":"2023-05-10T15:58:28","slug":"feijao-branco-cozido-lata-meps-25kg","status":"publish","type":"product","link":"https:\/\/www.ateti.pt\/loja\/produto\/feijao-branco-cozido-lata-meps-25kg\/","title":{"rendered":"Feij\u00e3o Branco Cozido Lata Meps 2.5Kg"},"content":{"rendered":"<p><strong>Feij\u00e3o Branco Cozido Lata Meps<\/strong><\/p>\n<p>Produto normalmente usado em diversas receitas culin\u00e1rias.<\/p>\n<p><strong>Quantidade:<\/strong> 2,5Kg<\/p>\n<p><strong>Ingredientes:<\/strong><\/p>\n<p>Feij\u00e3o branco, \u00e1gua e sal.<\/p>\n<p><strong>Valores nutricionais por 100 g de produto:<\/strong><\/p>\n<p>Energia: 334 kj\/80 kcal; L\u00edpidos: 0,8 g, dos quais saturados: 0,2 g; Hidratos de carbono: 9,4 g, dos quais a\u00e7\u00facares: 1,0 g; Fibra: 7,5 g; Prote\u00ednas: 5,7 g; Sal:0,51 g.<\/p>\n<p><strong>Informa\u00e7\u00f5es gerais do produto:<\/strong><\/p>\n<p>Deve conservar o seu Feij\u00e3o Branco Cozido Lata Meps 2.5Kg num local seco e que esteja \u00e0 temperatura ambiente.<br \/>\nDepois do produto estar aberto, este deve manter-se no frigor\u00edfico.<\/p>\n<p><strong>Produtor:<\/strong><\/p>\n<p>Maria Em\u00edlia Pereira Soares &amp; Filhos, Lda., Rua da Agrela, Bou\u00e7as, Apartado 278, 4824-909 Fafe, Portugal<\/p>\n<p><strong>Modo de prepara\u00e7\u00e3o do produto:<\/strong><\/p>\n<p>O Feij\u00e3o Branco Cozido em Lata de 2.5 Kg est\u00e1 pronto a consumir, deve apenas escorrer completamente o l\u00edquido e lavar o produto com \u00e1gua corrente.<\/p>\n<p><strong>Sugest\u00e3o de Receita de feij\u00e3o branco, chouri\u00e7o e ervas:<\/strong><\/p>\n<p>Ingredientes:<\/p>\n<p>chouri\u00e7o tradicional<br \/>\nlata de feij\u00e3o branco<br \/>\n1 cenoura<br \/>\n1 tomate aos cubos<br \/>\n1 folha de louro<br \/>\n1 cebola picada<br \/>\n1 dente de alho picado<br \/>\nAzeite q.b.<br \/>\nSal q.b.<br \/>\n1c. de sopa de ervas finas<\/p>\n<p>Prepara\u00e7\u00e3o:<\/p>\n<p>1 &#8211; Refogar a cebola com um fio de azeite, juntamente com o dente de alho e a folha de louro. Deixe alguns minutos em lume brando at\u00e9 verificar que a cebola est\u00e1 a ficar transl\u00facida.<\/p>\n<p>2 &#8211; Corte o chouri\u00e7o \u00e0s rodelas, junte ao refogado e deixe corar um pouco<\/p>\n<p>3 &#8211; Adicione o tomate em cubos pequenos, assim como a cenoura com\u00a0 fatias finas. Deixe refogar. Ao fim de 3 minutos, junte o feij\u00e3o, envolva bem, tempere a gosto com sal e com ervas finas.<\/p>\n<p>4 &#8211; Caso verifique que \u00e9 necess\u00e1rio pode colocar um pouco de \u00e1gua e deixe mais uns minutos.<\/p>\n<p>Experimente esta receita e bom apetite!<\/p>\n<p>Para ver mais produtos como este v\u00e1 a <a href=\"https:\/\/www.ateti.pt\/loja\/categoria\/ate-ti-negocios\/alimentacao-office\/enlatados\/\" target=\"_blank\" rel=\"noopener\">Enlatados<\/a> na Categoria At\u00e9 Ti Neg\u00f3cios.<\/p>\n<p>Pode ainda encontrar no At\u00e9 Ti produtos com descontos at\u00e9 50% na Categoria\u00a0<a href=\"https:\/\/www.ateti.pt\/loja\/categoria\/outlet-ate-50\/\" target=\"_blank\" rel=\"noopener\">Outlet ate 50%<\/a>.<\/p>\n<p>Fa\u00e7a as suas compras no seu supermercado online At\u00e9 Ti e receba a sua encomenda comodamente em casa, no trabalho ou onde quiser.<\/p>\n<div id=\"jp-relatedposts\" class=\"jp-relatedposts\">\n<div class=\"jp-relatedposts-items jp-relatedposts-items-minimal jp-relatedposts-grid \">\n<p class=\"jp-relatedposts-post jp-relatedposts-post0\" data-post-id=\"264\" data-post-format=\"false\">\n<\/div>\n<\/div>\n","protected":false},"excerpt":{"rendered":"<p>1,67\u20ac\/Kg<\/p>\n<p>Feij\u00e3o Branco Cozido Lata Meps 2.5Kg \u00e9 um produto normalmente usado em diversas receitas culin\u00e1rias.<\/p>\n","protected":false},"featured_media":27718,"comment_status":"closed","ping_status":"closed","template":"","meta":{"_themeisle_gutenberg_block_has_review":false},"product_brand":[],"product_cat":[542,250,690],"product_tag":[],"woo-feed-brand":[],"class_list":{"0":"post-27717","1":"product","2":"type-product","3":"status-publish","4":"has-post-thumbnail","6":"product_cat-alimentacao-office","7":"product_cat-ate-ti-negocios","8":"product_cat-enlatados","9":"ts_product_brand-meps","11":"first","12":"instock","13":"sale","14":"taxable","15":"shipping-taxable","16":"purchasable","17":"product-type-simple"},"_links":{"self":[{"href":"https:\/\/www.ateti.pt\/loja\/wp-json\/wp\/v2\/product\/27717","targetHints":{"allow":["GET"]}}],"collection":[{"href":"https:\/\/www.ateti.pt\/loja\/wp-json\/wp\/v2\/product"}],"about":[{"href":"https:\/\/www.ateti.pt\/loja\/wp-json\/wp\/v2\/types\/product"}],"replies":[{"embeddable":true,"href":"https:\/\/www.ateti.pt\/loja\/wp-json\/wp\/v2\/comments?post=27717"}],"wp:featuredmedia":[{"embeddable":true,"href":"https:\/\/www.ateti.pt\/loja\/wp-json\/wp\/v2\/media\/27718"}],"wp:attachment":[{"href":"https:\/\/www.ateti.pt\/loja\/wp-json\/wp\/v2\/media?parent=27717"}],"wp:term":[{"taxonomy":"product_brand","embeddable":true,"href":"https:\/\/www.ateti.pt\/loja\/wp-json\/wp\/v2\/product_brand?post=27717"},{"taxonomy":"product_cat","embeddable":true,"href":"https:\/\/www.ateti.pt\/loja\/wp-json\/wp\/v2\/product_cat?post=27717"},{"taxonomy":"product_tag","embeddable":true,"href":"https:\/\/www.ateti.pt\/loja\/wp-json\/wp\/v2\/product_tag?post=27717"},{"taxonomy":"woo-feed-brand","embeddable":true,"href":"https:\/\/www.ateti.pt\/loja\/wp-json\/wp\/v2\/woo-feed-brand?post=27717"}],"curies":[{"name":"wp","href":"https:\/\/api.w.org\/{rel}","templated":true}]}}