{"id":27637,"date":"2021-03-25T19:13:42","date_gmt":"2021-03-25T18:13:42","guid":{"rendered":"https:\/\/www.ateti.pt\/loja\/?post_type=product&#038;p=27637"},"modified":"2026-04-07T16:07:20","modified_gmt":"2026-04-07T15:07:20","slug":"preservativos-durex-natural-12un","status":"publish","type":"product","link":"https:\/\/www.ateti.pt\/loja\/produto\/preservativos-durex-natural-12un\/","title":{"rendered":"Preservativos Natural 6un Durex"},"content":{"rendered":"<p><strong>Preservativos Natural Durex<\/strong><\/p>\n<p><strong>Quantidade:<\/strong> 6un<\/p>\n<p>Preservativos Natural Durex para um conforto total em tamanho regular. Lembra-te que nenhum m\u00e9todo contraceptivo funciona a 100% contra a gravidez, o HIV ou as infe\u00e7\u00f5es sexualmente transmiss\u00edveis.<\/p>\n<p>Os preservativos podem representar um perigo de asfixia.<\/p>\n<p>Manter fora do alcance das crian\u00e7as.<\/p>\n<p><strong>Origem: <\/strong>A tua prote\u00e7\u00e3o e a do planeta s\u00e3o a nossa prioridade. Esfor\u00e7\u00e1mo-nos para garantir uma extra\u00e7\u00e3o respons\u00e1vel do l\u00e1tex, que beneficia as comunidades locais.<\/p>\n<p><strong>A qualidade Durex:\u00a0<\/strong>Todos os nossos preservativos s\u00e3o 100% eletronicamente testados e passam por 5 testes de qualidade. Dermatologicamente testado.<\/p>\n<p><strong>Antes de Usar:\u00a0<\/strong>Utiliza apenas lubrificantes recomendados para uso com preservativos. Para sexo anal usa lubrifica\u00e7\u00e3o adicional no exterior do preservativo (n\u00e3o uses lovers connect).<\/p>\n<p><strong>Reciclagem:\u00a0<\/strong>Podes reciclar esta embalagem mas n\u00e3o o conte\u00fado do interior. Deita o preservativo usado e o seu inv\u00f3lucro no lixo. N\u00e3o deites na sanita.<\/p>\n<p>Guardar em local fresco.<\/p>\n<p>Veja mais em <a href=\"https:\/\/www.ateti.pt\/loja\/categoria\/higiene-e-limpeza\/higiene\/\">Higiene<\/a><\/p>\n","protected":false},"excerpt":{"rendered":"<p>0.71\u20ac\/un<\/p>\n","protected":false},"featured_media":63760,"comment_status":"closed","ping_status":"closed","template":"","meta":{"_themeisle_gutenberg_block_has_review":false},"product_brand":[],"product_cat":[203,190,699],"product_tag":[],"woo-feed-brand":[],"class_list":{"0":"post-27637","1":"product","2":"type-product","3":"status-publish","4":"has-post-thumbnail","6":"product_cat-beleza-e-higiene","7":"product_cat-desinfetantes-e-limpeza","8":"product_cat-preservativos","9":"ts_product_brand-durex","11":"first","12":"instock","13":"taxable","14":"shipping-taxable","15":"purchasable","16":"product-type-simple"},"_links":{"self":[{"href":"https:\/\/www.ateti.pt\/loja\/wp-json\/wp\/v2\/product\/27637","targetHints":{"allow":["GET"]}}],"collection":[{"href":"https:\/\/www.ateti.pt\/loja\/wp-json\/wp\/v2\/product"}],"about":[{"href":"https:\/\/www.ateti.pt\/loja\/wp-json\/wp\/v2\/types\/product"}],"replies":[{"embeddable":true,"href":"https:\/\/www.ateti.pt\/loja\/wp-json\/wp\/v2\/comments?post=27637"}],"wp:featuredmedia":[{"embeddable":true,"href":"https:\/\/www.ateti.pt\/loja\/wp-json\/wp\/v2\/media\/63760"}],"wp:attachment":[{"href":"https:\/\/www.ateti.pt\/loja\/wp-json\/wp\/v2\/media?parent=27637"}],"wp:term":[{"taxonomy":"product_brand","embeddable":true,"href":"https:\/\/www.ateti.pt\/loja\/wp-json\/wp\/v2\/product_brand?post=27637"},{"taxonomy":"product_cat","embeddable":true,"href":"https:\/\/www.ateti.pt\/loja\/wp-json\/wp\/v2\/product_cat?post=27637"},{"taxonomy":"product_tag","embeddable":true,"href":"https:\/\/www.ateti.pt\/loja\/wp-json\/wp\/v2\/product_tag?post=27637"},{"taxonomy":"woo-feed-brand","embeddable":true,"href":"https:\/\/www.ateti.pt\/loja\/wp-json\/wp\/v2\/woo-feed-brand?post=27637"}],"curies":[{"name":"wp","href":"https:\/\/api.w.org\/{rel}","templated":true}]}}