{"id":27617,"date":"2021-03-25T17:57:51","date_gmt":"2021-03-25T16:57:51","guid":{"rendered":"https:\/\/www.ateti.pt\/loja\/?post_type=product&#038;p=27617"},"modified":"2025-12-12T15:17:47","modified_gmt":"2025-12-12T15:17:47","slug":"pensos-higienicos-incontinencia-boutique-ausonia-discreet-8un","status":"publish","type":"product","link":"https:\/\/www.ateti.pt\/loja\/produto\/pensos-higienicos-incontinencia-boutique-ausonia-discreet-8un\/","title":{"rendered":"Pensos Higi\u00e9nicos Incontin\u00eancia Extra Boutique Ausonia Discreet 8un"},"content":{"rendered":"<h5>Pensos Higi\u00e9nicos Incontin\u00eancia Ausonia<\/h5>\n<p>Quantidade: 8un<\/p>\n<p>RAPIDDRY + ODOURLOCK<\/p>\n<p>Transforma o l\u00edquido em gel. Mant\u00e9m-se no lugar. Dupla barreira prote\u00e7\u00e3o leackguards.<\/p>\n<p>Cont\u00e9m um ligeiro aroma.<\/p>\n<p>Veja mais em <a href=\"https:\/\/www.ateti.pt\/loja\/categoria\/higiene-e-limpeza\/higiene\/higiene-feminina\/\">Higiene Feminina<\/a><\/p>\n","protected":false},"excerpt":{"rendered":"<p>0.36\u20ac\/un<\/p>\n","protected":false},"featured_media":56880,"comment_status":"closed","ping_status":"closed","template":"","meta":{"_themeisle_gutenberg_block_has_review":false},"product_brand":[],"product_cat":[203,230],"product_tag":[],"woo-feed-brand":[],"class_list":{"0":"post-27617","1":"product","2":"type-product","3":"status-publish","4":"has-post-thumbnail","6":"product_cat-beleza-e-higiene","7":"product_cat-higiene-feminina","8":"ts_product_brand-ausonia","10":"first","11":"instock","12":"taxable","13":"shipping-taxable","14":"purchasable","15":"product-type-simple"},"_links":{"self":[{"href":"https:\/\/www.ateti.pt\/loja\/wp-json\/wp\/v2\/product\/27617","targetHints":{"allow":["GET"]}}],"collection":[{"href":"https:\/\/www.ateti.pt\/loja\/wp-json\/wp\/v2\/product"}],"about":[{"href":"https:\/\/www.ateti.pt\/loja\/wp-json\/wp\/v2\/types\/product"}],"replies":[{"embeddable":true,"href":"https:\/\/www.ateti.pt\/loja\/wp-json\/wp\/v2\/comments?post=27617"}],"wp:featuredmedia":[{"embeddable":true,"href":"https:\/\/www.ateti.pt\/loja\/wp-json\/wp\/v2\/media\/56880"}],"wp:attachment":[{"href":"https:\/\/www.ateti.pt\/loja\/wp-json\/wp\/v2\/media?parent=27617"}],"wp:term":[{"taxonomy":"product_brand","embeddable":true,"href":"https:\/\/www.ateti.pt\/loja\/wp-json\/wp\/v2\/product_brand?post=27617"},{"taxonomy":"product_cat","embeddable":true,"href":"https:\/\/www.ateti.pt\/loja\/wp-json\/wp\/v2\/product_cat?post=27617"},{"taxonomy":"product_tag","embeddable":true,"href":"https:\/\/www.ateti.pt\/loja\/wp-json\/wp\/v2\/product_tag?post=27617"},{"taxonomy":"woo-feed-brand","embeddable":true,"href":"https:\/\/www.ateti.pt\/loja\/wp-json\/wp\/v2\/woo-feed-brand?post=27617"}],"curies":[{"name":"wp","href":"https:\/\/api.w.org\/{rel}","templated":true}]}}