{"id":276,"date":"2024-12-18T18:30:54","date_gmt":"2024-12-18T18:30:54","guid":{"rendered":"https:\/\/www.ateti.pt\/loja\/?post_type=product&#038;p=276"},"modified":"2025-02-12T10:46:44","modified_gmt":"2025-02-12T10:46:44","slug":"nestle-chocolate-de-leite-extra-fino-50gr","status":"publish","type":"product","link":"https:\/\/www.ateti.pt\/loja\/produto\/nestle-chocolate-de-leite-extra-fino-50gr\/","title":{"rendered":"Chocolate de Leite Extrafino 50g Nestl\u00e9"},"content":{"rendered":"<p>Chocolate de Leite Extra Nestl\u00e9 Fino 50g, tablete de cremoso chocolate de leite Nestl\u00e9 em formato extrafino.\u00a0Sem aromas artificiais. Produzido com leite fresco colhido diariamente e com cacau sustent\u00e1vel proveniente do Nestl\u00e9 Cocoa Plan.<\/p>\n<p><strong>Quantidade:<\/strong> 50g<\/p>\n<p><strong>Ingredientes:\u00a0<\/strong><\/p>\n<p>A\u00e7\u00facar,\u00a0manteiga\u00a0de cacau,\u00a0leite\u00a0(18,1%), cacau, soro de\u00a0leite\u00a0em p\u00f3, emulsionante (lecitina de girassol), aroma natural de baunilha. Pode conter vest\u00edgios de\u00a0frutos secos de casca rija.\u00a0Cacau 30% m\u00ednimo.\u00a0Sem gl\u00faten.<\/p>\n<p><strong>Valores nutricionais por 100 g de produto:<\/strong> Energia: 542 kcal; L\u00edpidos: 31.1 g, dos quais saturadas: 17.9 g; Hidratos de Carbono: 58.4 g, dos quais a\u00e7\u00facares: 57.5 g; Fibra: 1.8g; Prote\u00ednas: 6.3 g; Sal: 0.3 g.<\/p>\n<p><strong>Informa\u00e7\u00f5es gerais:<\/strong><\/p>\n<p>Deve conservar o seu Chocolate de Leite Extra Nestl\u00e9 Fino 50g num local fresco e seco.<\/p>\n<p>&nbsp;<\/p>\n<p>Veja mais em\u00a0<a href=\"https:\/\/www.ateti.pt\/loja\/categoria\/ate-ti-negocios\/alimentacao-office\/chocolates-bolachas\/\" target=\"_blank\" rel=\"noopener\">Chocolates e Bolacha<\/a>s na Categoria At\u00e9 Ti Neg\u00f3cios.<\/p>\n<p>Pode ainda encontrar no At\u00e9 Ti produtos com descontos at\u00e9 50% na Categoria\u00a0<a href=\"https:\/\/www.ateti.pt\/loja\/categoria\/outlet-ate-50\/\" target=\"_blank\" rel=\"noopener\">Outlet ate 50%<\/a>.<\/p>\n<p>Fa\u00e7a as suas compras no seu supermercado online At\u00e9 Ti e receba a sua encomenda comodamente em casa, no trabalho ou onde quiser.<\/p>\n<div class=\"row\">\n<div class=\"col-xs-6 pull-left\"><\/div>\n<\/div>\n","protected":false},"excerpt":{"rendered":"<p>15,80\u20ac\/kg<\/p>\n<h3>Descri\u00e7\u00e3o<\/h3>\n<p>Tablete de cremoso chocolate de leite Nestl\u00e9 em formato pequeno. Sem aromas artificiais.<\/p>\n","protected":false},"featured_media":61726,"comment_status":"closed","ping_status":"closed","template":"","meta":{"_themeisle_gutenberg_block_has_review":false},"product_brand":[],"product_cat":[542,250,688,25,144,132],"product_tag":[],"woo-feed-brand":[],"class_list":{"0":"post-276","1":"product","2":"type-product","3":"status-publish","4":"has-post-thumbnail","6":"product_cat-alimentacao-office","7":"product_cat-ate-ti-negocios","8":"product_cat-chocolates-bolachas","9":"product_cat-chocolates","10":"product_cat-chocolates-biscoitos-e-cereais","11":"product_cat-mercearia","12":"ts_product_brand-nestle","14":"first","15":"instock","16":"taxable","17":"shipping-taxable","18":"purchasable","19":"product-type-simple"},"_links":{"self":[{"href":"https:\/\/www.ateti.pt\/loja\/wp-json\/wp\/v2\/product\/276","targetHints":{"allow":["GET"]}}],"collection":[{"href":"https:\/\/www.ateti.pt\/loja\/wp-json\/wp\/v2\/product"}],"about":[{"href":"https:\/\/www.ateti.pt\/loja\/wp-json\/wp\/v2\/types\/product"}],"replies":[{"embeddable":true,"href":"https:\/\/www.ateti.pt\/loja\/wp-json\/wp\/v2\/comments?post=276"}],"wp:featuredmedia":[{"embeddable":true,"href":"https:\/\/www.ateti.pt\/loja\/wp-json\/wp\/v2\/media\/61726"}],"wp:attachment":[{"href":"https:\/\/www.ateti.pt\/loja\/wp-json\/wp\/v2\/media?parent=276"}],"wp:term":[{"taxonomy":"product_brand","embeddable":true,"href":"https:\/\/www.ateti.pt\/loja\/wp-json\/wp\/v2\/product_brand?post=276"},{"taxonomy":"product_cat","embeddable":true,"href":"https:\/\/www.ateti.pt\/loja\/wp-json\/wp\/v2\/product_cat?post=276"},{"taxonomy":"product_tag","embeddable":true,"href":"https:\/\/www.ateti.pt\/loja\/wp-json\/wp\/v2\/product_tag?post=276"},{"taxonomy":"woo-feed-brand","embeddable":true,"href":"https:\/\/www.ateti.pt\/loja\/wp-json\/wp\/v2\/woo-feed-brand?post=276"}],"curies":[{"name":"wp","href":"https:\/\/api.w.org\/{rel}","templated":true}]}}