{"id":27515,"date":"2021-03-24T18:14:47","date_gmt":"2021-03-24T17:14:47","guid":{"rendered":"https:\/\/www.ateti.pt\/loja\/?post_type=product&#038;p=27515"},"modified":"2025-10-29T16:21:55","modified_gmt":"2025-10-29T16:21:55","slug":"tampa-forma-aluminio-oval-2400ml-100un","status":"publish","type":"product","link":"https:\/\/www.ateti.pt\/loja\/produto\/tampa-forma-aluminio-oval-2400ml-100un\/","title":{"rendered":"Tampa Forma Alum\u00ednio Oval 2400ml 100un"},"content":{"rendered":"<h5>Tampa Forma Alum\u00ednio Oval 2400ml<\/h5>\n<p><strong>Quantidade:<\/strong> 100un.<\/p>\n<p>Embalagens de alum\u00ednio ou pl\u00e1stico para restaurantes, para take away e entregas ao domic\u00edlio. Embalagens resistentes, pr\u00e1ticas e perfeitas para transportar refei\u00e7\u00f5es.<br \/>\nV\u00e1rios modelos e capacidades no supermercado online At\u00e9 Ti.<\/p>\n<p>Veja mais em <a href=\"https:\/\/www.ateti.pt\/loja\/categoria\/ate-ti-negocios\/\">At\u00e9 Ti Neg\u00f3cios<\/a><\/p>\n","protected":false},"excerpt":{"rendered":"<p>0.05\u20ac\/un.<\/p>\n","protected":false},"featured_media":60549,"comment_status":"closed","ping_status":"closed","template":"","meta":{"_themeisle_gutenberg_block_has_review":false},"product_brand":[],"product_cat":[250,682],"product_tag":[],"woo-feed-brand":[],"class_list":{"0":"post-27515","1":"product","2":"type-product","3":"status-publish","4":"has-post-thumbnail","6":"product_cat-ate-ti-negocios","7":"product_cat-embalagens-take-away","9":"first","10":"instock","11":"sale","12":"taxable","13":"shipping-taxable","14":"purchasable","15":"product-type-simple"},"_links":{"self":[{"href":"https:\/\/www.ateti.pt\/loja\/wp-json\/wp\/v2\/product\/27515","targetHints":{"allow":["GET"]}}],"collection":[{"href":"https:\/\/www.ateti.pt\/loja\/wp-json\/wp\/v2\/product"}],"about":[{"href":"https:\/\/www.ateti.pt\/loja\/wp-json\/wp\/v2\/types\/product"}],"replies":[{"embeddable":true,"href":"https:\/\/www.ateti.pt\/loja\/wp-json\/wp\/v2\/comments?post=27515"}],"wp:featuredmedia":[{"embeddable":true,"href":"https:\/\/www.ateti.pt\/loja\/wp-json\/wp\/v2\/media\/60549"}],"wp:attachment":[{"href":"https:\/\/www.ateti.pt\/loja\/wp-json\/wp\/v2\/media?parent=27515"}],"wp:term":[{"taxonomy":"product_brand","embeddable":true,"href":"https:\/\/www.ateti.pt\/loja\/wp-json\/wp\/v2\/product_brand?post=27515"},{"taxonomy":"product_cat","embeddable":true,"href":"https:\/\/www.ateti.pt\/loja\/wp-json\/wp\/v2\/product_cat?post=27515"},{"taxonomy":"product_tag","embeddable":true,"href":"https:\/\/www.ateti.pt\/loja\/wp-json\/wp\/v2\/product_tag?post=27515"},{"taxonomy":"woo-feed-brand","embeddable":true,"href":"https:\/\/www.ateti.pt\/loja\/wp-json\/wp\/v2\/woo-feed-brand?post=27515"}],"curies":[{"name":"wp","href":"https:\/\/api.w.org\/{rel}","templated":true}]}}