{"id":27471,"date":"2021-03-24T13:53:22","date_gmt":"2021-03-24T12:53:22","guid":{"rendered":"https:\/\/www.ateti.pt\/loja\/?post_type=product&#038;p=27471"},"modified":"2026-02-11T12:49:55","modified_gmt":"2026-02-11T12:49:55","slug":"rolo-termico-para-impressao-57x40x11-s-bpa-10un","status":"publish","type":"product","link":"https:\/\/www.ateti.pt\/loja\/produto\/rolo-termico-para-impressao-57x40x11-s-bpa-10un\/","title":{"rendered":"Rolo T\u00e9rmico para Impress\u00e3o 10un."},"content":{"rendered":"<h5>Rolo T\u00e9rmico para Impress\u00e3o 57x40x11 S\/BPA<\/h5>\n<p><strong>Tamanho:\u00a0<\/strong> 57x40x11<\/p>\n<p><strong>Quantidade:\u00a0<\/strong>10un.<\/p>\n<p>Aqui encontra variados produtos para a sua empresa, escrit\u00f3rio, neg\u00f3cio. Aos melhores pre\u00e7os. Encomende online no Supermercado At\u00e9 Ti.<\/p>\n<p>Veja mais em <a href=\"https:\/\/www.ateti.pt\/loja\/categoria\/ate-ti-negocios\/\">At\u00e9 Ti Neg\u00f3cios<\/a><\/p>\n","protected":false},"excerpt":{"rendered":"<p>0.59\u20ac\/un.<\/p>\n","protected":false},"featured_media":60536,"comment_status":"closed","ping_status":"closed","template":"","meta":{"_themeisle_gutenberg_block_has_review":false},"product_brand":[],"product_cat":[250,815],"product_tag":[],"woo-feed-brand":[],"class_list":{"0":"post-27471","1":"product","2":"type-product","3":"status-publish","4":"has-post-thumbnail","6":"product_cat-ate-ti-negocios","7":"product_cat-papelaria-e-consumiveis","9":"first","10":"instock","11":"taxable","12":"shipping-taxable","13":"purchasable","14":"product-type-simple"},"_links":{"self":[{"href":"https:\/\/www.ateti.pt\/loja\/wp-json\/wp\/v2\/product\/27471","targetHints":{"allow":["GET"]}}],"collection":[{"href":"https:\/\/www.ateti.pt\/loja\/wp-json\/wp\/v2\/product"}],"about":[{"href":"https:\/\/www.ateti.pt\/loja\/wp-json\/wp\/v2\/types\/product"}],"replies":[{"embeddable":true,"href":"https:\/\/www.ateti.pt\/loja\/wp-json\/wp\/v2\/comments?post=27471"}],"wp:featuredmedia":[{"embeddable":true,"href":"https:\/\/www.ateti.pt\/loja\/wp-json\/wp\/v2\/media\/60536"}],"wp:attachment":[{"href":"https:\/\/www.ateti.pt\/loja\/wp-json\/wp\/v2\/media?parent=27471"}],"wp:term":[{"taxonomy":"product_brand","embeddable":true,"href":"https:\/\/www.ateti.pt\/loja\/wp-json\/wp\/v2\/product_brand?post=27471"},{"taxonomy":"product_cat","embeddable":true,"href":"https:\/\/www.ateti.pt\/loja\/wp-json\/wp\/v2\/product_cat?post=27471"},{"taxonomy":"product_tag","embeddable":true,"href":"https:\/\/www.ateti.pt\/loja\/wp-json\/wp\/v2\/product_tag?post=27471"},{"taxonomy":"woo-feed-brand","embeddable":true,"href":"https:\/\/www.ateti.pt\/loja\/wp-json\/wp\/v2\/woo-feed-brand?post=27471"}],"curies":[{"name":"wp","href":"https:\/\/api.w.org\/{rel}","templated":true}]}}