{"id":27456,"date":"2021-03-24T13:26:08","date_gmt":"2021-03-24T12:26:08","guid":{"rendered":"https:\/\/www.ateti.pt\/loja\/?post_type=product&#038;p=27456"},"modified":"2026-02-11T12:54:51","modified_gmt":"2026-02-11T12:54:51","slug":"saco-lixo-preto-50l-optilight-10un","status":"publish","type":"product","link":"https:\/\/www.ateti.pt\/loja\/produto\/saco-lixo-preto-50l-optilight-10un\/","title":{"rendered":"Saco Lixo 50L 10un Optilight"},"content":{"rendered":"<h5>Saco Lixo 50L Optilight<\/h5>\n<p><strong>Capacidade:<\/strong> 50L<\/p>\n<p><strong>Quantidade:\u00a0<\/strong>10un.<\/p>\n<p>Aqui encontra todos os produtos que precisa para manter a sua higiene. Aos melhores pre\u00e7os. Encomende j\u00e1 para a sua empresa, neg\u00f3cio, escrit\u00f3rio.<\/p>\n<p>Compre online no supermercado At\u00e9 Ti.<\/p>\n<p>Veja mais em <a href=\"https:\/\/www.ateti.pt\/loja\/categoria\/ate-ti-negocios\/\">At\u00e9 Ti Neg\u00f3cios<\/a><\/p>\n","protected":false},"excerpt":{"rendered":"<p>0.11\u20ac\/un.<\/p>\n","protected":false},"featured_media":56884,"comment_status":"closed","ping_status":"closed","template":"","meta":{"_themeisle_gutenberg_block_has_review":false},"product_brand":[],"product_cat":[192,250,190,681,543,815],"product_tag":[],"woo-feed-brand":[],"class_list":{"0":"post-27456","1":"product","2":"type-product","3":"status-publish","4":"has-post-thumbnail","6":"product_cat-acessorios-de-cozinha-casa-de-banho","7":"product_cat-ate-ti-negocios","8":"product_cat-desinfetantes-e-limpeza","9":"product_cat-limpeza-higiene-e-limpeza-office","10":"product_cat-limpeza-higiene","11":"product_cat-papelaria-e-consumiveis","12":"ts_product_brand-optilight","14":"first","15":"instock","16":"taxable","17":"shipping-taxable","18":"purchasable","19":"product-type-simple"},"_links":{"self":[{"href":"https:\/\/www.ateti.pt\/loja\/wp-json\/wp\/v2\/product\/27456","targetHints":{"allow":["GET"]}}],"collection":[{"href":"https:\/\/www.ateti.pt\/loja\/wp-json\/wp\/v2\/product"}],"about":[{"href":"https:\/\/www.ateti.pt\/loja\/wp-json\/wp\/v2\/types\/product"}],"replies":[{"embeddable":true,"href":"https:\/\/www.ateti.pt\/loja\/wp-json\/wp\/v2\/comments?post=27456"}],"wp:featuredmedia":[{"embeddable":true,"href":"https:\/\/www.ateti.pt\/loja\/wp-json\/wp\/v2\/media\/56884"}],"wp:attachment":[{"href":"https:\/\/www.ateti.pt\/loja\/wp-json\/wp\/v2\/media?parent=27456"}],"wp:term":[{"taxonomy":"product_brand","embeddable":true,"href":"https:\/\/www.ateti.pt\/loja\/wp-json\/wp\/v2\/product_brand?post=27456"},{"taxonomy":"product_cat","embeddable":true,"href":"https:\/\/www.ateti.pt\/loja\/wp-json\/wp\/v2\/product_cat?post=27456"},{"taxonomy":"product_tag","embeddable":true,"href":"https:\/\/www.ateti.pt\/loja\/wp-json\/wp\/v2\/product_tag?post=27456"},{"taxonomy":"woo-feed-brand","embeddable":true,"href":"https:\/\/www.ateti.pt\/loja\/wp-json\/wp\/v2\/woo-feed-brand?post=27456"}],"curies":[{"name":"wp","href":"https:\/\/api.w.org\/{rel}","templated":true}]}}