{"id":27342,"date":"2021-06-16T17:28:45","date_gmt":"2021-06-16T16:28:45","guid":{"rendered":"https:\/\/www.ateti.pt\/loja\/?post_type=product&#038;p=27342"},"modified":"2023-10-06T10:36:47","modified_gmt":"2023-10-06T09:36:47","slug":"ambientador-primavera-750ml","status":"publish","type":"product","link":"https:\/\/www.ateti.pt\/loja\/produto\/ambientador-primavera-750ml\/","title":{"rendered":"Ambientador Primavera 750ml"},"content":{"rendered":"<h5>Ambientador Primavera<\/h5>\n<p><strong>Quantidade:<\/strong> 750ml<\/p>\n<p>D\u00ea um toque especial \u00e0 sua empresa, escrit\u00f3rio, loja, restaurante com o Ambientador Primavera &#8211; Alo\u00e9 Vera! O seu local de trabalho perfumado com o Ambientador Primavera traz uma sensa\u00e7\u00e3o de paz.<\/p>\n<p>Veja mais em <a href=\"https:\/\/www.ateti.pt\/loja\/categoria\/office\/\">Office<\/a><\/p>\n","protected":false},"excerpt":{"rendered":"<p>9.99\u20ac\/lt<\/p>\n","protected":false},"featured_media":56859,"comment_status":"closed","ping_status":"closed","template":"","meta":{"_themeisle_gutenberg_block_has_review":false},"product_brand":[],"product_cat":[250,681,543],"product_tag":[],"woo-feed-brand":[],"class_list":{"0":"post-27342","1":"product","2":"type-product","3":"status-publish","4":"has-post-thumbnail","6":"product_cat-ate-ti-negocios","7":"product_cat-limpeza-higiene-e-limpeza-office","8":"product_cat-limpeza-higiene","10":"first","11":"instock","12":"sale","13":"taxable","14":"shipping-taxable","15":"purchasable","16":"product-type-simple"},"_links":{"self":[{"href":"https:\/\/www.ateti.pt\/loja\/wp-json\/wp\/v2\/product\/27342","targetHints":{"allow":["GET"]}}],"collection":[{"href":"https:\/\/www.ateti.pt\/loja\/wp-json\/wp\/v2\/product"}],"about":[{"href":"https:\/\/www.ateti.pt\/loja\/wp-json\/wp\/v2\/types\/product"}],"replies":[{"embeddable":true,"href":"https:\/\/www.ateti.pt\/loja\/wp-json\/wp\/v2\/comments?post=27342"}],"wp:featuredmedia":[{"embeddable":true,"href":"https:\/\/www.ateti.pt\/loja\/wp-json\/wp\/v2\/media\/56859"}],"wp:attachment":[{"href":"https:\/\/www.ateti.pt\/loja\/wp-json\/wp\/v2\/media?parent=27342"}],"wp:term":[{"taxonomy":"product_brand","embeddable":true,"href":"https:\/\/www.ateti.pt\/loja\/wp-json\/wp\/v2\/product_brand?post=27342"},{"taxonomy":"product_cat","embeddable":true,"href":"https:\/\/www.ateti.pt\/loja\/wp-json\/wp\/v2\/product_cat?post=27342"},{"taxonomy":"product_tag","embeddable":true,"href":"https:\/\/www.ateti.pt\/loja\/wp-json\/wp\/v2\/product_tag?post=27342"},{"taxonomy":"woo-feed-brand","embeddable":true,"href":"https:\/\/www.ateti.pt\/loja\/wp-json\/wp\/v2\/woo-feed-brand?post=27342"}],"curies":[{"name":"wp","href":"https:\/\/api.w.org\/{rel}","templated":true}]}}