{"id":27266,"date":"2021-03-22T17:31:24","date_gmt":"2021-03-22T16:31:24","guid":{"rendered":"https:\/\/www.ateti.pt\/loja\/?post_type=product&#038;p=27266"},"modified":"2024-12-11T12:34:57","modified_gmt":"2024-12-11T12:34:57","slug":"tamara-c-caroco-frutorra-200g","status":"publish","type":"product","link":"https:\/\/www.ateti.pt\/loja\/produto\/tamara-c-caroco-frutorra-200g\/","title":{"rendered":"T\u00e2mara C\/ Caro\u00e7o Frutorra 200g"},"content":{"rendered":"<h5>T\u00e2mara C\/ Caro\u00e7o Frutorra<\/h5>\n<p><strong>Quantidade:\u00a0<\/strong>200g<\/p>\n<p><strong>Ingredientes:<\/strong> T\u00e2mara com caro\u00e7o e conservante: sorbato de pot\u00e1ssio.<\/p>\n<p>Pode conter amendoim, frutos de casca rija, cereais que cont\u00e9m gl\u00faten, leite, soja, sulfitos e sementes de s\u00e9samo.<\/p>\n<p><strong>Conserva\u00e7\u00e3o:<\/strong> Conservar em local seco e fresco e proteger da luz.<\/p>\n<p><strong>Valores nutricionais por 100g de produto:<\/strong> Energia: 1205kj\/285kcal; L\u00edpidos: 1g, dos quais saturados: 0.4g; Hidratos e carbono: 64g, dos quais a\u00e7\u00facares: 60g; Fibra: 6.6g; Prote\u00ednas: 2.1g; Sal: 0.04g.<\/p>\n<p>Veja mais em <a href=\"https:\/\/www.ateti.pt\/loja\/categoria\/frutas-e-legumes\/frutossecos\/\">Frutos Secos<\/a><\/p>\n","protected":false},"excerpt":{"rendered":"<p>7.45\u20ac\/kg<\/p>\n","protected":false},"featured_media":56885,"comment_status":"closed","ping_status":"closed","template":"","meta":{"_themeisle_gutenberg_block_has_review":false},"product_brand":[],"product_cat":[197],"product_tag":[],"woo-feed-brand":[],"class_list":{"0":"post-27266","1":"product","2":"type-product","3":"status-publish","4":"has-post-thumbnail","6":"product_cat-frutossecos","7":"ts_product_brand-frutorra","9":"first","10":"instock","11":"taxable","12":"shipping-taxable","13":"purchasable","14":"product-type-simple"},"_links":{"self":[{"href":"https:\/\/www.ateti.pt\/loja\/wp-json\/wp\/v2\/product\/27266","targetHints":{"allow":["GET"]}}],"collection":[{"href":"https:\/\/www.ateti.pt\/loja\/wp-json\/wp\/v2\/product"}],"about":[{"href":"https:\/\/www.ateti.pt\/loja\/wp-json\/wp\/v2\/types\/product"}],"replies":[{"embeddable":true,"href":"https:\/\/www.ateti.pt\/loja\/wp-json\/wp\/v2\/comments?post=27266"}],"wp:featuredmedia":[{"embeddable":true,"href":"https:\/\/www.ateti.pt\/loja\/wp-json\/wp\/v2\/media\/56885"}],"wp:attachment":[{"href":"https:\/\/www.ateti.pt\/loja\/wp-json\/wp\/v2\/media?parent=27266"}],"wp:term":[{"taxonomy":"product_brand","embeddable":true,"href":"https:\/\/www.ateti.pt\/loja\/wp-json\/wp\/v2\/product_brand?post=27266"},{"taxonomy":"product_cat","embeddable":true,"href":"https:\/\/www.ateti.pt\/loja\/wp-json\/wp\/v2\/product_cat?post=27266"},{"taxonomy":"product_tag","embeddable":true,"href":"https:\/\/www.ateti.pt\/loja\/wp-json\/wp\/v2\/product_tag?post=27266"},{"taxonomy":"woo-feed-brand","embeddable":true,"href":"https:\/\/www.ateti.pt\/loja\/wp-json\/wp\/v2\/woo-feed-brand?post=27266"}],"curies":[{"name":"wp","href":"https:\/\/api.w.org\/{rel}","templated":true}]}}