{"id":27183,"date":"2021-03-19T17:50:32","date_gmt":"2021-03-19T16:50:32","guid":{"rendered":"https:\/\/www.ateti.pt\/loja\/?post_type=product&#038;p=27183"},"modified":"2026-02-24T10:55:16","modified_gmt":"2026-02-24T10:55:16","slug":"resguardo-6090cm-20un-sabanindas","status":"publish","type":"product","link":"https:\/\/www.ateti.pt\/loja\/produto\/resguardo-6090cm-20un-sabanindas\/","title":{"rendered":"Resguardo 60*90cm Sabanindas 20un"},"content":{"rendered":"<h5>Resguardo 60*90cm Sabanindas<\/h5>\n<p>Quantidade: 20un<\/p>\n<p>Protetor absorvente que mant\u00e9m a pele afastada da humidade, reduzindo o risco de dermatites e ulcera\u00e7\u00f5es. Especial doentes acamados e crian\u00e7as com unerese. Coloque o resguardo absorvente e sentido transversal.<\/p>\n<p>Estrutura romb\u00f3ide que facilita a difus\u00e3o de l\u00edquidos que impedem encharcamento. Consist\u00eancia fornece o corpo absorvente. Camada lisa de tecido de filtro, que capta a humidade da pele. Superf\u00edcie de celulose absorvente que fornece prote\u00e7\u00e3o, grande absor\u00e7\u00e3o e resist\u00eancia. Polietileno n\u00e3o-derrapante macio imperme\u00e1vel.<\/p>\n<p>Veja mais em <a href=\"https:\/\/www.ateti.pt\/loja\/categoria\/bebe-crianca\/higiene-bebe-crianca\/\">Beb\u00e9 e Crian\u00e7a<\/a><\/p>\n","protected":false},"excerpt":{"rendered":"<p>0,65\u20ac\/un<\/p>\n","protected":false},"featured_media":56889,"comment_status":"closed","ping_status":"closed","template":"","meta":{"_themeisle_gutenberg_block_has_review":false},"product_brand":[],"product_cat":[214,227],"product_tag":[],"woo-feed-brand":[],"class_list":{"0":"post-27183","1":"product","2":"type-product","3":"status-publish","4":"has-post-thumbnail","6":"product_cat-bebe-crianca","7":"product_cat-higiene-bebe-crianca","8":"ts_product_brand-sabanindas","10":"first","11":"instock","12":"taxable","13":"shipping-taxable","14":"purchasable","15":"product-type-simple"},"_links":{"self":[{"href":"https:\/\/www.ateti.pt\/loja\/wp-json\/wp\/v2\/product\/27183","targetHints":{"allow":["GET"]}}],"collection":[{"href":"https:\/\/www.ateti.pt\/loja\/wp-json\/wp\/v2\/product"}],"about":[{"href":"https:\/\/www.ateti.pt\/loja\/wp-json\/wp\/v2\/types\/product"}],"replies":[{"embeddable":true,"href":"https:\/\/www.ateti.pt\/loja\/wp-json\/wp\/v2\/comments?post=27183"}],"wp:featuredmedia":[{"embeddable":true,"href":"https:\/\/www.ateti.pt\/loja\/wp-json\/wp\/v2\/media\/56889"}],"wp:attachment":[{"href":"https:\/\/www.ateti.pt\/loja\/wp-json\/wp\/v2\/media?parent=27183"}],"wp:term":[{"taxonomy":"product_brand","embeddable":true,"href":"https:\/\/www.ateti.pt\/loja\/wp-json\/wp\/v2\/product_brand?post=27183"},{"taxonomy":"product_cat","embeddable":true,"href":"https:\/\/www.ateti.pt\/loja\/wp-json\/wp\/v2\/product_cat?post=27183"},{"taxonomy":"product_tag","embeddable":true,"href":"https:\/\/www.ateti.pt\/loja\/wp-json\/wp\/v2\/product_tag?post=27183"},{"taxonomy":"woo-feed-brand","embeddable":true,"href":"https:\/\/www.ateti.pt\/loja\/wp-json\/wp\/v2\/woo-feed-brand?post=27183"}],"curies":[{"name":"wp","href":"https:\/\/api.w.org\/{rel}","templated":true}]}}