{"id":27170,"date":"2021-03-19T17:08:16","date_gmt":"2021-03-19T16:08:16","guid":{"rendered":"https:\/\/www.ateti.pt\/loja\/?post_type=product&#038;p=27170"},"modified":"2026-04-03T10:23:50","modified_gmt":"2026-04-03T09:23:50","slug":"cachaca-51-brazil-70cl","status":"publish","type":"product","link":"https:\/\/www.ateti.pt\/loja\/produto\/cachaca-51-brazil-70cl\/","title":{"rendered":"Cacha\u00e7a 51 Brazil 70cl"},"content":{"rendered":"<h5>Cacha\u00e7a 51 Brazil<\/h5>\n<p>Quantidade: 70cl<\/p>\n<p>\u00c1lcool: 39% vol.<\/p>\n<blockquote><p><strong>A mais brasileira das cacha\u00e7as<\/strong><br \/>\nFeita para ser apreciada em doses, drinks e at\u00e9 mesmo em receitas gastron\u00f3micas. Cada etapa do processo produtivo da cacha\u00e7a \u00e9 feito cuidadosamente pela 51. Desde o preparo do solo, passando pela escolha da cana at\u00e9 a destila\u00e7\u00e3o. Sabor, aroma e equil\u00edbrio, que une excel\u00eancia, boas pr\u00e1ticas e sustentabilidade.<\/p><\/blockquote>\n<p>Veja mais em <a href=\"https:\/\/www.ateti.pt\/loja\/categoria\/bebidas\/garrafeira\/\">Garrafeira<\/a><\/p>\n","protected":false},"excerpt":{"rendered":"<p>17,13\u20ac\/Lt<\/p>\n","protected":false},"featured_media":27178,"comment_status":"closed","ping_status":"closed","template":"","meta":{"_themeisle_gutenberg_block_has_review":false},"product_brand":[],"product_cat":[158,739,627],"product_tag":[],"woo-feed-brand":[],"class_list":{"0":"post-27170","1":"product","2":"type-product","3":"status-publish","4":"has-post-thumbnail","6":"product_cat-bebidas","7":"product_cat-bebidas-de-natal","8":"product_cat-licores-espirituosas","10":"first","11":"instock","12":"sale","13":"taxable","14":"shipping-taxable","15":"purchasable","16":"product-type-simple"},"_links":{"self":[{"href":"https:\/\/www.ateti.pt\/loja\/wp-json\/wp\/v2\/product\/27170","targetHints":{"allow":["GET"]}}],"collection":[{"href":"https:\/\/www.ateti.pt\/loja\/wp-json\/wp\/v2\/product"}],"about":[{"href":"https:\/\/www.ateti.pt\/loja\/wp-json\/wp\/v2\/types\/product"}],"replies":[{"embeddable":true,"href":"https:\/\/www.ateti.pt\/loja\/wp-json\/wp\/v2\/comments?post=27170"}],"wp:featuredmedia":[{"embeddable":true,"href":"https:\/\/www.ateti.pt\/loja\/wp-json\/wp\/v2\/media\/27178"}],"wp:attachment":[{"href":"https:\/\/www.ateti.pt\/loja\/wp-json\/wp\/v2\/media?parent=27170"}],"wp:term":[{"taxonomy":"product_brand","embeddable":true,"href":"https:\/\/www.ateti.pt\/loja\/wp-json\/wp\/v2\/product_brand?post=27170"},{"taxonomy":"product_cat","embeddable":true,"href":"https:\/\/www.ateti.pt\/loja\/wp-json\/wp\/v2\/product_cat?post=27170"},{"taxonomy":"product_tag","embeddable":true,"href":"https:\/\/www.ateti.pt\/loja\/wp-json\/wp\/v2\/product_tag?post=27170"},{"taxonomy":"woo-feed-brand","embeddable":true,"href":"https:\/\/www.ateti.pt\/loja\/wp-json\/wp\/v2\/woo-feed-brand?post=27170"}],"curies":[{"name":"wp","href":"https:\/\/api.w.org\/{rel}","templated":true}]}}