{"id":27133,"date":"2021-03-19T12:48:25","date_gmt":"2021-03-19T11:48:25","guid":{"rendered":"https:\/\/www.ateti.pt\/loja\/?post_type=product&#038;p=27133"},"modified":"2026-04-15T16:16:32","modified_gmt":"2026-04-15T15:16:32","slug":"champo-anticaspa-classico-hs-340ml","status":"publish","type":"product","link":"https:\/\/www.ateti.pt\/loja\/produto\/champo-anticaspa-classico-hs-340ml\/","title":{"rendered":"Champ\u00f4 Anticaspa Cl\u00e1ssico 300ml H&amp;S"},"content":{"rendered":"<h5><strong>Champ\u00f4 Anticaspa Cl\u00e1ssico H&amp;S<\/strong><\/h5>\n<p>Quantidade: 340ml<\/p>\n<p>A f\u00f3rmula Derma&amp;Pure Action atua no couro cabeludo tendo por alvo a causa de origem da caspa, para uma prote\u00e7\u00e3o at\u00e9 72 horas contra escama\u00e7\u00e3o, comich\u00e3o e secura.<\/p>\n<p>Testado dermatologicamente.<\/p>\n<p>Embalagem fabricada com 40% de pl\u00e1stico reciclado.<\/p>\n<p><strong>Modo de utiliza\u00e7\u00e3o:<\/strong><\/p>\n<p>Para melhores resultados, utilize com o condicionador h&amp;s, que hidrata em profundidade o seu cabelo e couro cabeludo dando-lhe uma cabelo bonito, livre de aspa e leve.<\/p>\n<p>Veja mais em <a href=\"https:\/\/www.ateti.pt\/loja\/categoria\/higiene-e-limpeza\/higiene\/cabelo\/\">Cabelo<\/a><\/p>\n<p>&nbsp;<\/p>\n","protected":false},"excerpt":{"rendered":"<p>14,09\u20ac\/lt<\/p>\n","protected":false},"featured_media":61023,"comment_status":"closed","ping_status":"closed","template":"","meta":{"_themeisle_gutenberg_block_has_review":false},"product_brand":[],"product_cat":[203,211,190],"product_tag":[],"woo-feed-brand":[],"class_list":{"0":"post-27133","1":"product","2":"type-product","3":"status-publish","4":"has-post-thumbnail","6":"product_cat-beleza-e-higiene","7":"product_cat-cabelo","8":"product_cat-desinfetantes-e-limpeza","9":"ts_product_brand-hs","11":"first","12":"instock","13":"taxable","14":"shipping-taxable","15":"purchasable","16":"product-type-simple"},"_links":{"self":[{"href":"https:\/\/www.ateti.pt\/loja\/wp-json\/wp\/v2\/product\/27133","targetHints":{"allow":["GET"]}}],"collection":[{"href":"https:\/\/www.ateti.pt\/loja\/wp-json\/wp\/v2\/product"}],"about":[{"href":"https:\/\/www.ateti.pt\/loja\/wp-json\/wp\/v2\/types\/product"}],"replies":[{"embeddable":true,"href":"https:\/\/www.ateti.pt\/loja\/wp-json\/wp\/v2\/comments?post=27133"}],"wp:featuredmedia":[{"embeddable":true,"href":"https:\/\/www.ateti.pt\/loja\/wp-json\/wp\/v2\/media\/61023"}],"wp:attachment":[{"href":"https:\/\/www.ateti.pt\/loja\/wp-json\/wp\/v2\/media?parent=27133"}],"wp:term":[{"taxonomy":"product_brand","embeddable":true,"href":"https:\/\/www.ateti.pt\/loja\/wp-json\/wp\/v2\/product_brand?post=27133"},{"taxonomy":"product_cat","embeddable":true,"href":"https:\/\/www.ateti.pt\/loja\/wp-json\/wp\/v2\/product_cat?post=27133"},{"taxonomy":"product_tag","embeddable":true,"href":"https:\/\/www.ateti.pt\/loja\/wp-json\/wp\/v2\/product_tag?post=27133"},{"taxonomy":"woo-feed-brand","embeddable":true,"href":"https:\/\/www.ateti.pt\/loja\/wp-json\/wp\/v2\/woo-feed-brand?post=27133"}],"curies":[{"name":"wp","href":"https:\/\/api.w.org\/{rel}","templated":true}]}}