{"id":26978,"date":"2021-03-18T12:47:34","date_gmt":"2021-03-18T11:47:34","guid":{"rendered":"https:\/\/www.ateti.pt\/loja\/?post_type=product&#038;p=26978"},"modified":"2025-05-14T09:51:51","modified_gmt":"2025-05-14T08:51:51","slug":"limpa-placas-vitroceramica-e-inducao-amanhecer-500ml","status":"publish","type":"product","link":"https:\/\/www.ateti.pt\/loja\/produto\/limpa-placas-vitroceramica-e-inducao-amanhecer-500ml\/","title":{"rendered":"Limpa Placas Vitrocer\u00e2mica e Indu\u00e7\u00e3o Amanhecer 500ml"},"content":{"rendered":"<h5><strong>Desengordurante para Placas em Vitrocer\u00e2mica e de Indu\u00e7\u00e3o<\/strong><\/h5>\n<p>Limpeza e Brilho!<\/p>\n<p>Quantidade: 500ml<\/p>\n<p><strong>Modo de Emprego: <\/strong>Colocar o doseador na posi\u00e7\u00e3o de pulveriza\u00e7\u00e3o. Deixar arrefecer a superf\u00edcie a limpar. Pulverizar directamente sobre a superf\u00edcie a limpar. Deixar actuar alguns segundos antes de passar com uma esponja ou pano h\u00famido. Para obter um brilho mais intenso, no final da opera\u00e7\u00e3o de limpeza dever\u00e1 secar a superf\u00edcie com um pano seco. Em caso de sujidade dif\u00edcil e\/ou ressequida, repetir a opera\u00e7\u00e3o. No final da opera\u00e7\u00e3o de limpeza, colocar o doseador na posi\u00e7\u00e3o de fechado.<\/p>\n<p><strong>Conselhos de Utiliza\u00e7\u00e3o:\u00a0<\/strong>N\u00e3o aplicar o produto sobre superf\u00edcies pintadas.<\/p>\n<p><strong>Ingredientes:\u00a0<\/strong>Inferior a 5%: Tensoativos ani\u00f3nicos. Perfumes(LINALOOL), Conservantes(METHYLISOTHIAZOLINONE, BENZISPTHIAZOLINOZE).<\/p>\n<p>Pode provocar uma rea\u00e7\u00e3o al\u00e9rgica cut\u00e2nea. Provoca irrita\u00e7\u00e3o ocular grave.<\/p>\n<p>Manter fora do alcance das crian\u00e7as.<\/p>\n<p>Se entrar em contacto com os olhos: enxaguar cuidadosamente com \u00e1gua durante v\u00e1rios minutos.<\/p>\n<p>Veja mais em <a href=\"https:\/\/www.ateti.pt\/loja\/categoria\/higiene-e-limpeza\/limpeza\/cozinha\/\">Limpeza<\/a><\/p>\n<p>&nbsp;<\/p>\n","protected":false},"excerpt":{"rendered":"<p>5,38\u20ac\/lt<\/p>\n","protected":false},"featured_media":46908,"comment_status":"closed","ping_status":"closed","template":"","meta":{"_themeisle_gutenberg_block_has_review":false},"product_brand":[],"product_cat":[209,190,204],"product_tag":[],"woo-feed-brand":[],"class_list":{"0":"post-26978","1":"product","2":"type-product","3":"status-publish","4":"has-post-thumbnail","6":"product_cat-cozinha","7":"product_cat-desinfetantes-e-limpeza","8":"product_cat-limpeza","9":"ts_product_brand-amanhecer","11":"first","12":"instock","13":"taxable","14":"shipping-taxable","15":"purchasable","16":"product-type-simple"},"_links":{"self":[{"href":"https:\/\/www.ateti.pt\/loja\/wp-json\/wp\/v2\/product\/26978","targetHints":{"allow":["GET"]}}],"collection":[{"href":"https:\/\/www.ateti.pt\/loja\/wp-json\/wp\/v2\/product"}],"about":[{"href":"https:\/\/www.ateti.pt\/loja\/wp-json\/wp\/v2\/types\/product"}],"replies":[{"embeddable":true,"href":"https:\/\/www.ateti.pt\/loja\/wp-json\/wp\/v2\/comments?post=26978"}],"wp:featuredmedia":[{"embeddable":true,"href":"https:\/\/www.ateti.pt\/loja\/wp-json\/wp\/v2\/media\/46908"}],"wp:attachment":[{"href":"https:\/\/www.ateti.pt\/loja\/wp-json\/wp\/v2\/media?parent=26978"}],"wp:term":[{"taxonomy":"product_brand","embeddable":true,"href":"https:\/\/www.ateti.pt\/loja\/wp-json\/wp\/v2\/product_brand?post=26978"},{"taxonomy":"product_cat","embeddable":true,"href":"https:\/\/www.ateti.pt\/loja\/wp-json\/wp\/v2\/product_cat?post=26978"},{"taxonomy":"product_tag","embeddable":true,"href":"https:\/\/www.ateti.pt\/loja\/wp-json\/wp\/v2\/product_tag?post=26978"},{"taxonomy":"woo-feed-brand","embeddable":true,"href":"https:\/\/www.ateti.pt\/loja\/wp-json\/wp\/v2\/woo-feed-brand?post=26978"}],"curies":[{"name":"wp","href":"https:\/\/api.w.org\/{rel}","templated":true}]}}