{"id":26955,"date":"2021-03-18T11:34:54","date_gmt":"2021-03-18T10:34:54","guid":{"rendered":"https:\/\/www.ateti.pt\/loja\/?post_type=product&#038;p=26955"},"modified":"2025-05-14T10:08:44","modified_gmt":"2025-05-14T09:08:44","slug":"snacks-multivitaminas-cao-adulto-activpet-140g","status":"publish","type":"product","link":"https:\/\/www.ateti.pt\/loja\/produto\/snacks-multivitaminas-cao-adulto-activpet-140g\/","title":{"rendered":"Snacks Multivitaminas C\u00e3o Adulto ActivPet 140g"},"content":{"rendered":"<h5><strong>Snacks Multivitaminas com Vitamina E C\u00e3o Adulto<\/strong><\/h5>\n<p>Quantidade: 140g<\/p>\n<p><strong>Composi\u00e7\u00e3o:\u00a0<\/strong>Cereais, carnes e subprodutos animais (frango 10% e vaca 4%), \u00f3leos e gorduras, conservantes, corantes e aromas.<\/p>\n<p>Constituintes anal\u00edticos(valores m\u00e9dios por 100g): Prote\u00edna Bruta: 19%; Gordura Bruta: 4.5%; Fibra Bruta: 1%; Mat\u00e9ria Inorg\u00e2nica:10%; Humidade: 16%.<\/p>\n<p><strong>Modo de emprego:\u00a0<\/strong>Os snacks para c\u00e3o multivitaminas s\u00e3o deliciosos e podem ser usados como complemento \u00e1 alimenta\u00e7\u00e3o do seu c\u00e3o , como recompensa pela pr\u00e1tica de exerc\u00edcio f\u00edsico do animal.<\/p>\n<p>Tenha aten\u00e7\u00e3o pois o excesso de guloseimas e falta de exerc\u00edcio pode levar ao excesso de peso do seu c\u00e3o.<\/p>\n<p>Sirva o produto tal e qual, a qualquer altura do dia .<\/p>\n<p>Tenha sempre \u00e1gua limpa e fresca \u00e1 disposi\u00e7\u00e3o do sue c\u00e3o.<\/p>\n<p>N\u00e3o recomendado para c\u00e3es com menos de 4 meses.<\/p>\n<p>Conservar o produto ao abrigo da luz solar, em local seco e fresco. Ap\u00f3s cada utiliza\u00e7\u00e3o, manter a embalagem fechada corretamente de modo a conservar todas as carater\u00edsticas do produto.<\/p>\n<p>Veja mais em <a href=\"https:\/\/www.ateti.pt\/loja\/categoria\/animais\/\">Animais<\/a><\/p>\n","protected":false},"excerpt":{"rendered":"<p>14.21\u20ac\/kg<\/p>\n","protected":false},"featured_media":42348,"comment_status":"closed","ping_status":"closed","template":"","meta":{"_themeisle_gutenberg_block_has_review":false},"product_brand":[],"product_cat":[234,235],"product_tag":[],"woo-feed-brand":[],"class_list":{"0":"post-26955","1":"product","2":"type-product","3":"status-publish","4":"has-post-thumbnail","6":"product_cat-animais","7":"product_cat-caes","8":"ts_product_brand-activpet","10":"first","11":"instock","12":"taxable","13":"shipping-taxable","14":"purchasable","15":"product-type-simple"},"_links":{"self":[{"href":"https:\/\/www.ateti.pt\/loja\/wp-json\/wp\/v2\/product\/26955","targetHints":{"allow":["GET"]}}],"collection":[{"href":"https:\/\/www.ateti.pt\/loja\/wp-json\/wp\/v2\/product"}],"about":[{"href":"https:\/\/www.ateti.pt\/loja\/wp-json\/wp\/v2\/types\/product"}],"replies":[{"embeddable":true,"href":"https:\/\/www.ateti.pt\/loja\/wp-json\/wp\/v2\/comments?post=26955"}],"wp:featuredmedia":[{"embeddable":true,"href":"https:\/\/www.ateti.pt\/loja\/wp-json\/wp\/v2\/media\/42348"}],"wp:attachment":[{"href":"https:\/\/www.ateti.pt\/loja\/wp-json\/wp\/v2\/media?parent=26955"}],"wp:term":[{"taxonomy":"product_brand","embeddable":true,"href":"https:\/\/www.ateti.pt\/loja\/wp-json\/wp\/v2\/product_brand?post=26955"},{"taxonomy":"product_cat","embeddable":true,"href":"https:\/\/www.ateti.pt\/loja\/wp-json\/wp\/v2\/product_cat?post=26955"},{"taxonomy":"product_tag","embeddable":true,"href":"https:\/\/www.ateti.pt\/loja\/wp-json\/wp\/v2\/product_tag?post=26955"},{"taxonomy":"woo-feed-brand","embeddable":true,"href":"https:\/\/www.ateti.pt\/loja\/wp-json\/wp\/v2\/woo-feed-brand?post=26955"}],"curies":[{"name":"wp","href":"https:\/\/api.w.org\/{rel}","templated":true}]}}