{"id":268,"date":"2020-01-08T12:45:07","date_gmt":"2020-01-08T11:45:07","guid":{"rendered":"https:\/\/www.ateti.pt\/loja\/?post_type=product&#038;p=268"},"modified":"2026-01-26T15:56:03","modified_gmt":"2026-01-26T15:56:03","slug":"chocolate-preto-regina-extra-noir-20gr","status":"publish","type":"product","link":"https:\/\/www.ateti.pt\/loja\/produto\/chocolate-preto-regina-extra-noir-20gr\/","title":{"rendered":"Chocolate Preto Extra Noir 20g Regina (25-04-2026)"},"content":{"rendered":"<p>Chocolate Preto Extra Noir Regina 20g, j\u00e1 provaram a tablete Extra Noir 70% da Regina? Al\u00e9m de deliciosa faz bem \u00e0 sa\u00fade, e n\u00e3o precisa de receita m\u00e9dica!<\/p>\n<p><strong>Quantidade:<\/strong> 20g<\/p>\n<p><strong>Ingredientes:\u00a0<\/strong><\/p>\n<p>Pasta de cacau, a\u00e7\u00facar, manteiga de cacau, manteiga concentrada, emulsionante (lecitina de soja) e aroma (baunilha). Cacau: m\u00ednimo de 70%. Cont\u00e9m leite e produtos \u00e0 base de leite e soja. Pode conter vest\u00edgios de amendoim, frutos de casca rija e cereais que cont\u00eam gl\u00faten. Cont\u00e9m Leite, Soja. Pode conter vest\u00edgios de Amendoins, Frutos de casca rija, Cereais que cont\u00eam gl\u00faten.<\/p>\n<p><strong>Valores nutricionais por 100 g de produto:<\/strong><\/p>\n<p>Energia: 2440 kj \/ 585 kcal; l\u00edpidos: 35 g, dos quais \u00e1cidos gordos saturados: 22 g; hidratos de carbono: 58 g; fibras: 3 g; prote\u00ednas: 8 g; sal: 0,2 g;<\/p>\n<p><strong>Informa\u00e7\u00f5es gerais:<\/strong><\/p>\n<p>Deve conservar o seu Chocolate Preto Extra Noir Regina 20g num local fresco e seco.<\/p>\n<p>&nbsp;<\/p>\n<p>Veja mais em\u00a0<a href=\"https:\/\/www.ateti.pt\/loja\/categoria\/ate-ti-negocios\/alimentacao-office\/chocolates-bolachas\/\" target=\"_blank\" rel=\"noopener\">Chocolates e Bolacha<\/a>s na Categoria At\u00e9 Ti Neg\u00f3cios.<\/p>\n<p>Pode ainda encontrar no At\u00e9 Ti produtos com descontos at\u00e9 50% na Categoria\u00a0<a href=\"https:\/\/www.ateti.pt\/loja\/categoria\/outlet-ate-50\/\" target=\"_blank\" rel=\"noopener\">Outlet ate 50%<\/a>.<\/p>\n<p>Fa\u00e7a as suas compras no seu supermercado online At\u00e9 Ti e receba a sua encomenda comodamente em casa, no trabalho ou onde quiser.<\/p>\n<div class=\"row\">\n<div class=\"col-xs-6 pull-left\"><\/div>\n<\/div>\n","protected":false},"excerpt":{"rendered":"<p>29,50\u20ac\/kg<\/p>\n<h3>Descri\u00e7\u00e3o<\/h3>\n<p>J\u00e1 provaram a tablete Extra Noir 70% da Regina? Al\u00e9m de deliciosa faz bem \u00e0 sa\u00fade, e n\u00e3o precisa de receita m\u00e9dica!<\/p>\n","protected":false},"featured_media":60563,"comment_status":"closed","ping_status":"closed","template":"","meta":{"_themeisle_gutenberg_block_has_review":false},"product_brand":[],"product_cat":[542,250,688,25,144,132,265],"product_tag":[],"woo-feed-brand":[],"class_list":{"0":"post-268","1":"product","2":"type-product","3":"status-publish","4":"has-post-thumbnail","6":"product_cat-alimentacao-office","7":"product_cat-ate-ti-negocios","8":"product_cat-chocolates-bolachas","9":"product_cat-chocolates","10":"product_cat-chocolates-biscoitos-e-cereais","11":"product_cat-mercearia","12":"product_cat-promocoes-outlet-ate-50-desconto-supermercado-online-ate-ti","13":"ts_product_brand-regina","15":"first","16":"outofstock","17":"sale","18":"taxable","19":"shipping-taxable","20":"purchasable","21":"product-type-simple"},"_links":{"self":[{"href":"https:\/\/www.ateti.pt\/loja\/wp-json\/wp\/v2\/product\/268","targetHints":{"allow":["GET"]}}],"collection":[{"href":"https:\/\/www.ateti.pt\/loja\/wp-json\/wp\/v2\/product"}],"about":[{"href":"https:\/\/www.ateti.pt\/loja\/wp-json\/wp\/v2\/types\/product"}],"replies":[{"embeddable":true,"href":"https:\/\/www.ateti.pt\/loja\/wp-json\/wp\/v2\/comments?post=268"}],"wp:featuredmedia":[{"embeddable":true,"href":"https:\/\/www.ateti.pt\/loja\/wp-json\/wp\/v2\/media\/60563"}],"wp:attachment":[{"href":"https:\/\/www.ateti.pt\/loja\/wp-json\/wp\/v2\/media?parent=268"}],"wp:term":[{"taxonomy":"product_brand","embeddable":true,"href":"https:\/\/www.ateti.pt\/loja\/wp-json\/wp\/v2\/product_brand?post=268"},{"taxonomy":"product_cat","embeddable":true,"href":"https:\/\/www.ateti.pt\/loja\/wp-json\/wp\/v2\/product_cat?post=268"},{"taxonomy":"product_tag","embeddable":true,"href":"https:\/\/www.ateti.pt\/loja\/wp-json\/wp\/v2\/product_tag?post=268"},{"taxonomy":"woo-feed-brand","embeddable":true,"href":"https:\/\/www.ateti.pt\/loja\/wp-json\/wp\/v2\/woo-feed-brand?post=268"}],"curies":[{"name":"wp","href":"https:\/\/api.w.org\/{rel}","templated":true}]}}