{"id":26701,"date":"2021-03-16T12:04:10","date_gmt":"2021-03-16T11:04:10","guid":{"rendered":"https:\/\/www.ateti.pt\/loja\/?post_type=product&#038;p=26701"},"modified":"2023-10-06T11:46:10","modified_gmt":"2023-10-06T10:46:10","slug":"miolo-de-pevide-cru-frutorra-150g","status":"publish","type":"product","link":"https:\/\/www.ateti.pt\/loja\/produto\/miolo-de-pevide-cru-frutorra-150g\/","title":{"rendered":"Miolo de Pevide Frutorra 150g"},"content":{"rendered":"<h5><strong>Miolo de Pevide Frutorra<\/strong><\/h5>\n<p>Quantidade: 150g<\/p>\n<p><strong>Ingredientes:\u00a0<\/strong>Miolo de pevide de ab\u00f3bora cru. Pode conter amendoim, frutos de casca rija, sulfitos, cereais que cont\u00e9m gl\u00faten, soja, leite e sementes de s\u00e9samo.<\/p>\n<p><strong>Declara\u00e7\u00e3o Nutricional (por 100g):\u00a0<\/strong>Energia: 2416kj\/ 584kcal; L\u00edpidos: 48g; dos quais Saturados: 8,1g; Hidratos de Carbono: 12g; dos quais A\u00e7ucares: 1,2g; Fibra: 11g; Prote\u00ednas: 21g; Sal: 0,01g.<\/p>\n<p>Veja mais em <a href=\"https:\/\/www.ateti.pt\/loja\/categoria\/frutas-e-legumes\/frutossecos\/\">Frutos Secos<\/a><\/p>\n","protected":false},"excerpt":{"rendered":"<p>15.93\u20ac\/kg<\/p>\n","protected":false},"featured_media":56898,"comment_status":"closed","ping_status":"closed","template":"","meta":{"_themeisle_gutenberg_block_has_review":false},"product_brand":[],"product_cat":[206,197,132],"product_tag":[],"woo-feed-brand":[],"class_list":{"0":"post-26701","1":"product","2":"type-product","3":"status-publish","4":"has-post-thumbnail","6":"product_cat-aperitivos","7":"product_cat-frutossecos","8":"product_cat-mercearia","9":"ts_product_brand-frutorra","11":"first","12":"instock","13":"taxable","14":"shipping-taxable","15":"purchasable","16":"product-type-simple"},"_links":{"self":[{"href":"https:\/\/www.ateti.pt\/loja\/wp-json\/wp\/v2\/product\/26701","targetHints":{"allow":["GET"]}}],"collection":[{"href":"https:\/\/www.ateti.pt\/loja\/wp-json\/wp\/v2\/product"}],"about":[{"href":"https:\/\/www.ateti.pt\/loja\/wp-json\/wp\/v2\/types\/product"}],"replies":[{"embeddable":true,"href":"https:\/\/www.ateti.pt\/loja\/wp-json\/wp\/v2\/comments?post=26701"}],"wp:featuredmedia":[{"embeddable":true,"href":"https:\/\/www.ateti.pt\/loja\/wp-json\/wp\/v2\/media\/56898"}],"wp:attachment":[{"href":"https:\/\/www.ateti.pt\/loja\/wp-json\/wp\/v2\/media?parent=26701"}],"wp:term":[{"taxonomy":"product_brand","embeddable":true,"href":"https:\/\/www.ateti.pt\/loja\/wp-json\/wp\/v2\/product_brand?post=26701"},{"taxonomy":"product_cat","embeddable":true,"href":"https:\/\/www.ateti.pt\/loja\/wp-json\/wp\/v2\/product_cat?post=26701"},{"taxonomy":"product_tag","embeddable":true,"href":"https:\/\/www.ateti.pt\/loja\/wp-json\/wp\/v2\/product_tag?post=26701"},{"taxonomy":"woo-feed-brand","embeddable":true,"href":"https:\/\/www.ateti.pt\/loja\/wp-json\/wp\/v2\/woo-feed-brand?post=26701"}],"curies":[{"name":"wp","href":"https:\/\/api.w.org\/{rel}","templated":true}]}}