{"id":26692,"date":"2021-03-16T11:38:44","date_gmt":"2021-03-16T10:38:44","guid":{"rendered":"https:\/\/www.ateti.pt\/loja\/?post_type=product&#038;p=26692"},"modified":"2026-02-25T18:11:17","modified_gmt":"2026-02-25T18:11:17","slug":"amendoa-sem-pele-frutorra-150g","status":"publish","type":"product","link":"https:\/\/www.ateti.pt\/loja\/produto\/amendoa-sem-pele-frutorra-150g\/","title":{"rendered":"Am\u00eandoa Sem Pele 150g Frutorra"},"content":{"rendered":"<h5><strong>Am\u00eandoa Sem Pele Frutorra<\/strong><\/h5>\n<p>Quantidade: 150g<\/p>\n<p><strong>Ingredientes:\u00a0<\/strong>Am\u00eandoa crua sem pele. Pode conter amendoim, outros frutos de casca rija, sulfitos, cereais que cont\u00e9m gl\u00faten, soja, leite e sementes de s\u00e9samo.<\/p>\n<p><strong>Declara\u00e7\u00e3o Nutricional (por 100g): <\/strong>Energia: 2499kj\/ 604kcal; L\u00edpidos: 51g; dos quais Saturados: 3,9g; Hidratos de Carbono: 10g; dos quais A\u00e7ucares: 3,5g; Fibra: 12g; Prote\u00ednas: 21g; Sal: 0,02g.<\/p>\n<p>Veja mais em <a href=\"https:\/\/www.ateti.pt\/loja\/categoria\/frutas-e-legumes\/frutossecos\/\">Frutos Secos<\/a><\/p>\n","protected":false},"excerpt":{"rendered":"<p>22.6\u20ac\/kg<\/p>\n","protected":false},"featured_media":56900,"comment_status":"closed","ping_status":"closed","template":"","meta":{"_themeisle_gutenberg_block_has_review":false},"product_brand":[],"product_cat":[197],"product_tag":[],"woo-feed-brand":[],"class_list":{"0":"post-26692","1":"product","2":"type-product","3":"status-publish","4":"has-post-thumbnail","6":"product_cat-frutossecos","7":"ts_product_brand-frutorra","9":"first","10":"instock","11":"taxable","12":"shipping-taxable","13":"purchasable","14":"product-type-simple"},"_links":{"self":[{"href":"https:\/\/www.ateti.pt\/loja\/wp-json\/wp\/v2\/product\/26692","targetHints":{"allow":["GET"]}}],"collection":[{"href":"https:\/\/www.ateti.pt\/loja\/wp-json\/wp\/v2\/product"}],"about":[{"href":"https:\/\/www.ateti.pt\/loja\/wp-json\/wp\/v2\/types\/product"}],"replies":[{"embeddable":true,"href":"https:\/\/www.ateti.pt\/loja\/wp-json\/wp\/v2\/comments?post=26692"}],"wp:featuredmedia":[{"embeddable":true,"href":"https:\/\/www.ateti.pt\/loja\/wp-json\/wp\/v2\/media\/56900"}],"wp:attachment":[{"href":"https:\/\/www.ateti.pt\/loja\/wp-json\/wp\/v2\/media?parent=26692"}],"wp:term":[{"taxonomy":"product_brand","embeddable":true,"href":"https:\/\/www.ateti.pt\/loja\/wp-json\/wp\/v2\/product_brand?post=26692"},{"taxonomy":"product_cat","embeddable":true,"href":"https:\/\/www.ateti.pt\/loja\/wp-json\/wp\/v2\/product_cat?post=26692"},{"taxonomy":"product_tag","embeddable":true,"href":"https:\/\/www.ateti.pt\/loja\/wp-json\/wp\/v2\/product_tag?post=26692"},{"taxonomy":"woo-feed-brand","embeddable":true,"href":"https:\/\/www.ateti.pt\/loja\/wp-json\/wp\/v2\/woo-feed-brand?post=26692"}],"curies":[{"name":"wp","href":"https:\/\/api.w.org\/{rel}","templated":true}]}}