{"id":26682,"date":"2021-03-16T10:50:39","date_gmt":"2021-03-16T09:50:39","guid":{"rendered":"https:\/\/www.ateti.pt\/loja\/?post_type=product&#038;p=26682"},"modified":"2025-11-04T12:24:03","modified_gmt":"2025-11-04T12:24:03","slug":"amendoa-laminada-frutorra-150g","status":"publish","type":"product","link":"https:\/\/www.ateti.pt\/loja\/produto\/amendoa-laminada-frutorra-150g\/","title":{"rendered":"Am\u00eandoa Laminada 150g Frutorra"},"content":{"rendered":"<h5><strong>\u00a0Am\u00eandoa Laminada<\/strong><\/h5>\n<p>Quantidade: 150g<\/p>\n<p><strong>Ingredientes:\u00a0<\/strong>Miolo de am\u00eandoa sem pele laminada. pode conter amendoim, outros frutos de casca rija, sulfitos, cereais que cont\u00e9m gl\u00faten, soja, leite e sementes de s\u00e9samo.<\/p>\n<p><strong>Declara\u00e7\u00e3o Nutricional (por 100g):\u00a0<\/strong>Energia: 2096kj\/ 506kcal; L\u00edpidos: 36g; dos quais Saturados: 2,7g; Hidratos de Carbono: 13g; dos quais A\u00e7ucares: 0,2g; Fibra: 19g; Prote\u00ednas: 24g; Sal: 0,03g.<\/p>\n<p>Veja mais em <a href=\"https:\/\/www.ateti.pt\/loja\/categoria\/frutas-e-legumes\/frutossecos\/\">Frutos Secos<\/a><\/p>\n","protected":false},"excerpt":{"rendered":"<p>20.60\u20ac\/kg<\/p>\n","protected":false},"featured_media":56902,"comment_status":"closed","ping_status":"closed","template":"","meta":{"_themeisle_gutenberg_block_has_review":false},"product_brand":[],"product_cat":[197],"product_tag":[],"woo-feed-brand":[],"class_list":{"0":"post-26682","1":"product","2":"type-product","3":"status-publish","4":"has-post-thumbnail","6":"product_cat-frutossecos","7":"ts_product_brand-frutorra","9":"first","10":"instock","11":"taxable","12":"shipping-taxable","13":"purchasable","14":"product-type-simple"},"_links":{"self":[{"href":"https:\/\/www.ateti.pt\/loja\/wp-json\/wp\/v2\/product\/26682","targetHints":{"allow":["GET"]}}],"collection":[{"href":"https:\/\/www.ateti.pt\/loja\/wp-json\/wp\/v2\/product"}],"about":[{"href":"https:\/\/www.ateti.pt\/loja\/wp-json\/wp\/v2\/types\/product"}],"replies":[{"embeddable":true,"href":"https:\/\/www.ateti.pt\/loja\/wp-json\/wp\/v2\/comments?post=26682"}],"wp:featuredmedia":[{"embeddable":true,"href":"https:\/\/www.ateti.pt\/loja\/wp-json\/wp\/v2\/media\/56902"}],"wp:attachment":[{"href":"https:\/\/www.ateti.pt\/loja\/wp-json\/wp\/v2\/media?parent=26682"}],"wp:term":[{"taxonomy":"product_brand","embeddable":true,"href":"https:\/\/www.ateti.pt\/loja\/wp-json\/wp\/v2\/product_brand?post=26682"},{"taxonomy":"product_cat","embeddable":true,"href":"https:\/\/www.ateti.pt\/loja\/wp-json\/wp\/v2\/product_cat?post=26682"},{"taxonomy":"product_tag","embeddable":true,"href":"https:\/\/www.ateti.pt\/loja\/wp-json\/wp\/v2\/product_tag?post=26682"},{"taxonomy":"woo-feed-brand","embeddable":true,"href":"https:\/\/www.ateti.pt\/loja\/wp-json\/wp\/v2\/woo-feed-brand?post=26682"}],"curies":[{"name":"wp","href":"https:\/\/api.w.org\/{rel}","templated":true}]}}