{"id":26626,"date":"2021-03-15T19:11:17","date_gmt":"2021-03-15T18:11:17","guid":{"rendered":"https:\/\/www.ateti.pt\/loja\/?post_type=product&#038;p=26626"},"modified":"2025-05-27T09:41:23","modified_gmt":"2025-05-27T08:41:23","slug":"alperce-seco-futorra-200g","status":"publish","type":"product","link":"https:\/\/www.ateti.pt\/loja\/produto\/alperce-seco-futorra-200g\/","title":{"rendered":"Alperce Seco Frutorra 200g"},"content":{"rendered":"<h5><strong>Alperce Seco<\/strong><\/h5>\n<p><strong>Quantidade:<\/strong> 200g<\/p>\n<p><strong>Ingredientes: <\/strong>Alperce seco e di\u00f3xido de enxofre (sulfitos). Pode conter amendoim, frutos de casca rija, cereais que cont\u00e9m gl\u00faten, leite, soja e sementes de s\u00e9samo.<\/p>\n<p>conservar em local seco e fresco e proteger da luz.<\/p>\n<p><strong>Declara\u00e7\u00e3o Nutricional (por 100g):\u00a0<\/strong>Energia: 1131kj\/ 267kcal; L\u00edpidos: 1g; dos quais Saturados: 0,3g; Hidratos de Carbono: 59g; dos quais A\u00e7ucares: 40g; Fibra: 6g; Prote\u00ednas: 3g; Sal: 0,02g.<\/p>\n<p>Veja mais em <a href=\"https:\/\/www.ateti.pt\/loja\/categoria\/mercearia\/aperitivos\/\">Aperitivos<\/a><\/p>\n","protected":false},"excerpt":{"rendered":"<p>18.45\u20ac\/kg<\/p>\n","protected":false},"featured_media":56905,"comment_status":"closed","ping_status":"closed","template":"","meta":{"_themeisle_gutenberg_block_has_review":false},"product_brand":[],"product_cat":[206,197,132],"product_tag":[],"woo-feed-brand":[],"class_list":{"0":"post-26626","1":"product","2":"type-product","3":"status-publish","4":"has-post-thumbnail","6":"product_cat-aperitivos","7":"product_cat-frutossecos","8":"product_cat-mercearia","9":"ts_product_brand-frutorra","11":"first","12":"instock","13":"sale","14":"taxable","15":"shipping-taxable","16":"purchasable","17":"product-type-simple"},"_links":{"self":[{"href":"https:\/\/www.ateti.pt\/loja\/wp-json\/wp\/v2\/product\/26626","targetHints":{"allow":["GET"]}}],"collection":[{"href":"https:\/\/www.ateti.pt\/loja\/wp-json\/wp\/v2\/product"}],"about":[{"href":"https:\/\/www.ateti.pt\/loja\/wp-json\/wp\/v2\/types\/product"}],"replies":[{"embeddable":true,"href":"https:\/\/www.ateti.pt\/loja\/wp-json\/wp\/v2\/comments?post=26626"}],"wp:featuredmedia":[{"embeddable":true,"href":"https:\/\/www.ateti.pt\/loja\/wp-json\/wp\/v2\/media\/56905"}],"wp:attachment":[{"href":"https:\/\/www.ateti.pt\/loja\/wp-json\/wp\/v2\/media?parent=26626"}],"wp:term":[{"taxonomy":"product_brand","embeddable":true,"href":"https:\/\/www.ateti.pt\/loja\/wp-json\/wp\/v2\/product_brand?post=26626"},{"taxonomy":"product_cat","embeddable":true,"href":"https:\/\/www.ateti.pt\/loja\/wp-json\/wp\/v2\/product_cat?post=26626"},{"taxonomy":"product_tag","embeddable":true,"href":"https:\/\/www.ateti.pt\/loja\/wp-json\/wp\/v2\/product_tag?post=26626"},{"taxonomy":"woo-feed-brand","embeddable":true,"href":"https:\/\/www.ateti.pt\/loja\/wp-json\/wp\/v2\/woo-feed-brand?post=26626"}],"curies":[{"name":"wp","href":"https:\/\/api.w.org\/{rel}","templated":true}]}}