{"id":26622,"date":"2023-08-22T07:46:00","date_gmt":"2023-08-22T06:46:00","guid":{"rendered":"https:\/\/www.ateti.pt\/loja\/?post_type=product&#038;p=26622"},"modified":"2025-03-04T16:36:50","modified_gmt":"2025-03-04T16:36:50","slug":"ameixa-seca-com-caroco-frutorra-200g","status":"publish","type":"product","link":"https:\/\/www.ateti.pt\/loja\/produto\/ameixa-seca-com-caroco-frutorra-200g\/","title":{"rendered":"Ameixa Seca com Caro\u00e7o 200g Frutorra"},"content":{"rendered":"<p><strong>Ameixa Seca com Caro\u00e7o<\/strong><\/p>\n<p>Quantidade: 200g<\/p>\n<p><strong>Ingredientes:\u00a0<\/strong>Ameixa com caro\u00e7o e conservantes: sorbato de pot\u00e1ssio. Pode conter Amendoim , frutos de casca rija, cereais que cont\u00e9m gl\u00faten, leite, soja, sulfitos e sementes de s\u00e9samo.<\/p>\n<p>Conservar em local seco e fresco e proteger da luz.<\/p>\n<p><strong>Declara\u00e7\u00e3o Nutricional (por 100g):\u00a0<\/strong>Energia: 1056kj\/ 249kcal; L\u00edpidos: 0,8g; dos quais Saturados: 0g; Hidratos de Carbono: 56g; dos quais A\u00e7ucares: 35g; Fibra: 6g; Prote\u00ednas: 1,8g; Sal: 0,05g.<\/p>\n<p>Veja mais em <a href=\"https:\/\/www.ateti.pt\/loja\/categoria\/mercearia\/aperitivos\/\">Aperitivos<\/a><\/p>\n","protected":false},"excerpt":{"rendered":"<p>13.95\u20ac\/kg<\/p>\n","protected":false},"featured_media":58258,"comment_status":"closed","ping_status":"closed","template":"","meta":{"_themeisle_gutenberg_block_has_review":false},"product_brand":[],"product_cat":[206,197,132],"product_tag":[],"woo-feed-brand":[],"class_list":{"0":"post-26622","1":"product","2":"type-product","3":"status-publish","4":"has-post-thumbnail","6":"product_cat-aperitivos","7":"product_cat-frutossecos","8":"product_cat-mercearia","9":"ts_product_brand-frutorra","11":"first","12":"instock","13":"taxable","14":"shipping-taxable","15":"purchasable","16":"product-type-simple"},"_links":{"self":[{"href":"https:\/\/www.ateti.pt\/loja\/wp-json\/wp\/v2\/product\/26622","targetHints":{"allow":["GET"]}}],"collection":[{"href":"https:\/\/www.ateti.pt\/loja\/wp-json\/wp\/v2\/product"}],"about":[{"href":"https:\/\/www.ateti.pt\/loja\/wp-json\/wp\/v2\/types\/product"}],"replies":[{"embeddable":true,"href":"https:\/\/www.ateti.pt\/loja\/wp-json\/wp\/v2\/comments?post=26622"}],"wp:featuredmedia":[{"embeddable":true,"href":"https:\/\/www.ateti.pt\/loja\/wp-json\/wp\/v2\/media\/58258"}],"wp:attachment":[{"href":"https:\/\/www.ateti.pt\/loja\/wp-json\/wp\/v2\/media?parent=26622"}],"wp:term":[{"taxonomy":"product_brand","embeddable":true,"href":"https:\/\/www.ateti.pt\/loja\/wp-json\/wp\/v2\/product_brand?post=26622"},{"taxonomy":"product_cat","embeddable":true,"href":"https:\/\/www.ateti.pt\/loja\/wp-json\/wp\/v2\/product_cat?post=26622"},{"taxonomy":"product_tag","embeddable":true,"href":"https:\/\/www.ateti.pt\/loja\/wp-json\/wp\/v2\/product_tag?post=26622"},{"taxonomy":"woo-feed-brand","embeddable":true,"href":"https:\/\/www.ateti.pt\/loja\/wp-json\/wp\/v2\/woo-feed-brand?post=26622"}],"curies":[{"name":"wp","href":"https:\/\/api.w.org\/{rel}","templated":true}]}}