{"id":26362,"date":"2021-10-11T21:34:50","date_gmt":"2021-10-11T20:34:50","guid":{"rendered":"https:\/\/www.ateti.pt\/loja\/?post_type=product&#038;p=26362"},"modified":"2023-03-30T09:39:28","modified_gmt":"2023-03-30T08:39:28","slug":"rissol-de-atum-congelado-neutura-8un","status":"publish","type":"product","link":"https:\/\/www.ateti.pt\/loja\/produto\/rissol-de-atum-congelado-neutura-8un\/","title":{"rendered":"Rissol de Atum Congelado 8un Neutura"},"content":{"rendered":"<h5>Rissol Atum Congelado Neutura<\/h5>\n<p><strong>Quantidade:<\/strong> 8un.<\/p>\n<p><strong>Ingredientes:<\/strong><\/p>\n<p>Farinha de trigo, \u00e1gua, p\u00e3o ralado(gl\u00faten, 30%ATUM(katsuwonus pelamis), cebola, \u00f3leo de girassol, mat\u00e9rias gordas vegetais (palma de \u00f3leo de colza) parcialmente hidrogenadas, polpa de tomate( sumo e polpa de tomate concentrada, sal, regulador de acidez(\u00e1cido c\u00edtrico)), alho(sulfitos), caldo de peixe(sal, f\u00e9cula de milho, intensificador de sabor(glutamato monoss\u00f3dico), a\u00e7\u00facar, gordura vegetal parcialmente hidrogenada de palma, extrato de prote\u00ednas vegetais de soja, extrato de levedura, aroma de peixe, camar\u00e3o desidratado(2%), cebola, corantes naturais(E-150d e E-160c), especiarias(curcuma)), especiarias e plantas arom\u00e1ticas. Suscet\u00edvel de c0nter espinhas. Pode conter vest\u00edgios de ovo, leite aipo, mostarda, moluscos.<\/p>\n<p><strong>Como preparar Rissol Atum Congelado Neutura: <\/strong>Fritar sem descongelar em \u00f3leo abundante a temperaturas entre 160\u00baC e 180\u00baC, durante 5 a 8 minutos.<\/p>\n<p><strong>Valores nutricionais:\u00a0<\/strong>Energia: 849kj\/201kcal; L\u00edpidos: 4g, dos quais \u00e1cidos gordos saturados: 1.1g; Hidratos de carbono: 36g, dos quais a\u00e7\u00facares: 8g; Prote\u00ednas: 6g;Sal: 0.89g.<\/p>\n<p>Veja mais <a href=\"https:\/\/www.ateti.pt\/loja\/categoria\/congelados\/pre-cozinhados\/\">Pr\u00e9 Cozinhados Congelados<\/a><\/p>\n<p>Veja mais em <a href=\"https:\/\/neutura.pt\/\">Neutura<\/a><\/p>\n","protected":false},"excerpt":{"rendered":"<p>0.25\u20ac\/un.<\/p>\n","protected":false},"featured_media":34219,"comment_status":"open","ping_status":"closed","template":"","meta":{"_themeisle_gutenberg_block_has_review":false},"product_brand":[],"product_cat":[177,183],"product_tag":[],"woo-feed-brand":[],"class_list":{"0":"post-26362","1":"product","2":"type-product","3":"status-publish","4":"has-post-thumbnail","6":"product_cat-congelados","7":"product_cat-pre-cozinhados","8":"ts_product_brand-neutura","10":"first","11":"instock","12":"taxable","13":"shipping-taxable","14":"purchasable","15":"product-type-simple"},"_links":{"self":[{"href":"https:\/\/www.ateti.pt\/loja\/wp-json\/wp\/v2\/product\/26362","targetHints":{"allow":["GET"]}}],"collection":[{"href":"https:\/\/www.ateti.pt\/loja\/wp-json\/wp\/v2\/product"}],"about":[{"href":"https:\/\/www.ateti.pt\/loja\/wp-json\/wp\/v2\/types\/product"}],"replies":[{"embeddable":true,"href":"https:\/\/www.ateti.pt\/loja\/wp-json\/wp\/v2\/comments?post=26362"}],"wp:featuredmedia":[{"embeddable":true,"href":"https:\/\/www.ateti.pt\/loja\/wp-json\/wp\/v2\/media\/34219"}],"wp:attachment":[{"href":"https:\/\/www.ateti.pt\/loja\/wp-json\/wp\/v2\/media?parent=26362"}],"wp:term":[{"taxonomy":"product_brand","embeddable":true,"href":"https:\/\/www.ateti.pt\/loja\/wp-json\/wp\/v2\/product_brand?post=26362"},{"taxonomy":"product_cat","embeddable":true,"href":"https:\/\/www.ateti.pt\/loja\/wp-json\/wp\/v2\/product_cat?post=26362"},{"taxonomy":"product_tag","embeddable":true,"href":"https:\/\/www.ateti.pt\/loja\/wp-json\/wp\/v2\/product_tag?post=26362"},{"taxonomy":"woo-feed-brand","embeddable":true,"href":"https:\/\/www.ateti.pt\/loja\/wp-json\/wp\/v2\/woo-feed-brand?post=26362"}],"curies":[{"name":"wp","href":"https:\/\/api.w.org\/{rel}","templated":true}]}}