{"id":26241,"date":"2021-03-10T19:41:21","date_gmt":"2021-03-10T18:41:21","guid":{"rendered":"https:\/\/www.ateti.pt\/loja\/?post_type=product&#038;p=26241"},"modified":"2024-04-04T14:26:05","modified_gmt":"2024-04-04T14:26:05","slug":"lamina-recarga-mach3-4un-gillette","status":"publish","type":"product","link":"https:\/\/www.ateti.pt\/loja\/produto\/lamina-recarga-mach3-4un-gillette\/","title":{"rendered":"Lamina Mach3 Recarga 4un Gillette"},"content":{"rendered":"<h5>Lamina Recarga Mach3 Gillette<\/h5>\n<p><strong>Quantidade:\u00a0<\/strong>4un.<\/p>\n<h4>Descri\u00e7\u00e3o:<\/h4>\n<p>Desenhada com a\u00e7o de corte preciso para barbear at\u00e9 15 vezes sem trocar de l\u00e2minas<\/p>\n<h4 class=\"card-title text-navy-dark-blue font-BoldFont text-26 mdl:text-38 mb-10 mdl:mb-20 pr-50 mdl:pr-0\">3 L\u00e2minas mais resistentes que o a\u00e7o<\/h4>\n<p class=\"card-subtitle font-RegularFont text-warm-grey pr-20 mdl:pr-0 text-17 mdl:text-22 mb-40 ultarget\">Assim, uma m\u00e1quina de barbear com 3 l\u00e2minas mais fortes que o a\u00e7o que se mant\u00eam afiadas durante mais tempo para um barbear cl\u00e1ssico, suave e duradouro<\/p>\n<p>Veja mais em <a href=\"https:\/\/www.ateti.pt\/loja\/categoria\/higiene-e-limpeza\/higiene\/higiene-masculina\/\">Higiene Masculina<\/a><\/p>\n","protected":false},"excerpt":{"rendered":"<p>2.22\/un<\/p>\n","protected":false},"featured_media":56906,"comment_status":"open","ping_status":"closed","template":"","meta":{"_themeisle_gutenberg_block_has_review":false},"product_brand":[],"product_cat":[203,190,231],"product_tag":[],"woo-feed-brand":[],"class_list":{"0":"post-26241","1":"product","2":"type-product","3":"status-publish","4":"has-post-thumbnail","6":"product_cat-beleza-e-higiene","7":"product_cat-desinfetantes-e-limpeza","8":"product_cat-higiene-masculina","9":"ts_product_brand-gillete","11":"first","12":"instock","13":"taxable","14":"shipping-taxable","15":"purchasable","16":"product-type-simple"},"_links":{"self":[{"href":"https:\/\/www.ateti.pt\/loja\/wp-json\/wp\/v2\/product\/26241","targetHints":{"allow":["GET"]}}],"collection":[{"href":"https:\/\/www.ateti.pt\/loja\/wp-json\/wp\/v2\/product"}],"about":[{"href":"https:\/\/www.ateti.pt\/loja\/wp-json\/wp\/v2\/types\/product"}],"replies":[{"embeddable":true,"href":"https:\/\/www.ateti.pt\/loja\/wp-json\/wp\/v2\/comments?post=26241"}],"wp:featuredmedia":[{"embeddable":true,"href":"https:\/\/www.ateti.pt\/loja\/wp-json\/wp\/v2\/media\/56906"}],"wp:attachment":[{"href":"https:\/\/www.ateti.pt\/loja\/wp-json\/wp\/v2\/media?parent=26241"}],"wp:term":[{"taxonomy":"product_brand","embeddable":true,"href":"https:\/\/www.ateti.pt\/loja\/wp-json\/wp\/v2\/product_brand?post=26241"},{"taxonomy":"product_cat","embeddable":true,"href":"https:\/\/www.ateti.pt\/loja\/wp-json\/wp\/v2\/product_cat?post=26241"},{"taxonomy":"product_tag","embeddable":true,"href":"https:\/\/www.ateti.pt\/loja\/wp-json\/wp\/v2\/product_tag?post=26241"},{"taxonomy":"woo-feed-brand","embeddable":true,"href":"https:\/\/www.ateti.pt\/loja\/wp-json\/wp\/v2\/woo-feed-brand?post=26241"}],"curies":[{"name":"wp","href":"https:\/\/api.w.org\/{rel}","templated":true}]}}