{"id":26237,"date":"2021-03-10T19:23:28","date_gmt":"2021-03-10T18:23:28","guid":{"rendered":"https:\/\/www.ateti.pt\/loja\/?post_type=product&#038;p=26237"},"modified":"2026-03-04T18:00:17","modified_gmt":"2026-03-04T18:00:17","slug":"pasta-dentrifica-branqueadora-sensodyne-75ml","status":"publish","type":"product","link":"https:\/\/www.ateti.pt\/loja\/produto\/pasta-dentrifica-branqueadora-sensodyne-75ml\/","title":{"rendered":"Pasta Dentr\u00edfica Branqueadora 75ml Sensodyne"},"content":{"rendered":"<p><strong>Pasta Dentr\u00edfica Branqueadora Sensodyne<\/strong><\/p>\n<p><strong>Quantidade:<\/strong> 75ml<\/p>\n<h4>Descri\u00e7\u00e3o:<\/h4>\n<ul>\n<li>Al\u00edvio da dor da sensibilidade dent\u00e1ria<\/li>\n<li>Prote\u00e7\u00e3o prolongada contra a sensibilidade<\/li>\n<li>Prote\u00e7\u00e3o c\u00e1ries<\/li>\n<li>Limpeza Avan\u00e7ada<\/li>\n<li>Branqueamento<\/li>\n<\/ul>\n<p>A <strong>Pasta Dentr\u00edfica Branqueadora Sensodyne<\/strong>\u00a0tem uma formula\u00e7\u00e3o de baixa abrasividade, especialmente desenvolvida para dentes sens\u00edveis. Remove as manchas dos dentes eficazmente e de forma suave, recuperando assim o seu branco natural. Mant\u00e9m as gengivas saud\u00e1veis e fortes. Tem uma a\u00e7\u00e3o branqueadora superior vs. f\u00f3rmula anterior.<\/p>\n<p><strong>Ingredientes:<\/strong> Nitrato de Pot\u00e1ssio, Fluoreto de S\u00f3dio (0,315% p\/p, 1450ppm de Fl\u00faor), Aqua, Hydrated Silica, Sorbitol, Glycerin, Pentasodium Triphosphate, PEG-6, Alumina, Aroma, Titanium Dioxide, Sodium Methyl, Cocoyl Taurate, Cocamidopropyl Betaine, Xantham Gum, Sodium Hydroxide, Sodium Saccharin.<\/p>\n<h4>Precau\u00e7\u00f5es:<\/h4>\n<ul>\n<li>Mantenha fora do alcance das crian\u00e7as.<\/li>\n<li>N\u00e3o recomendado para as crian\u00e7as com menos de 12 anos, salvo recomenda\u00e7\u00e3o do m\u00e9dico dentista\u00a0ou m\u00e9dico.<\/li>\n<li>Os dentes sens\u00edveis podem indicar um problema subjacente que necessite de uma interven\u00e7\u00e3o r\u00e1pida por um m\u00e9dico dentista.<\/li>\n<li>Se os sintomas persistirem ou piorarem consulte o m\u00e9dico dentista.<\/li>\n<li>Se ocorrer irrita\u00e7\u00e3o, descontinue o uso da pasta.<\/li>\n<\/ul>\n<p>Veja mais em <a href=\"https:\/\/www.ateti.pt\/loja\/categoria\/higiene-e-limpeza\/higiene\/oral\/\">Higiene Oral<\/a><\/p>\n","protected":false},"excerpt":{"rendered":"<p>54.53\/lt<\/p>\n","protected":false},"featured_media":56907,"comment_status":"closed","ping_status":"closed","template":"","meta":{"_themeisle_gutenberg_block_has_review":false},"product_brand":[],"product_cat":[203,190,213],"product_tag":[],"woo-feed-brand":[],"class_list":{"0":"post-26237","1":"product","2":"type-product","3":"status-publish","4":"has-post-thumbnail","6":"product_cat-beleza-e-higiene","7":"product_cat-desinfetantes-e-limpeza","8":"product_cat-oral","9":"ts_product_brand-sensodyne","11":"first","12":"instock","13":"taxable","14":"shipping-taxable","15":"purchasable","16":"product-type-simple"},"_links":{"self":[{"href":"https:\/\/www.ateti.pt\/loja\/wp-json\/wp\/v2\/product\/26237","targetHints":{"allow":["GET"]}}],"collection":[{"href":"https:\/\/www.ateti.pt\/loja\/wp-json\/wp\/v2\/product"}],"about":[{"href":"https:\/\/www.ateti.pt\/loja\/wp-json\/wp\/v2\/types\/product"}],"replies":[{"embeddable":true,"href":"https:\/\/www.ateti.pt\/loja\/wp-json\/wp\/v2\/comments?post=26237"}],"wp:featuredmedia":[{"embeddable":true,"href":"https:\/\/www.ateti.pt\/loja\/wp-json\/wp\/v2\/media\/56907"}],"wp:attachment":[{"href":"https:\/\/www.ateti.pt\/loja\/wp-json\/wp\/v2\/media?parent=26237"}],"wp:term":[{"taxonomy":"product_brand","embeddable":true,"href":"https:\/\/www.ateti.pt\/loja\/wp-json\/wp\/v2\/product_brand?post=26237"},{"taxonomy":"product_cat","embeddable":true,"href":"https:\/\/www.ateti.pt\/loja\/wp-json\/wp\/v2\/product_cat?post=26237"},{"taxonomy":"product_tag","embeddable":true,"href":"https:\/\/www.ateti.pt\/loja\/wp-json\/wp\/v2\/product_tag?post=26237"},{"taxonomy":"woo-feed-brand","embeddable":true,"href":"https:\/\/www.ateti.pt\/loja\/wp-json\/wp\/v2\/woo-feed-brand?post=26237"}],"curies":[{"name":"wp","href":"https:\/\/api.w.org\/{rel}","templated":true}]}}