{"id":25873,"date":"2025-07-19T19:01:00","date_gmt":"2025-07-19T18:01:00","guid":{"rendered":"https:\/\/www.ateti.pt\/loja\/?post_type=product&#038;p=25873"},"modified":"2025-10-20T12:56:45","modified_gmt":"2025-10-20T11:56:45","slug":"bolacha-integral-vieira-12-un","status":"publish","type":"product","link":"https:\/\/www.ateti.pt\/loja\/produto\/bolacha-integral-vieira-12-un\/","title":{"rendered":"Bolacha Integral Doses Emb.12un x 30g Vieira"},"content":{"rendered":"<p>Bolacha Integral Doses Vieira (12 x 30g), as mais deliciosas bolachas, s\u00edmbolo de tradi\u00e7\u00e3o, qualidade e inova\u00e7\u00e3o, desde 1943. Momentos \u00fanicos de bem-estar, conveni\u00eancia e prazer para desfrutar todos os dias.<\/p>\n<p><strong>Quantidade:\u00a0<\/strong>12 x 30g<\/p>\n<p><strong>Ingredientes:<\/strong> Farinha de trigo, farinha de centeio, gordura vegetal (palma), s\u00eamea de trigo (8.3%), xarope de glucose-frutose, extrato de malte, levedantes (bicarbonato de am\u00f3nio e bicarbonato de s\u00f3dio), sal, soro de leite em p\u00f3, a\u00e7\u00facar, aroma, L-carnitina (0.16%) e antioxidante (metabissulfito de s\u00f3dio). Cont\u00e9m gl\u00faten.<\/p>\n<p>Pode conter vest\u00edgios de ovos, amendoins, sementes de s\u00e9samo, soja e frutos de casca rija.<\/p>\n<p><strong>Valores nutricionais:<\/strong> Energia: 1756kj\/417kcal; L\u00edpidos: 11.3g, dos quais saturados: 5.4g; Hidratos de carbono: 66.3g, dos quais a\u00e7\u00facares: 6.2g; Fibra: 6.8g; Prote\u00ednas: 9.2g; Sal: 2.7.<\/p>\n<p><strong>Informa\u00e7\u00f5es gerais:<\/strong><\/p>\n<p>Deve conservar a sua Bolacha Integral Doses Vieira (12 x 30g) num local seco, fresco ao abrigo da luz solar direta.<\/p>\n<p>&nbsp;<\/p>\n<p>Veja mais em <a href=\"https:\/\/www.ateti.pt\/loja\/categoria\/ate-ti-negocios\/alimentacao-office\/chocolates-bolachas\/\" target=\"_blank\" rel=\"noopener\">Chocolates e Bolacha<\/a>s na Categoria At\u00e9 Ti Neg\u00f3cios.<\/p>\n<p>Pode ainda encontrar no At\u00e9 Ti produtos com descontos at\u00e9 50% na Categoria\u00a0<a href=\"https:\/\/www.ateti.pt\/loja\/categoria\/outlet-ate-50\/\" target=\"_blank\" rel=\"noopener\">Outlet ate 50%<\/a>.<\/p>\n<p>Fa\u00e7a as suas compras no seu supermercado online At\u00e9 Ti e receba a sua encomenda comodamente em casa, no trabalho ou onde quiser.<\/p>\n","protected":false},"excerpt":{"rendered":"<p>0.25\u20ac\/un.<\/p>\n<p>Bolacha Integral Doses Vieira (12 x 30g), as mais deliciosas bolachas, s\u00edmbolo de tradi\u00e7\u00e3o, qualidade e inova\u00e7\u00e3o, desde 1943. Momentos \u00fanicos de bem-estar, conveni\u00eancia e prazer para desfrutar todos os dias.<\/p>\n","protected":false},"featured_media":56811,"comment_status":"closed","ping_status":"closed","template":"","meta":{"_themeisle_gutenberg_block_has_review":false},"product_brand":[],"product_cat":[542,250,134,688,144,132],"product_tag":[],"woo-feed-brand":[],"class_list":{"0":"post-25873","1":"product","2":"type-product","3":"status-publish","4":"has-post-thumbnail","6":"product_cat-alimentacao-office","7":"product_cat-ate-ti-negocios","8":"product_cat-bolachas-biscoitos","9":"product_cat-chocolates-bolachas","10":"product_cat-chocolates-biscoitos-e-cereais","11":"product_cat-mercearia","12":"ts_product_brand-vieira","14":"first","15":"instock","16":"taxable","17":"shipping-taxable","18":"purchasable","19":"product-type-simple"},"_links":{"self":[{"href":"https:\/\/www.ateti.pt\/loja\/wp-json\/wp\/v2\/product\/25873","targetHints":{"allow":["GET"]}}],"collection":[{"href":"https:\/\/www.ateti.pt\/loja\/wp-json\/wp\/v2\/product"}],"about":[{"href":"https:\/\/www.ateti.pt\/loja\/wp-json\/wp\/v2\/types\/product"}],"replies":[{"embeddable":true,"href":"https:\/\/www.ateti.pt\/loja\/wp-json\/wp\/v2\/comments?post=25873"}],"wp:featuredmedia":[{"embeddable":true,"href":"https:\/\/www.ateti.pt\/loja\/wp-json\/wp\/v2\/media\/56811"}],"wp:attachment":[{"href":"https:\/\/www.ateti.pt\/loja\/wp-json\/wp\/v2\/media?parent=25873"}],"wp:term":[{"taxonomy":"product_brand","embeddable":true,"href":"https:\/\/www.ateti.pt\/loja\/wp-json\/wp\/v2\/product_brand?post=25873"},{"taxonomy":"product_cat","embeddable":true,"href":"https:\/\/www.ateti.pt\/loja\/wp-json\/wp\/v2\/product_cat?post=25873"},{"taxonomy":"product_tag","embeddable":true,"href":"https:\/\/www.ateti.pt\/loja\/wp-json\/wp\/v2\/product_tag?post=25873"},{"taxonomy":"woo-feed-brand","embeddable":true,"href":"https:\/\/www.ateti.pt\/loja\/wp-json\/wp\/v2\/woo-feed-brand?post=25873"}],"curies":[{"name":"wp","href":"https:\/\/api.w.org\/{rel}","templated":true}]}}