{"id":25871,"date":"2020-02-18T17:10:00","date_gmt":"2020-02-18T17:10:00","guid":{"rendered":"https:\/\/www.ateti.pt\/loja\/?post_type=product&#038;p=25871"},"modified":"2025-11-22T13:31:52","modified_gmt":"2025-11-22T13:31:52","slug":"bolacha-de-agua-e-sal-doses-vieira-12un","status":"publish","type":"product","link":"https:\/\/www.ateti.pt\/loja\/produto\/bolacha-de-agua-e-sal-doses-vieira-12un\/","title":{"rendered":"Bolacha de \u00c1gua e Sal Doses Emb.12un. x 14g Vieira (16-12-2025)"},"content":{"rendered":"<p>Bolacha de \u00c1gua e Sal Doses Vieira (12 x 14g), as ic\u00f3nicas bolachas de \u00e1gua e sal da Vieira , ainda com mais fibra, mantendo o sabor original.<\/p>\n<p><strong>Quantidade:<\/strong> 12 x 14g<\/p>\n<p><strong>Ingredientes:\u00a0<\/strong><\/p>\n<p>Farinha de\u00a0trigo\u00a0(gl\u00faten), gordura vegetal (palma), s\u00eamea de\u00a0trigo\u00a0(gl\u00faten), dextrose, soro de\u00a0leite\u00a0em p\u00f3, levedura autolisada, extracto de\u00a0malte\u00a0(de\u00a0cevada), levedantes (hidrogenocarbonato de am\u00f3nio e hidrogenocarbonato de s\u00f3dio), sal (aprox. 0,7%), emulsionante (lecitina de\u00a0soja), aroma e antioxidante (metabissulfito\u00a0de s\u00f3dio). Pode conter vest\u00edgios de\u00a0ovos, amendoins, sementes de s\u00e9samo e frutos de casca rija.<\/p>\n<p><strong>Valores nutricionais:<\/strong> Energia: 1741kj\/413kcal; L\u00edpidos: 8.3g, dos quais saturadas:3.9g; Hidratos de Carbono: 73.8g, dos quais a\u00e7\u00facares: 6.4g; Prote\u00ednas: 9.3g; Sal: 1.9g.<\/p>\n<p><strong>Informa\u00e7\u00f5es gerais:<\/strong><\/p>\n<p>Deve conservar a sua Bolacha de \u00c1gua e Sal Doses Vieira (12 x 14g) num local seco, fresco ao abrigo da luz solar direta.<\/p>\n<p>&nbsp;<\/p>\n<p>Veja mais em\u00a0<a href=\"https:\/\/www.ateti.pt\/loja\/categoria\/ate-ti-negocios\/alimentacao-office\/chocolates-bolachas\/\" target=\"_blank\" rel=\"noopener\">Chocolates e Bolacha<\/a>s na Categoria At\u00e9 Ti Neg\u00f3cios.<\/p>\n<p>Pode ainda encontrar no At\u00e9 Ti produtos com descontos at\u00e9 50% na Categoria\u00a0<a href=\"https:\/\/www.ateti.pt\/loja\/categoria\/outlet-ate-50\/\" target=\"_blank\" rel=\"noopener\">Outlet ate 50%<\/a>.<\/p>\n<p>Fa\u00e7a as suas compras no seu supermercado online At\u00e9 Ti e receba a sua encomenda comodamente em casa, no trabalho ou onde quiser.<\/p>\n","protected":false},"excerpt":{"rendered":"<p>0.17\u20ac\/un.<\/p>\n<p>Bolacha de \u00c1gua e Sal Doses Vieira (12 x 14g), as ic\u00f3nicas bolachas de \u00e1gua e sal da Vieira , ainda com mais fibra, mantendo o sabor original.<\/p>\n","protected":false},"featured_media":56912,"comment_status":"closed","ping_status":"closed","template":"","meta":{"_themeisle_gutenberg_block_has_review":false},"product_brand":[],"product_cat":[542,250,134,688,144,132,265],"product_tag":[],"woo-feed-brand":[],"class_list":{"0":"post-25871","1":"product","2":"type-product","3":"status-publish","4":"has-post-thumbnail","6":"product_cat-alimentacao-office","7":"product_cat-ate-ti-negocios","8":"product_cat-bolachas-biscoitos","9":"product_cat-chocolates-bolachas","10":"product_cat-chocolates-biscoitos-e-cereais","11":"product_cat-mercearia","12":"product_cat-promocoes-outlet-ate-50-desconto-supermercado-online-ate-ti","13":"ts_product_brand-vieira","15":"first","16":"outofstock","17":"sale","18":"taxable","19":"shipping-taxable","20":"purchasable","21":"product-type-simple"},"_links":{"self":[{"href":"https:\/\/www.ateti.pt\/loja\/wp-json\/wp\/v2\/product\/25871","targetHints":{"allow":["GET"]}}],"collection":[{"href":"https:\/\/www.ateti.pt\/loja\/wp-json\/wp\/v2\/product"}],"about":[{"href":"https:\/\/www.ateti.pt\/loja\/wp-json\/wp\/v2\/types\/product"}],"replies":[{"embeddable":true,"href":"https:\/\/www.ateti.pt\/loja\/wp-json\/wp\/v2\/comments?post=25871"}],"wp:featuredmedia":[{"embeddable":true,"href":"https:\/\/www.ateti.pt\/loja\/wp-json\/wp\/v2\/media\/56912"}],"wp:attachment":[{"href":"https:\/\/www.ateti.pt\/loja\/wp-json\/wp\/v2\/media?parent=25871"}],"wp:term":[{"taxonomy":"product_brand","embeddable":true,"href":"https:\/\/www.ateti.pt\/loja\/wp-json\/wp\/v2\/product_brand?post=25871"},{"taxonomy":"product_cat","embeddable":true,"href":"https:\/\/www.ateti.pt\/loja\/wp-json\/wp\/v2\/product_cat?post=25871"},{"taxonomy":"product_tag","embeddable":true,"href":"https:\/\/www.ateti.pt\/loja\/wp-json\/wp\/v2\/product_tag?post=25871"},{"taxonomy":"woo-feed-brand","embeddable":true,"href":"https:\/\/www.ateti.pt\/loja\/wp-json\/wp\/v2\/woo-feed-brand?post=25871"}],"curies":[{"name":"wp","href":"https:\/\/api.w.org\/{rel}","templated":true}]}}