{"id":25866,"date":"2021-03-04T18:52:12","date_gmt":"2021-03-04T17:52:12","guid":{"rendered":"https:\/\/www.ateti.pt\/loja\/?post_type=product&#038;p=25866"},"modified":"2025-01-23T11:56:51","modified_gmt":"2025-01-23T11:56:51","slug":"bolacha-digestive-doses-vieira-12un-43g","status":"publish","type":"product","link":"https:\/\/www.ateti.pt\/loja\/produto\/bolacha-digestive-doses-vieira-12un-43g\/","title":{"rendered":"Bolacha Digestiva Doses  Emb.12un x 43g Vieira"},"content":{"rendered":"<p>Bolacha Digestiva Doses Vieira (12 x 43g), as inconfund\u00edveis DIGESTIVE AVEIA da Vieira. O sabor de sempre, com 63% de cereais e fonte de fibra.<\/p>\n<p><strong>Quantidade: <\/strong>12 x 43g<\/p>\n<p><strong>Ingredientes:<\/strong><\/p>\n<p>Farinha de trigo (gl\u00faten), flocos de aveia (gl\u00faten) (aprox.17%), gordura vegetal (palma), a\u00e7\u00facar, xarope de glucose-frutose, s\u00eamea de trigo (gl\u00faten), levedantes (hidrogenocarbonato de s\u00f3dio e hidrogenocarbonato de am\u00f3nio), sal, leite em p\u00f3 gordo e aromas.<\/p>\n<p>Pode conter vest\u00edgios de ovos, amendoins, sementes de s\u00e9samo, soja, frutos de casca rija e sulfitos.<\/p>\n<p><strong>Valores nutricionais: <\/strong>Energia: 1856kj\/411kcal; L\u00edpidos:13.4g, dos quais saturados: 5.8g; Hidratos de carbono: 69.6g, dos quais a\u00e7\u00facares: 18.7g; Fibra: 5.3g; Prote\u00edna:7.9g; Sal:1.7g.<\/p>\n<p><strong>Informa\u00e7\u00f5es gerais:<\/strong><\/p>\n<p>Deve conservar a sua Bolacha Digestiva Doses Vieira (12 x 43g)num local seco, fresco ao abrigo da luz solar direta.<\/p>\n<p>&nbsp;<\/p>\n<p>Veja mais em\u00a0<a href=\"https:\/\/www.ateti.pt\/loja\/categoria\/ate-ti-negocios\/alimentacao-office\/chocolates-bolachas\/\" target=\"_blank\" rel=\"noopener\">Chocolates e Bolacha<\/a>s na Categoria At\u00e9 Ti Neg\u00f3cios.<\/p>\n<p>Pode ainda encontrar no At\u00e9 Ti produtos com descontos at\u00e9 50% na Categoria\u00a0<a href=\"https:\/\/www.ateti.pt\/loja\/categoria\/outlet-ate-50\/\" target=\"_blank\" rel=\"noopener\">Outlet ate 50%<\/a>.<\/p>\n<p>Fa\u00e7a as suas compras no seu supermercado online At\u00e9 Ti e receba a sua encomenda comodamente em casa, no trabalho ou onde quiser.<\/p>\n<div id=\"jp-relatedposts\" class=\"jp-relatedposts\">\n<div class=\"jp-relatedposts-items jp-relatedposts-items-minimal jp-relatedposts-grid \">\n<p class=\"jp-relatedposts-post jp-relatedposts-post0\" data-post-id=\"25866\" data-post-format=\"false\">\n<\/div>\n<\/div>\n<p>&nbsp;<\/p>\n","protected":false},"excerpt":{"rendered":"<p>0.28\u20ac\/un.<\/p>\n<p>Bolacha Digestiva Doses Vieira (12 x 43g), as inconfund\u00edveis DIGESTIVE AVEIA da Vieira. O sabor de sempre, com 63% de cereais e fonte de fibra.<\/p>\n","protected":false},"featured_media":31283,"comment_status":"closed","ping_status":"closed","template":"","meta":{"_themeisle_gutenberg_block_has_review":false},"product_brand":[],"product_cat":[542,250,134,688,144,132],"product_tag":[],"woo-feed-brand":[],"class_list":{"0":"post-25866","1":"product","2":"type-product","3":"status-publish","4":"has-post-thumbnail","6":"product_cat-alimentacao-office","7":"product_cat-ate-ti-negocios","8":"product_cat-bolachas-biscoitos","9":"product_cat-chocolates-bolachas","10":"product_cat-chocolates-biscoitos-e-cereais","11":"product_cat-mercearia","12":"ts_product_brand-vieira","14":"first","15":"instock","16":"taxable","17":"shipping-taxable","18":"purchasable","19":"product-type-simple"},"_links":{"self":[{"href":"https:\/\/www.ateti.pt\/loja\/wp-json\/wp\/v2\/product\/25866","targetHints":{"allow":["GET"]}}],"collection":[{"href":"https:\/\/www.ateti.pt\/loja\/wp-json\/wp\/v2\/product"}],"about":[{"href":"https:\/\/www.ateti.pt\/loja\/wp-json\/wp\/v2\/types\/product"}],"replies":[{"embeddable":true,"href":"https:\/\/www.ateti.pt\/loja\/wp-json\/wp\/v2\/comments?post=25866"}],"wp:featuredmedia":[{"embeddable":true,"href":"https:\/\/www.ateti.pt\/loja\/wp-json\/wp\/v2\/media\/31283"}],"wp:attachment":[{"href":"https:\/\/www.ateti.pt\/loja\/wp-json\/wp\/v2\/media?parent=25866"}],"wp:term":[{"taxonomy":"product_brand","embeddable":true,"href":"https:\/\/www.ateti.pt\/loja\/wp-json\/wp\/v2\/product_brand?post=25866"},{"taxonomy":"product_cat","embeddable":true,"href":"https:\/\/www.ateti.pt\/loja\/wp-json\/wp\/v2\/product_cat?post=25866"},{"taxonomy":"product_tag","embeddable":true,"href":"https:\/\/www.ateti.pt\/loja\/wp-json\/wp\/v2\/product_tag?post=25866"},{"taxonomy":"woo-feed-brand","embeddable":true,"href":"https:\/\/www.ateti.pt\/loja\/wp-json\/wp\/v2\/woo-feed-brand?post=25866"}],"curies":[{"name":"wp","href":"https:\/\/api.w.org\/{rel}","templated":true}]}}