{"id":25825,"date":"2021-03-04T12:21:36","date_gmt":"2021-03-04T11:21:36","guid":{"rendered":"https:\/\/www.ateti.pt\/loja\/?post_type=product&#038;p=25825"},"modified":"2024-09-03T16:47:33","modified_gmt":"2024-09-03T15:47:33","slug":"nesquik-dolce-gusto-16-capsulas","status":"publish","type":"product","link":"https:\/\/www.ateti.pt\/loja\/produto\/nesquik-dolce-gusto-16-capsulas\/","title":{"rendered":"Nesquik 16 C\u00e1psulas Dolce Gusto"},"content":{"rendered":"<p><strong>Nesquik Dolce Gusto<\/strong><\/p>\n<p><strong>Quantidade:\u00a0<\/strong>16 c\u00e1psulas<\/p>\n<p>Descubra o NESCAF\u00c9<sup>\u00ae<\/sup>\u00a0Dolce Gusto<sup>\u00ae<\/sup>\u00a0NESQUIK<sup>\u00ae<\/sup>: O delicioso prazer do cacau NESQUIK<sup>\u00ae<\/sup>\u00a0com uma generora e indulgente espuma.<\/p>\n<p>Descubra <strong>Nesquik Dolce Gusto <\/strong>uma bebida de achocolatada ideal para saborear em fam\u00edlia. NESQUIK<sup>\u00ae<\/sup>\u00a0\u00e9 uma bebida deliciosa, f\u00e1cil de preparar, para crian\u00e7as e adultos. Saboreie o divertido sabor \u00fanico de chocolate quente com uma espuma deliciosa. Por ser uma bebida em c\u00e1psulas, \u00e9 de f\u00e1cil e r\u00e1pida prepara\u00e7\u00e3o. Delicie-se com o saboroso NESCAF\u00c9<sup>\u00ae<\/sup>\u00a0Dolce Gusto<sup>\u00ae<\/sup>\u00a0NESQUIK<sup>\u00ae<\/sup>\u00a0no conforto de sua casa, a qualquer hora do dia.<\/p>\n<p>Basta introduzir a sua c\u00e1psula NESQUIK<sup>\u00ae<\/sup>\u00a0na m\u00e1quina NESCAF\u00c9<sup>\u00ae<\/sup>\u00a0Dolce Gusto<sup>\u00ae<\/sup>. O seu NESQUIK<sup>\u00ae<\/sup>\u00a0ficar\u00e1 pronto num instante.<\/p>\n<p>Com NESCAF\u00c9<sup>\u00ae<\/sup>\u00a0Dolce Gusto<sup>\u00ae<\/sup>, poder\u00e1 apreciar mais de 20 variedades de caf\u00e9 de qualidade superior, quer goste do seu caf\u00e9 curto ou longo, puro ou com leite ou at\u00e9, se preferir, chocolate quente, ch\u00e1s e bebidas frias.<\/p>\n<h3>Ingredientes<\/h3>\n<p><strong>Leite<\/strong>\u00a0em p\u00f3 (46,8%), a\u00e7\u00facar, cacau magro (10,6%),\u00a0<strong>leite<\/strong>\u00a0em p\u00f3 magro (2,7%), lactose, gordura vegetal (coco), aromas naturais, subst\u00e2ncias minerais (carbonato de c\u00e1lcio), emulsionante (lecitina de\u00a0<strong>soja),<\/strong>\u00a0sal, extrati de levedura, vitaminas (tiamina, niacina, \u00e1cido pantot\u00e9nico, B6, \u00e1cido f\u00f3lico), canela.<\/p>\n<div class=\"layer_content\">\n<table>\n<tbody>\n<tr>\n<th class=\"left\">Declara\u00e7\u00e3o Nutricional<\/th>\n<th>por 100g<\/th>\n<th>Por 100ml<\/th>\n<th>Por por\u00e7\u00e3o<br \/>\n150ml<\/th>\n<th>%RI<\/th>\n<\/tr>\n<tr>\n<td class=\"left\">Energia<\/td>\n<td>1.833 kJ<br \/>\n436 kcal<\/td>\n<td>197 kJ<br \/>\n47 kcal<\/td>\n<td>292 kJ<br \/>\n70 kcal<\/td>\n<td>3%*<\/td>\n<\/tr>\n<tr class=\"alternativeBackground\">\n<td class=\"left\">L\u00edpidos<\/td>\n<td>15,8 g<\/td>\n<td>1,7 g<\/td>\n<td>2,5 g<\/td>\n<td>4%*<\/td>\n<\/tr>\n<tr>\n<td class=\"left\">&#8211; dos quais saturados<\/td>\n<td>10,2 g<\/td>\n<td>1,1 g<\/td>\n<td>1,6 g<\/td>\n<td>8%<\/td>\n<\/tr>\n<tr class=\"alternativeBackground\">\n<td class=\"left\">Hidratos de Carbono<\/td>\n<td>56,1 g<\/td>\n<td>6,0 g<\/td>\n<td>9,0 g<\/td>\n<td>3%*<\/td>\n<\/tr>\n<tr>\n<td class=\"left\">&#8211; dos quais a\u00e7\u00facares<\/td>\n<td>54,2 g<\/td>\n<td>5,8 g<\/td>\n<td>8,7 g<\/td>\n<td>10%*<\/td>\n<\/tr>\n<tr class=\"alternativeBackground\">\n<td class=\"left\">Fibra<\/td>\n<td>3,3 g<\/td>\n<td>0,4 g<\/td>\n<td>0,5 g<\/td>\n<td>\u00a0 &#8211;<\/td>\n<\/tr>\n<tr>\n<td class=\"left\">Prote\u00ednas<\/td>\n<td>15,8 g<\/td>\n<td>1,7 g<\/td>\n<td>2,5 g<\/td>\n<td>5%*<\/td>\n<\/tr>\n<tr class=\"alternativeBackground\">\n<td class=\"left\">Sal<\/td>\n<td>0,70 g<\/td>\n<td>0,07 g<\/td>\n<td>0,11 g<\/td>\n<td>2%*<\/td>\n<\/tr>\n<\/tbody>\n<\/table>\n<p><span data-mce-mark=\"1\">* DR &#8211; Dose de Refer\u00eancia para um adulto m\u00e9dio (8.400 kj \/ 2.000 kcal).<\/span><\/p>\n<p>&nbsp;<\/p>\n<table>\n<tbody>\n<tr>\n<th class=\"left\">Vitaminas e Minerais<br \/>\nValores M\u00e9dios<\/th>\n<th>por 100g<\/th>\n<th>Por 100ml<\/th>\n<th>Por<br \/>\n150ml<\/th>\n<th>%RI<\/th>\n<\/tr>\n<tr>\n<td class=\"left\">Vitamina B1<\/td>\n<td>1,0 mg<\/td>\n<td>91%**<\/td>\n<td>0,16 mg<\/td>\n<td>15%**<\/td>\n<\/tr>\n<tr class=\"alternativeBackground\">\n<td class=\"left\">Niacina<\/td>\n<td>15\u00a0mg<\/td>\n<td>94%**<\/td>\n<td>2,4 mg<\/td>\n<td>15%**<\/td>\n<\/tr>\n<tr>\n<td class=\"left\">Vitamina B6<\/td>\n<td>1,4 mg<\/td>\n<td>100%**<\/td>\n<td>0,22 mg<\/td>\n<td>16%**<\/td>\n<\/tr>\n<tr class=\"alternativeBackground\">\n<td class=\"left\">\u00c1cido F\u00f3lico<\/td>\n<td>188 \u00b5g<\/td>\n<td>94%**<\/td>\n<td>30,1\u00b5g<\/td>\n<td>15%**<\/td>\n<\/tr>\n<tr>\n<td class=\"left\">\u00c1cido Pantot\u00e9nico<\/td>\n<td>5,8 mg<\/td>\n<td>97%**<\/td>\n<td>0,9 gg<\/td>\n<td>15%**<\/td>\n<\/tr>\n<tr class=\"alternativeBackground\">\n<td class=\"left\">C\u00e1lcio<\/td>\n<td>767 mg<\/td>\n<td>96%**<\/td>\n<td>123 mg<\/td>\n<td>15%**<\/td>\n<\/tr>\n<\/tbody>\n<\/table>\n<p>* VRN -Valores de Refer\u00eancia do Nutriente<\/p>\n<p>Veja mais em <a href=\"https:\/\/www.ateti.pt\/loja\/categoria\/cafe-em-capsula\/capsulas-dolce-gusto\/\">Caf\u00e9 em C\u00e1psula<\/a><\/p>\n<\/div>\n<p>&nbsp;<\/p>\n","protected":false},"excerpt":{"rendered":"<p>0.35\u20ac\/c\u00e1psula<\/p>\n","protected":false},"featured_media":60369,"comment_status":"closed","ping_status":"closed","template":"","meta":{"_themeisle_gutenberg_block_has_review":false},"product_brand":[],"product_cat":[117,18,137],"product_tag":[],"woo-feed-brand":[],"class_list":{"0":"post-25825","1":"product","2":"type-product","3":"status-publish","4":"has-post-thumbnail","6":"product_cat-cafe-em-capsula","7":"product_cat-capsulas-dolce-gusto","8":"product_cat-especialidades-dolcegusto","9":"ts_product_brand-dolce-gusto","11":"first","12":"instock","13":"sale","14":"taxable","15":"shipping-taxable","16":"purchasable","17":"product-type-simple"},"_links":{"self":[{"href":"https:\/\/www.ateti.pt\/loja\/wp-json\/wp\/v2\/product\/25825","targetHints":{"allow":["GET"]}}],"collection":[{"href":"https:\/\/www.ateti.pt\/loja\/wp-json\/wp\/v2\/product"}],"about":[{"href":"https:\/\/www.ateti.pt\/loja\/wp-json\/wp\/v2\/types\/product"}],"replies":[{"embeddable":true,"href":"https:\/\/www.ateti.pt\/loja\/wp-json\/wp\/v2\/comments?post=25825"}],"wp:featuredmedia":[{"embeddable":true,"href":"https:\/\/www.ateti.pt\/loja\/wp-json\/wp\/v2\/media\/60369"}],"wp:attachment":[{"href":"https:\/\/www.ateti.pt\/loja\/wp-json\/wp\/v2\/media?parent=25825"}],"wp:term":[{"taxonomy":"product_brand","embeddable":true,"href":"https:\/\/www.ateti.pt\/loja\/wp-json\/wp\/v2\/product_brand?post=25825"},{"taxonomy":"product_cat","embeddable":true,"href":"https:\/\/www.ateti.pt\/loja\/wp-json\/wp\/v2\/product_cat?post=25825"},{"taxonomy":"product_tag","embeddable":true,"href":"https:\/\/www.ateti.pt\/loja\/wp-json\/wp\/v2\/product_tag?post=25825"},{"taxonomy":"woo-feed-brand","embeddable":true,"href":"https:\/\/www.ateti.pt\/loja\/wp-json\/wp\/v2\/woo-feed-brand?post=25825"}],"curies":[{"name":"wp","href":"https:\/\/api.w.org\/{rel}","templated":true}]}}