{"id":25791,"date":"2021-03-03T19:03:25","date_gmt":"2021-03-03T18:03:25","guid":{"rendered":"https:\/\/www.ateti.pt\/loja\/?post_type=product&#038;p=25791"},"modified":"2024-05-29T11:04:28","modified_gmt":"2024-05-29T10:04:28","slug":"leite-meio-gordo-sem-lactose-mimosa-1l","status":"publish","type":"product","link":"https:\/\/www.ateti.pt\/loja\/produto\/leite-meio-gordo-sem-lactose-mimosa-1l\/","title":{"rendered":"Leite Meio Gordo Sem Lactose Mimosa 1l"},"content":{"rendered":"<p><strong>Leite Meio Gordo Sem Lactose<\/strong><\/p>\n<p><strong>Quantidade:<\/strong> 1l<\/p>\n<p><strong>Ingredientes:\u00a0<\/strong>Leite magro e lactase.<\/p>\n<p><strong>Origem:\u00a0<\/strong>Portugal<\/p>\n<p><strong>Valores nutricionais:<\/strong> Energia: 199kj\/47kcal; L\u00edpidos: 1.6g, dos quais saturados:1.1g; Hidratos de carbono: 4.9g, dos quais a\u00e7\u00facares: 4.9; Prote\u00ednas:3.3g; Sal: 0.10g; Vitaminas e Sais minerais: riboflavina:0.12mg; vitamina B12:0.20; C\u00e1lcio: 120mg; f\u00f3sforo: 91mg; iodo:20.<\/p>\n<p>Mimosa recomenda um estilo de vida saud\u00e1vel que inclua uma alimenta\u00e7\u00e3o equilibrada.<\/p>\n<p>Mimosa, enquanto especialista em nutri\u00e7\u00e3o, baseando-se na investiga\u00e7\u00e3o do CNAM- Centro de Nutri\u00e7\u00e3o e Alimenta\u00e7\u00e3o Mimosa, desenvolve leites especiais adequados a necessidades espec\u00edficas de cada um nas diferentes etapas da vida:<\/p>\n<ul>\n<li>Leite Mimosa Sem Lactose Meio-Gordo<\/li>\n<li>Leite Mimosa Sem Lactose Magro<\/li>\n<li>Leite Mimosa Infantil 3+anos Sem Lactose<\/li>\n<\/ul>\n<p><strong>Sabia que?<\/strong><\/p>\n<p>O leite meio-gordo \u00e9 fonte de:<\/p>\n<p>-Riboflavina, vitamina b12, c\u00e1lcio, f\u00f3sforo e iodo que contribuem para o normal metabolismo produtor de energia.<\/p>\n<p>-C\u00e1lcio que contribuem para o normal funcionamento muscular.<\/p>\n<p>-C\u00e1lcio, f\u00f3sforo e prote\u00ednas que contribuem para a manuten\u00e7\u00e3o de ossos normais.<\/p>\n<p>Veja mais\u00a0<a href=\"https:\/\/www.ateti.pt\/loja\/categoria\/mercearia\/laticinios\/\">Latic\u00ednios<\/a><\/p>\n","protected":false},"excerpt":{"rendered":"<p>1.31\u20ac\/lt<\/p>\n","protected":false},"featured_media":55360,"comment_status":"closed","ping_status":"closed","template":"","meta":{"_themeisle_gutenberg_block_has_review":false},"product_brand":[],"product_cat":[207,891,157,132,219],"product_tag":[],"woo-feed-brand":[],"class_list":{"0":"post-25791","1":"product","2":"type-product","3":"status-publish","4":"has-post-thumbnail","6":"product_cat-bio-saudavel","7":"product_cat-iva-zero","8":"product_cat-laticinios","9":"product_cat-mercearia","10":"product_cat-sem-lactose","11":"ts_product_brand-mimosa","13":"first","14":"instock","15":"sale","16":"taxable","17":"shipping-taxable","18":"purchasable","19":"product-type-simple"},"_links":{"self":[{"href":"https:\/\/www.ateti.pt\/loja\/wp-json\/wp\/v2\/product\/25791","targetHints":{"allow":["GET"]}}],"collection":[{"href":"https:\/\/www.ateti.pt\/loja\/wp-json\/wp\/v2\/product"}],"about":[{"href":"https:\/\/www.ateti.pt\/loja\/wp-json\/wp\/v2\/types\/product"}],"replies":[{"embeddable":true,"href":"https:\/\/www.ateti.pt\/loja\/wp-json\/wp\/v2\/comments?post=25791"}],"wp:featuredmedia":[{"embeddable":true,"href":"https:\/\/www.ateti.pt\/loja\/wp-json\/wp\/v2\/media\/55360"}],"wp:attachment":[{"href":"https:\/\/www.ateti.pt\/loja\/wp-json\/wp\/v2\/media?parent=25791"}],"wp:term":[{"taxonomy":"product_brand","embeddable":true,"href":"https:\/\/www.ateti.pt\/loja\/wp-json\/wp\/v2\/product_brand?post=25791"},{"taxonomy":"product_cat","embeddable":true,"href":"https:\/\/www.ateti.pt\/loja\/wp-json\/wp\/v2\/product_cat?post=25791"},{"taxonomy":"product_tag","embeddable":true,"href":"https:\/\/www.ateti.pt\/loja\/wp-json\/wp\/v2\/product_tag?post=25791"},{"taxonomy":"woo-feed-brand","embeddable":true,"href":"https:\/\/www.ateti.pt\/loja\/wp-json\/wp\/v2\/woo-feed-brand?post=25791"}],"curies":[{"name":"wp","href":"https:\/\/api.w.org\/{rel}","templated":true}]}}