{"id":25700,"date":"2021-03-02T16:44:23","date_gmt":"2021-03-02T15:44:23","guid":{"rendered":"https:\/\/www.ateti.pt\/loja\/?post_type=product&#038;p=25700"},"modified":"2024-01-05T18:59:46","modified_gmt":"2024-01-05T17:59:46","slug":"molho-de-soja-kikkoman-150ml","status":"publish","type":"product","link":"https:\/\/www.ateti.pt\/loja\/produto\/molho-de-soja-kikkoman-150ml\/","title":{"rendered":"Molho de Soja Kikkoman 150ml"},"content":{"rendered":"<p><strong>Molho de Soja Kikkoman<\/strong><\/p>\n<p><strong>Quantidade:<\/strong> 150ml<\/p>\n<p><strong>Ingredientes:\u00a0<\/strong>\u00c1gua, gr\u00e3os de soja, trigo e sal.<\/p>\n<p>Conservar no frigor\u00edfico depois de aberto.<\/p>\n<p><strong>Valores nutricionais: <\/strong>Energia:325kj\/77kcal, L\u00edpidos: 0g, dos quais saturados:0g; Hidratos de carbono:3.2g, dos quais a\u00e7\u00facares: 0.6g; Prote\u00ednas: 10g; Sal: 16.9g.<\/p>\n<p>Veja mais em <a href=\"https:\/\/www.ateti.pt\/loja\/categoria\/mercearia\/temperos-e-molhos\/\">Temperos e Molhos<\/a><\/p>\n<p>&nbsp;<\/p>\n","protected":false},"excerpt":{"rendered":"<p>31.26\u20ac\/lt<\/p>\n","protected":false},"featured_media":56920,"comment_status":"closed","ping_status":"closed","template":"","meta":{"_themeisle_gutenberg_block_has_review":false},"product_brand":[],"product_cat":[132,174],"product_tag":[],"woo-feed-brand":[],"class_list":{"0":"post-25700","1":"product","2":"type-product","3":"status-publish","4":"has-post-thumbnail","6":"product_cat-mercearia","7":"product_cat-temperos-e-molhos","8":"ts_product_brand-kikkoman","10":"first","11":"instock","12":"taxable","13":"shipping-taxable","14":"purchasable","15":"product-type-simple"},"_links":{"self":[{"href":"https:\/\/www.ateti.pt\/loja\/wp-json\/wp\/v2\/product\/25700","targetHints":{"allow":["GET"]}}],"collection":[{"href":"https:\/\/www.ateti.pt\/loja\/wp-json\/wp\/v2\/product"}],"about":[{"href":"https:\/\/www.ateti.pt\/loja\/wp-json\/wp\/v2\/types\/product"}],"replies":[{"embeddable":true,"href":"https:\/\/www.ateti.pt\/loja\/wp-json\/wp\/v2\/comments?post=25700"}],"wp:featuredmedia":[{"embeddable":true,"href":"https:\/\/www.ateti.pt\/loja\/wp-json\/wp\/v2\/media\/56920"}],"wp:attachment":[{"href":"https:\/\/www.ateti.pt\/loja\/wp-json\/wp\/v2\/media?parent=25700"}],"wp:term":[{"taxonomy":"product_brand","embeddable":true,"href":"https:\/\/www.ateti.pt\/loja\/wp-json\/wp\/v2\/product_brand?post=25700"},{"taxonomy":"product_cat","embeddable":true,"href":"https:\/\/www.ateti.pt\/loja\/wp-json\/wp\/v2\/product_cat?post=25700"},{"taxonomy":"product_tag","embeddable":true,"href":"https:\/\/www.ateti.pt\/loja\/wp-json\/wp\/v2\/product_tag?post=25700"},{"taxonomy":"woo-feed-brand","embeddable":true,"href":"https:\/\/www.ateti.pt\/loja\/wp-json\/wp\/v2\/woo-feed-brand?post=25700"}],"curies":[{"name":"wp","href":"https:\/\/api.w.org\/{rel}","templated":true}]}}