{"id":25380,"date":"2021-02-24T13:40:28","date_gmt":"2021-02-24T12:40:28","guid":{"rendered":"https:\/\/www.ateti.pt\/loja\/?post_type=product&#038;p=25380"},"modified":"2025-10-29T17:56:47","modified_gmt":"2025-10-29T17:56:47","slug":"vinho-tinto-campolargo-baga-2017","status":"publish","type":"product","link":"https:\/\/www.ateti.pt\/loja\/produto\/vinho-tinto-campolargo-baga-2017\/","title":{"rendered":"Vinho Tinto Campolargo Baga 2017"},"content":{"rendered":"<h5>Vinho Tinto Campolargo Baga 2016<\/h5>\n<p><strong>ORIGEM<\/strong><\/p>\n<p><strong>Denomina\u00e7\u00e3o<\/strong> Vinho tinto<\/p>\n<p><strong>Classifica\u00e7\u00e3o<\/strong> DOC Bairrada<\/p>\n<p><strong>Colheita<\/strong> 2016 | <strong>Lote<\/strong> L14\/20<\/p>\n<p><strong>Volume de produ\u00e7\u00e3o<\/strong> 3600L<\/p>\n<p><strong>Solo<\/strong> Argilo-Calc\u00e1rio<\/p>\n<p><strong>CASTAS<\/strong><\/p>\n<p>100% Baga<\/p>\n<p>Alerg\u00e9nios: Cont\u00e9m sulfitos e di\u00f3xido de enxofre.<\/p>\n<p><strong>CONTROLO ANAL\u00cdTICO<\/strong><\/p>\n<p><strong>\u00c1lcool<\/strong> 13.5% vol.<\/p>\n<p><strong>A\u00e7\u00facar<\/strong> 1.2 gr \/ dm3<\/p>\n<p><strong>Ac. Total<\/strong> 5.3g \/ dm3<\/p>\n<p><strong>pH<\/strong> 3.43<\/p>\n<p><strong>PROCESSO<\/strong><\/p>\n<p><strong>Vinifica\u00e7\u00e3o:<\/strong> Desengace parcial, fermenta\u00e7\u00e3o em pequenos lagares com pisa mec\u00e2nica. Final de fermenta\u00e7\u00e3o alco\u00f3lica e fermenta\u00e7\u00e3o malol\u00e1tica em barricas usadas, onde permaneceu at\u00e9 ao engarrafamento em Junho 2020.<\/p>\n<p><strong>Engarrafamento<\/strong> 4800 garrafas 75cl<\/p>\n<p><strong>En\u00f3logo<\/strong> Raquel Carvalho\/Carlos Campolargo<\/p>\n<p><strong>CARACTER\u00cdSTICAS<\/strong><\/p>\n<p><strong>Cor<\/strong> rubi<\/p>\n<p><strong>Aroma<\/strong> intenso a bagas silvestres<\/p>\n<p><strong>Paladar<\/strong> leve, bastante elegante, demonstra uma Baga sedutora e fresca, mas sem um exagerado corpo<\/p>\n<p><strong>Final de Prova<\/strong> a sua estrutura \u00e9 mais impressionante at\u00e9 meio do palato, mas o comportamento ensolarado torna um prazer para beber.<\/p>\n<p><strong>GASTRONOMIA<\/strong><\/p>\n<p>Ideal para acompanhar com saladas, pratos de peixe ou carnes brancas.<\/p>\n<p>Temperatura de Servi\u00e7o 15 \u2013 18oC<\/p>\n<p><strong>CONSERVA\u00c7\u00c3O<\/strong><\/p>\n<p>As condi\u00e7\u00f5es de armazenamento ou de guarda dos vinhos s\u00e3o muito importantes se pretendermos preservar as caracter\u00edsticas dos vinhos e garantir uma evolu\u00e7\u00e3o regular ao longo do tempo.<\/p>\n<p>O local de armazenamento, deve garantir:<\/p>\n<p>Uma temperatura adequada e com alguma ventila\u00e7\u00e3o de modo a evitar a prolifera\u00e7\u00e3o de fungos. Deve permitir a disposi\u00e7\u00e3o das garrafas deitadas.<\/p>\n<p>Aus\u00eancia de oscila\u00e7\u00f5es, vibra\u00e7\u00f5es ou odores desagrad\u00e1veis.<\/p>\n<p>As garrafas devem estar ao abrigo da luz mantendo a humidade relativa elevada.<\/p>\n<p><a href=\"https:\/\/www.ateti.pt\/loja\/wp-content\/uploads\/2021\/03\/Ficha_Tecnica_Vinho_Tinto_Baga_2016_Campolargo_Ate_Ti.pdf\">Ficha T\u00e9cnica<\/a><\/p>\n","protected":false},"excerpt":{"rendered":"<p>&#8220;Aroma intenso, perfumado e limpo, bagas silvestres esmagadas, algum vegatal atractivo. Corpo m\u00e9dio, com fruto de qualidade, bastante vivo, tanino firme e acidez pronunciada no final com garra.&#8221; (In Revista de Vinhos por LL)<\/p>\n<p>18.87\u20ac\/lt<\/p>\n","protected":false},"featured_media":56928,"comment_status":"open","ping_status":"closed","template":"","meta":{"_themeisle_gutenberg_block_has_review":false},"product_brand":[],"product_cat":[158,739,173,621],"product_tag":[],"woo-feed-brand":[],"class_list":{"0":"post-25380","1":"product","2":"type-product","3":"status-publish","4":"has-post-thumbnail","6":"product_cat-bebidas","7":"product_cat-bebidas-de-natal","8":"product_cat-garrafeira","9":"product_cat-vinho-tinto","10":"pa_origem-regiao-bairrada","11":"pa_tipologia-vinho-vinho-tinto","12":"ts_product_brand-campolargo","14":"first","15":"instock","16":"taxable","17":"shipping-taxable","18":"purchasable","19":"product-type-simple"},"_links":{"self":[{"href":"https:\/\/www.ateti.pt\/loja\/wp-json\/wp\/v2\/product\/25380","targetHints":{"allow":["GET"]}}],"collection":[{"href":"https:\/\/www.ateti.pt\/loja\/wp-json\/wp\/v2\/product"}],"about":[{"href":"https:\/\/www.ateti.pt\/loja\/wp-json\/wp\/v2\/types\/product"}],"replies":[{"embeddable":true,"href":"https:\/\/www.ateti.pt\/loja\/wp-json\/wp\/v2\/comments?post=25380"}],"wp:featuredmedia":[{"embeddable":true,"href":"https:\/\/www.ateti.pt\/loja\/wp-json\/wp\/v2\/media\/56928"}],"wp:attachment":[{"href":"https:\/\/www.ateti.pt\/loja\/wp-json\/wp\/v2\/media?parent=25380"}],"wp:term":[{"taxonomy":"product_brand","embeddable":true,"href":"https:\/\/www.ateti.pt\/loja\/wp-json\/wp\/v2\/product_brand?post=25380"},{"taxonomy":"product_cat","embeddable":true,"href":"https:\/\/www.ateti.pt\/loja\/wp-json\/wp\/v2\/product_cat?post=25380"},{"taxonomy":"product_tag","embeddable":true,"href":"https:\/\/www.ateti.pt\/loja\/wp-json\/wp\/v2\/product_tag?post=25380"},{"taxonomy":"woo-feed-brand","embeddable":true,"href":"https:\/\/www.ateti.pt\/loja\/wp-json\/wp\/v2\/woo-feed-brand?post=25380"}],"curies":[{"name":"wp","href":"https:\/\/api.w.org\/{rel}","templated":true}]}}