{"id":25376,"date":"2021-02-24T12:07:11","date_gmt":"2021-02-24T11:07:11","guid":{"rendered":"https:\/\/www.ateti.pt\/loja\/?post_type=product&#038;p=25376"},"modified":"2025-10-29T17:58:56","modified_gmt":"2025-10-29T17:58:56","slug":"vinho-tinto-valdazar-2017","status":"publish","type":"product","link":"https:\/\/www.ateti.pt\/loja\/produto\/vinho-tinto-valdazar-2017\/","title":{"rendered":"Vinho Tinto Valdazar 2017"},"content":{"rendered":"<h5>Vinho Tinto Valdazar 2017<\/h5>\n<p><strong>ORIGEM<\/strong><\/p>\n<p><strong>Denomina\u00e7\u00e3o<\/strong> Vinho Tinto<\/p>\n<p><strong>Classifica\u00e7\u00e3o<\/strong> DOC Bairrada<\/p>\n<p><strong>Colheita<\/strong> 2017 | <strong>Lote<\/strong> L03\/19 &#8211; LM03\/19<\/p>\n<p><strong>Volume de produ\u00e7\u00e3o<\/strong> 5.000 l<\/p>\n<p><strong>Solo<\/strong> Argilo-Calc\u00e1rio<\/p>\n<p><strong>CASTAS<\/strong><\/p>\n<p>Trincadeira | Baga | Touriga Nacional | Tinta Barroca<\/p>\n<p>Alerg\u00e9nios: Cont\u00e9m sulfitos e di\u00f3xido de enxofre.<\/p>\n<p><strong>CONTROLO ANAL\u00cdTICO<\/strong><\/p>\n<p><strong>\u00c1lcool<\/strong> 14% vol.<\/p>\n<p><strong>A\u00e7\u00facar<\/strong> 3.8 gr \/ dm3<\/p>\n<p><strong>Ac. Total<\/strong> 4.7g \/ dm3<\/p>\n<p><strong>PH<\/strong> 3.35<\/p>\n<p><strong>PROCESSO<\/strong><\/p>\n<p><strong>Vinifica\u00e7\u00e3o<\/strong> Desengace total, fermenta\u00e7\u00e3o conjunta em pequenos lagares de inox com pisa mec\u00e2nica. Malol\u00e1ctica seguida de est\u00e1gio at\u00e9 12 meses, em barricas usadas de Carvalho Franc\u00eas.<\/p>\n<p><strong>Engarrafamento<\/strong> 6.080 garrafas 0.75L e 304 garrafas 1.5L<\/p>\n<p><strong>En\u00f3logo<\/strong> Raquel Carvalho\/Carlos Campolargo<\/p>\n<p><strong>EAN:<\/strong> 5600392560608<\/p>\n<p><strong>CARACTER\u00cdSTICAS<\/strong><\/p>\n<p><strong>Cor<\/strong> Rubi<\/p>\n<p><strong>Aroma<\/strong> fruta balanceada, uma t\u00f3nica algo outonal, mas com requinte e sofistica\u00e7\u00e3o.<\/p>\n<p><strong>Paladar<\/strong> Suave de textura na boca, tem frescura, harmonia e confessa um tra\u00e7o muito pessoal<\/p>\n<p><strong>Final de Prova<\/strong> Final de belo calibre, arom\u00e1tico e arrumado.<\/p>\n<p><strong>GASTRONOMIA<\/strong><\/p>\n<p>Ideal para acompanhar com partos de carne.<\/p>\n<p><strong>Temperatura de Servi\u00e7o<\/strong> 15 \u2013 18\u00bac<\/p>\n<p><strong>CONSERVA\u00c7\u00c3O<\/strong><\/p>\n<p>As condi\u00e7\u00f5es de armazenamento ou de guarda dos vinhos s\u00e3o muito importantes se pretendermos preservar as caracter\u00edsticas dos vinhos e garantir uma evolu\u00e7\u00e3o regular ao longo do tempo.<\/p>\n<p>O local de armazenamento, deve garantir:<\/p>\n<p>Uma temperatura adequada e com alguma ventila\u00e7\u00e3o de modo a evitar a prolifera\u00e7\u00e3o de fungos.<\/p>\n<p>Deve permitir a disposi\u00e7\u00e3o das garrafas deitadas.<\/p>\n<p>Aus\u00eancia de oscila\u00e7\u00f5es, vibra\u00e7\u00f5es ou odores desagrad\u00e1veis.<\/p>\n<p>As garrafas devem estar ao abrigo da luz mantendo a humidade relativa elevada.<\/p>\n<p><a href=\"https:\/\/www.ateti.pt\/loja\/wp-content\/uploads\/2021\/03\/Ficha_Tecnica_Vinho_Tinto_Valdazar_2017_Campolargo_Ate_Ti.pdf\" target=\"_blank\" rel=\"noopener\">Ficha T\u00e9cnica<\/a><\/p>\n<p>&nbsp;<\/p>\n","protected":false},"excerpt":{"rendered":"<div class=\"texto\"><span id=\"cph1_modulodetalheproduto_lbl_texto\" class=\"lbl_texto\">Muito arom\u00e1tico, pleno de notas de bagas silvestres, leve toque floral, bons apontamentos vegetais. Boca envolvente com notas de cacau, num conjunto bem fresco, elegante e muito afinado.&#8221; (In Revista de Vinhos por LL)<\/span><\/div>\n<div><\/div>\n<div><a href=\"https:\/\/www.ateti.pt\/loja\/wp-content\/uploads\/2021\/03\/Ficha_Tecnica_Vinho_Tinto_Valdazar_2017_Campolargo_Ate_Ti.pdf\" target=\"_blank\" rel=\"noopener\">Ficha T\u00e9cnica<\/a><\/div>\n<p>18.87\u20ac\/lt<\/p>\n","protected":false},"featured_media":56933,"comment_status":"open","ping_status":"closed","template":"","meta":{"_themeisle_gutenberg_block_has_review":false},"product_brand":[],"product_cat":[158,739,173,621],"product_tag":[],"woo-feed-brand":[],"class_list":{"0":"post-25376","1":"product","2":"type-product","3":"status-publish","4":"has-post-thumbnail","6":"product_cat-bebidas","7":"product_cat-bebidas-de-natal","8":"product_cat-garrafeira","9":"product_cat-vinho-tinto","10":"pa_origem-regiao-bairrada","11":"pa_tipologia-vinho-vinho-tinto","12":"ts_product_brand-campolargo","14":"first","15":"instock","16":"taxable","17":"shipping-taxable","18":"purchasable","19":"product-type-simple"},"_links":{"self":[{"href":"https:\/\/www.ateti.pt\/loja\/wp-json\/wp\/v2\/product\/25376","targetHints":{"allow":["GET"]}}],"collection":[{"href":"https:\/\/www.ateti.pt\/loja\/wp-json\/wp\/v2\/product"}],"about":[{"href":"https:\/\/www.ateti.pt\/loja\/wp-json\/wp\/v2\/types\/product"}],"replies":[{"embeddable":true,"href":"https:\/\/www.ateti.pt\/loja\/wp-json\/wp\/v2\/comments?post=25376"}],"wp:featuredmedia":[{"embeddable":true,"href":"https:\/\/www.ateti.pt\/loja\/wp-json\/wp\/v2\/media\/56933"}],"wp:attachment":[{"href":"https:\/\/www.ateti.pt\/loja\/wp-json\/wp\/v2\/media?parent=25376"}],"wp:term":[{"taxonomy":"product_brand","embeddable":true,"href":"https:\/\/www.ateti.pt\/loja\/wp-json\/wp\/v2\/product_brand?post=25376"},{"taxonomy":"product_cat","embeddable":true,"href":"https:\/\/www.ateti.pt\/loja\/wp-json\/wp\/v2\/product_cat?post=25376"},{"taxonomy":"product_tag","embeddable":true,"href":"https:\/\/www.ateti.pt\/loja\/wp-json\/wp\/v2\/product_tag?post=25376"},{"taxonomy":"woo-feed-brand","embeddable":true,"href":"https:\/\/www.ateti.pt\/loja\/wp-json\/wp\/v2\/woo-feed-brand?post=25376"}],"curies":[{"name":"wp","href":"https:\/\/api.w.org\/{rel}","templated":true}]}}