{"id":25195,"date":"2023-11-28T15:10:42","date_gmt":"2023-11-28T14:10:42","guid":{"rendered":"https:\/\/www.ateti.pt\/loja\/?post_type=product&#038;p=25195"},"modified":"2025-08-18T09:32:34","modified_gmt":"2025-08-18T08:32:34","slug":"forte-dolce-gusto-bonini-144-capsulas","status":"publish","type":"product","link":"https:\/\/www.ateti.pt\/loja\/produto\/forte-dolce-gusto-bonini-144-capsulas\/","title":{"rendered":"Caf\u00e9 Forte Dolce Gusto 144 C\u00e1psulas (9&#215;16 C\u00e1psulas) Bonini"},"content":{"rendered":"<h5>Forte Dolce Gusto Bonini<\/h5>\n<p><strong>Quantidade: <\/strong>144 c\u00e1psulas<\/p>\n<p>C\u00e1psulas monodose com autoprote\u00e7\u00e3o, acondicionadas em atmosfera protetora, contendo mistura de caf\u00e9 torrado e mo\u00eddo. Preservar em lugar seco \u00e0 temperatura ambiente.<\/p>\n<p>Nescaf\u00e9 e Dolce Gusto s\u00e3o marcas registadas por Nestl\u00e9.Bonini S.r.l. \u00e9 um produtor aut\u00f3nomo, sem conex\u00e3o com Nestl\u00e9. A compatibilidade das c\u00e1psulas Bonini S.r.l. \u00e9 funcional a utiliza\u00e7\u00e3o das m\u00e1quinas supramencionadas e n\u00e3o substitui o uso das c\u00e1psulas originais produzidas por Nestl\u00e9.<\/p>\n<p>Produzido em It\u00e1lia<\/p>\n<p>Veja mais em <a href=\"https:\/\/www.ateti.pt\/loja\/categoria\/cafe-em-capsula\/\">Caf\u00e9 em C\u00e1psula<\/a><\/p>\n","protected":false},"excerpt":{"rendered":"<p>0.24\u20ac\/c\u00e1psulas<\/p>\n","protected":false},"featured_media":60361,"comment_status":"closed","ping_status":"closed","template":"","meta":{"_themeisle_gutenberg_block_has_review":false},"product_brand":[],"product_cat":[250,692,694,117,18,138,578,787],"product_tag":[],"woo-feed-brand":[],"class_list":{"0":"post-25195","1":"product","2":"type-product","3":"status-publish","4":"has-post-thumbnail","6":"product_cat-ate-ti-negocios","7":"product_cat-cafe","8":"product_cat-cafe-capsulas","9":"product_cat-cafe-em-capsula","10":"product_cat-capsulas-dolce-gusto","11":"product_cat-originais-e-compativeis-dg","12":"product_cat-cafe-grandes-formatos","13":"product_cat-promocao-bonini","14":"ts_product_brand-bonini","16":"first","17":"instock","18":"sale","19":"taxable","20":"shipping-taxable","21":"purchasable","22":"product-type-simple"},"_links":{"self":[{"href":"https:\/\/www.ateti.pt\/loja\/wp-json\/wp\/v2\/product\/25195","targetHints":{"allow":["GET"]}}],"collection":[{"href":"https:\/\/www.ateti.pt\/loja\/wp-json\/wp\/v2\/product"}],"about":[{"href":"https:\/\/www.ateti.pt\/loja\/wp-json\/wp\/v2\/types\/product"}],"replies":[{"embeddable":true,"href":"https:\/\/www.ateti.pt\/loja\/wp-json\/wp\/v2\/comments?post=25195"}],"wp:featuredmedia":[{"embeddable":true,"href":"https:\/\/www.ateti.pt\/loja\/wp-json\/wp\/v2\/media\/60361"}],"wp:attachment":[{"href":"https:\/\/www.ateti.pt\/loja\/wp-json\/wp\/v2\/media?parent=25195"}],"wp:term":[{"taxonomy":"product_brand","embeddable":true,"href":"https:\/\/www.ateti.pt\/loja\/wp-json\/wp\/v2\/product_brand?post=25195"},{"taxonomy":"product_cat","embeddable":true,"href":"https:\/\/www.ateti.pt\/loja\/wp-json\/wp\/v2\/product_cat?post=25195"},{"taxonomy":"product_tag","embeddable":true,"href":"https:\/\/www.ateti.pt\/loja\/wp-json\/wp\/v2\/product_tag?post=25195"},{"taxonomy":"woo-feed-brand","embeddable":true,"href":"https:\/\/www.ateti.pt\/loja\/wp-json\/wp\/v2\/woo-feed-brand?post=25195"}],"curies":[{"name":"wp","href":"https:\/\/api.w.org\/{rel}","templated":true}]}}