{"id":25188,"date":"2021-02-19T16:32:17","date_gmt":"2021-02-19T15:32:17","guid":{"rendered":"https:\/\/www.ateti.pt\/loja\/?post_type=product&#038;p=25188"},"modified":"2024-06-19T11:39:15","modified_gmt":"2024-06-19T10:39:15","slug":"massa-para-lasanha-com-ovo-milaneza-500g","status":"publish","type":"product","link":"https:\/\/www.ateti.pt\/loja\/produto\/massa-para-lasanha-com-ovo-milaneza-500g\/","title":{"rendered":"Massa Para Lasanha com Ovo Milaneza 500g"},"content":{"rendered":"<h5>Massa Para Lasanha com Ovo Milaneza<\/h5>\n<p><strong>Quantidade:<\/strong>500g<\/p>\n<p>As massas Milaneza s\u00e3o adoradas por toda a gente.<\/p>\n<p>A Milaneza \u00e9 a massa n\u00ba 1 em Portugal.<\/p>\n<p>As raz\u00f5es deste sucesso s\u00e3o simples: uma rigorosa sele\u00e7\u00e3o dos melhores trigos duros e uma moderna tecnologia de fabrico, o que origina uma massa extremamente saborosa que agrada a todos.<\/p>\n<p>Comece pela simples bolonhesa para seduzir os mais novos e v\u00e1 at\u00e9 onde a sua imagina\u00e7\u00e3o permitir para atrair os mais exigentes. Escolha ingredientes mais requintados, adicione especiarias ou experimente a vers\u00e3o vegetariana.<\/p>\n<p>Massas aliment\u00edcias de qualidade superior com ovo.<\/p>\n<p><strong>Ingredientes:\u00a0<\/strong>s\u00eamola de trigo duro e ovos(19.36%).<\/p>\n<p>Conservar em lugar seco e fresco, e ao abrigo da luz.<\/p>\n<p><strong>Valores nutricionais:\u00a0<\/strong>Energia: 1545kj\/365kcal; L\u00edpidos: 3.7g, dos quais saturados: 1.1g; Hidratos de Carbono: 67g, dos quais a\u00e7\u00facares: 3.7g; Fibra: 3.7g; Prote\u00ednas: 14g; Sal: 0.07g.<\/p>\n<p><strong>Conselhos de utiliza\u00e7\u00e3o:\u00a0<\/strong><\/p>\n<ul>\n<li>As folhas de Lasanha Milaneza est\u00e3o prontas a ir ao forno, n\u00e3o necessitando de pr\u00e9-cozedura.<\/li>\n<li>Para que os resultados sejam os melhores, sugerimos que coloque durante os primeiros vinte minutos no forno uma folha de alum\u00ednio por cima da lasanha.<\/li>\n<li>O molho a utilizar dever\u00e1 ser mais flu\u00eddo do que o habitual para que a massa absorva os l\u00edquidos e fique mais macia.<\/li>\n<li>Antes de utilizar a massa pode pass\u00e1-la por \u00e1gua quente para que amole\u00e7a um pouco.<\/li>\n<\/ul>\n<p><strong>Sugest\u00e3o de receita:<\/strong><\/p>\n<pre><strong>Lasanha bolonhesa<\/strong><\/pre>\n<p><strong>Ingredientes:<\/strong><\/p>\n<ul>\n<li>250g de Massa Para Lasanha com Ovo Milaneza<\/li>\n<li>650g de carne picada<\/li>\n<li>2 Dentes de alho picado<\/li>\n<li>100g de cebola picada<\/li>\n<li>80g de bacon picado<\/li>\n<li>0.5dl de polpa de tomate<\/li>\n<li>0.5dl de azeite vigem extra<\/li>\n<li>0.5dl de vinho branco<\/li>\n<li>0.5dl de molho b\u00e9chamel<\/li>\n<li>0.5dl de Queijo Mozzarella<\/li>\n<li>Sal Marinho q.b<\/li>\n<li>Pimenta de moinho q.b<\/li>\n<\/ul>\n<p><strong>Modo de prepara\u00e7\u00e3o:\u00a0<\/strong><\/p>\n<p>Coloque o bacon em azeite quente e deixe cozinhar um pouco. Junte o alho, a cebola, a carne picada e deixe cozinhar. Refresque com vinho branco e junte a polpa de tomate. Deixe apurar e tempere com sal e pimenta.<\/p>\n<p>Disponha a Lasanha com ovo em camadas alternadas: massa, carne e molho B\u00e9chamel. Repita o processo mais duas vezes e termine com queijo Mozzarella. Leve a cozer em tabuleiro tapado, em forno aquecido a 180\u00baC aproximadamente durante 50 minutos, e no final deixe gratinar.<\/p>\n<p>Bom apetite!<\/p>\n<p>Veja mais em <a href=\"https:\/\/www.ateti.pt\/loja\/categoria\/mercearia\/arrozemassas\/\">Arroz e Massas<\/a><\/p>\n<p>&nbsp;<\/p>\n","protected":false},"excerpt":{"rendered":"<p>5.58\u20ac\/kg<\/p>\n","protected":false},"featured_media":56934,"comment_status":"closed","ping_status":"closed","template":"","meta":{"_themeisle_gutenberg_block_has_review":false},"product_brand":[],"product_cat":[187,891,132],"product_tag":[],"woo-feed-brand":[],"class_list":{"0":"post-25188","1":"product","2":"type-product","3":"status-publish","4":"has-post-thumbnail","6":"product_cat-arrozemassas","7":"product_cat-iva-zero","8":"product_cat-mercearia","9":"ts_product_brand-milaneza","11":"first","12":"instock","13":"taxable","14":"shipping-taxable","15":"purchasable","16":"product-type-simple"},"_links":{"self":[{"href":"https:\/\/www.ateti.pt\/loja\/wp-json\/wp\/v2\/product\/25188","targetHints":{"allow":["GET"]}}],"collection":[{"href":"https:\/\/www.ateti.pt\/loja\/wp-json\/wp\/v2\/product"}],"about":[{"href":"https:\/\/www.ateti.pt\/loja\/wp-json\/wp\/v2\/types\/product"}],"replies":[{"embeddable":true,"href":"https:\/\/www.ateti.pt\/loja\/wp-json\/wp\/v2\/comments?post=25188"}],"wp:featuredmedia":[{"embeddable":true,"href":"https:\/\/www.ateti.pt\/loja\/wp-json\/wp\/v2\/media\/56934"}],"wp:attachment":[{"href":"https:\/\/www.ateti.pt\/loja\/wp-json\/wp\/v2\/media?parent=25188"}],"wp:term":[{"taxonomy":"product_brand","embeddable":true,"href":"https:\/\/www.ateti.pt\/loja\/wp-json\/wp\/v2\/product_brand?post=25188"},{"taxonomy":"product_cat","embeddable":true,"href":"https:\/\/www.ateti.pt\/loja\/wp-json\/wp\/v2\/product_cat?post=25188"},{"taxonomy":"product_tag","embeddable":true,"href":"https:\/\/www.ateti.pt\/loja\/wp-json\/wp\/v2\/product_tag?post=25188"},{"taxonomy":"woo-feed-brand","embeddable":true,"href":"https:\/\/www.ateti.pt\/loja\/wp-json\/wp\/v2\/woo-feed-brand?post=25188"}],"curies":[{"name":"wp","href":"https:\/\/api.w.org\/{rel}","templated":true}]}}