{"id":25078,"date":"2021-02-16T19:05:06","date_gmt":"2021-02-16T18:05:06","guid":{"rendered":"https:\/\/www.ateti.pt\/loja\/?post_type=product&#038;p=25078"},"modified":"2023-11-29T10:30:08","modified_gmt":"2023-11-29T09:30:08","slug":"molho-ingles-classico-savora-120ml","status":"publish","type":"product","link":"https:\/\/www.ateti.pt\/loja\/produto\/molho-ingles-classico-savora-120ml\/","title":{"rendered":"Molho Ingl\u00eas Cl\u00e1ssico Savora 120ml"},"content":{"rendered":"<h5>Molho Ingl\u00eas C\u00e1ssico Savora<\/h5>\n<p><strong>Quantidade:\u00a0<\/strong>120ml<\/p>\n<p>Proporciona um sabor \u00fanico \u00e0s sopas, assados , estufados e grelhados(bifes, peixes, mariscos).<\/p>\n<p><strong>Ingredientes:\u00a0<\/strong>\u00e1gua, vinagre, mela\u00e7o, glucose, sal, regulador de acidez: \u00e1cido c\u00e9tico, especiarias (cont\u00e9m aipo), a\u00e7\u00facar, soja em p\u00f3, aromas(cont\u00e9m sulfitos).<\/p>\n<p>Agitar antes de abrir.<\/p>\n<p>Embalagem recicl\u00e1vel.<\/p>\n<p><strong>Valores nutricionais:\u00a0<\/strong>Energia: 57.5kcal: L\u00edpidos: 0.1g, dos quais saturados: 0.1g; Hidratos de Carbono: 13.7g, dos quais a\u00e7\u00facares: 10.4g; Fibra: 0.3g; Prote\u00ednas: 0.3g; Sal: 2.1g.<\/p>\n<p>Veja mais em <a href=\"https:\/\/www.ateti.pt\/loja\/categoria\/mercearia\/temperos-e-molhos\/\">Temperos e Molhos<\/a><\/p>\n","protected":false},"excerpt":{"rendered":"<p>11.58\u20ac\/lt<\/p>\n","protected":false},"featured_media":56935,"comment_status":"closed","ping_status":"closed","template":"","meta":{"_themeisle_gutenberg_block_has_review":false},"product_brand":[],"product_cat":[132,174],"product_tag":[],"woo-feed-brand":[],"class_list":{"0":"post-25078","1":"product","2":"type-product","3":"status-publish","4":"has-post-thumbnail","6":"product_cat-mercearia","7":"product_cat-temperos-e-molhos","9":"first","10":"instock","11":"taxable","12":"shipping-taxable","13":"purchasable","14":"product-type-simple"},"_links":{"self":[{"href":"https:\/\/www.ateti.pt\/loja\/wp-json\/wp\/v2\/product\/25078","targetHints":{"allow":["GET"]}}],"collection":[{"href":"https:\/\/www.ateti.pt\/loja\/wp-json\/wp\/v2\/product"}],"about":[{"href":"https:\/\/www.ateti.pt\/loja\/wp-json\/wp\/v2\/types\/product"}],"replies":[{"embeddable":true,"href":"https:\/\/www.ateti.pt\/loja\/wp-json\/wp\/v2\/comments?post=25078"}],"wp:featuredmedia":[{"embeddable":true,"href":"https:\/\/www.ateti.pt\/loja\/wp-json\/wp\/v2\/media\/56935"}],"wp:attachment":[{"href":"https:\/\/www.ateti.pt\/loja\/wp-json\/wp\/v2\/media?parent=25078"}],"wp:term":[{"taxonomy":"product_brand","embeddable":true,"href":"https:\/\/www.ateti.pt\/loja\/wp-json\/wp\/v2\/product_brand?post=25078"},{"taxonomy":"product_cat","embeddable":true,"href":"https:\/\/www.ateti.pt\/loja\/wp-json\/wp\/v2\/product_cat?post=25078"},{"taxonomy":"product_tag","embeddable":true,"href":"https:\/\/www.ateti.pt\/loja\/wp-json\/wp\/v2\/product_tag?post=25078"},{"taxonomy":"woo-feed-brand","embeddable":true,"href":"https:\/\/www.ateti.pt\/loja\/wp-json\/wp\/v2\/woo-feed-brand?post=25078"}],"curies":[{"name":"wp","href":"https:\/\/api.w.org\/{rel}","templated":true}]}}