{"id":25017,"date":"2024-09-03T23:11:06","date_gmt":"2024-09-03T22:11:06","guid":{"rendered":"https:\/\/www.ateti.pt\/loja\/?post_type=product&#038;p=25017"},"modified":"2026-01-30T14:50:44","modified_gmt":"2026-01-30T14:50:44","slug":"amaciador-gengibre-garnier-ultra-suave-250ml","status":"publish","type":"product","link":"https:\/\/www.ateti.pt\/loja\/produto\/amaciador-gengibre-garnier-ultra-suave-250ml\/","title":{"rendered":"Amaciador Gengibre Ultra Suave 250ml Garnier"},"content":{"rendered":"<p><strong>Amaciador Gengibre Garnier Ultra Suave 250ml<\/strong><\/p>\n<p>Quantidade: 250ml<\/p>\n<p>A poderosa receita de Amaciador Gengibre Garnier Ultra Suave 250ml para revitalizar o cabelo estragado e sensibilizado, associando a Raiz de Gengibre Biol\u00f3gico da \u00cdndia ao Mel da Floresta.<\/p>\n<p><strong>Cont\u00e9m:\u00a0<\/strong>F\u00f3rmula que associa Raiz de Gengibre Biol\u00f3gico da \u00cdndia, reconhecido por revigorar, revitalizar e iluminar o cabelo, e Mel da Floresta, conhecido pelas suas propriedades nutritivas e suavizantes.<\/p>\n<p><strong>Resultado:\u00a0<\/strong>Intensamente revitalizado e fortalecido, o cabelo fica visivelmente mais luminoso, cheio de vitalidade e movimento.<\/p>\n<p>Cont\u00e9m ingredientes naturais e renov\u00e1veis.<\/p>\n<p>Respeita e adapta-se perfeitamente aos cabelos delicados.<\/p>\n<p>F\u00e1brica comprometida com o desenvolvimento sustent\u00e1vel.<\/p>\n<p>Recipiente feito com 30% de pl\u00e1stico reciclado e 100% recicl\u00e1vel.<\/p>\n<p>Veja mais em\u00a0<a href=\"https:\/\/www.ateti.pt\/loja\/categoria\/higiene-e-limpeza\/higiene\/cabelo\/\">Higiene e Limpeza<\/a><\/p>\n","protected":false},"excerpt":{"rendered":"<p>14.36\u20ac\/L<\/p>\n","protected":false},"featured_media":56747,"comment_status":"closed","ping_status":"closed","template":"","meta":{"_themeisle_gutenberg_block_has_review":false},"product_brand":[],"product_cat":[203,211,190],"product_tag":[],"woo-feed-brand":[],"class_list":{"0":"post-25017","1":"product","2":"type-product","3":"status-publish","4":"has-post-thumbnail","6":"product_cat-beleza-e-higiene","7":"product_cat-cabelo","8":"product_cat-desinfetantes-e-limpeza","9":"ts_product_brand-garnier","11":"first","12":"instock","13":"sale","14":"taxable","15":"shipping-taxable","16":"purchasable","17":"product-type-simple"},"_links":{"self":[{"href":"https:\/\/www.ateti.pt\/loja\/wp-json\/wp\/v2\/product\/25017","targetHints":{"allow":["GET"]}}],"collection":[{"href":"https:\/\/www.ateti.pt\/loja\/wp-json\/wp\/v2\/product"}],"about":[{"href":"https:\/\/www.ateti.pt\/loja\/wp-json\/wp\/v2\/types\/product"}],"replies":[{"embeddable":true,"href":"https:\/\/www.ateti.pt\/loja\/wp-json\/wp\/v2\/comments?post=25017"}],"wp:featuredmedia":[{"embeddable":true,"href":"https:\/\/www.ateti.pt\/loja\/wp-json\/wp\/v2\/media\/56747"}],"wp:attachment":[{"href":"https:\/\/www.ateti.pt\/loja\/wp-json\/wp\/v2\/media?parent=25017"}],"wp:term":[{"taxonomy":"product_brand","embeddable":true,"href":"https:\/\/www.ateti.pt\/loja\/wp-json\/wp\/v2\/product_brand?post=25017"},{"taxonomy":"product_cat","embeddable":true,"href":"https:\/\/www.ateti.pt\/loja\/wp-json\/wp\/v2\/product_cat?post=25017"},{"taxonomy":"product_tag","embeddable":true,"href":"https:\/\/www.ateti.pt\/loja\/wp-json\/wp\/v2\/product_tag?post=25017"},{"taxonomy":"woo-feed-brand","embeddable":true,"href":"https:\/\/www.ateti.pt\/loja\/wp-json\/wp\/v2\/woo-feed-brand?post=25017"}],"curies":[{"name":"wp","href":"https:\/\/api.w.org\/{rel}","templated":true}]}}