{"id":25011,"date":"2024-09-03T22:57:56","date_gmt":"2024-09-03T21:57:56","guid":{"rendered":"https:\/\/www.ateti.pt\/loja\/?post_type=product&#038;p=25011"},"modified":"2025-12-04T16:01:54","modified_gmt":"2025-12-04T16:01:54","slug":"amaciador-delicadeza-de-aveia-garnier-ultra-suave-250ml","status":"publish","type":"product","link":"https:\/\/www.ateti.pt\/loja\/produto\/amaciador-delicadeza-de-aveia-garnier-ultra-suave-250ml\/","title":{"rendered":"Amaciador Delicadeza de Aveia Ultra Suave 250ml Garnier"},"content":{"rendered":"<h5>Amaciador Delicadeza de Aveia Garnier Ultra Suave<\/h5>\n<p><strong>Quantidade:\u00a0<\/strong>250ml<\/p>\n<p>Para cabelo e couro cabeludo delicados<\/p>\n<p>Ultra Suave apresenta a sua receita adequada para cabelo e couro cabeludo sens\u00edveis:<\/p>\n<ul>\n<li><strong>Leite de aveia,<\/strong>\u00a0 conhecido pelas suas propriedades apaziguantes num couro cabeludo delicado.<\/li>\n<li><strong>Creme de arroz,\u00a0<\/strong>h\u00e1 muito utilizado para hidratar e proteger o cabelo.<\/li>\n<\/ul>\n<p><strong>Resultados:\u00a0<\/strong>O couro cabeludo sens\u00edvel \u00e9 imediatamente apaziguado. O cabelo fica com um aspeto perfeitamente hidratado. Leve, brilhante e incrivelmente suave, fica com um aspeto visivelmente saud\u00e1vel da raiz at\u00e9 \u00e0s pontas.<\/p>\n<p>Leite de Aveia de origem natural e renov\u00e1vel.<\/p>\n<p>94% Biodegrad\u00e1vel<\/p>\n<p>F\u00f3rmula Vegan.<\/p>\n<p>Embalagem 100% recicl\u00e1vel ap\u00f3s colocada no ecoponto amarelo.<\/p>\n<p>Veja mais em\u00a0<a href=\"https:\/\/www.ateti.pt\/loja\/categoria\/higiene-e-limpeza\/higiene\/cabelo\/\">Higiene e Limpeza<\/a><\/p>\n","protected":false},"excerpt":{"rendered":"<p>14.36\u20ac\/lt<\/p>\n","protected":false},"featured_media":60253,"comment_status":"closed","ping_status":"closed","template":"","meta":{"_themeisle_gutenberg_block_has_review":false},"product_brand":[],"product_cat":[203,211,190],"product_tag":[],"woo-feed-brand":[],"class_list":{"0":"post-25011","1":"product","2":"type-product","3":"status-publish","4":"has-post-thumbnail","6":"product_cat-beleza-e-higiene","7":"product_cat-cabelo","8":"product_cat-desinfetantes-e-limpeza","9":"ts_product_brand-garnier","11":"first","12":"instock","13":"sale","14":"taxable","15":"shipping-taxable","16":"purchasable","17":"product-type-simple"},"_links":{"self":[{"href":"https:\/\/www.ateti.pt\/loja\/wp-json\/wp\/v2\/product\/25011","targetHints":{"allow":["GET"]}}],"collection":[{"href":"https:\/\/www.ateti.pt\/loja\/wp-json\/wp\/v2\/product"}],"about":[{"href":"https:\/\/www.ateti.pt\/loja\/wp-json\/wp\/v2\/types\/product"}],"replies":[{"embeddable":true,"href":"https:\/\/www.ateti.pt\/loja\/wp-json\/wp\/v2\/comments?post=25011"}],"wp:featuredmedia":[{"embeddable":true,"href":"https:\/\/www.ateti.pt\/loja\/wp-json\/wp\/v2\/media\/60253"}],"wp:attachment":[{"href":"https:\/\/www.ateti.pt\/loja\/wp-json\/wp\/v2\/media?parent=25011"}],"wp:term":[{"taxonomy":"product_brand","embeddable":true,"href":"https:\/\/www.ateti.pt\/loja\/wp-json\/wp\/v2\/product_brand?post=25011"},{"taxonomy":"product_cat","embeddable":true,"href":"https:\/\/www.ateti.pt\/loja\/wp-json\/wp\/v2\/product_cat?post=25011"},{"taxonomy":"product_tag","embeddable":true,"href":"https:\/\/www.ateti.pt\/loja\/wp-json\/wp\/v2\/product_tag?post=25011"},{"taxonomy":"woo-feed-brand","embeddable":true,"href":"https:\/\/www.ateti.pt\/loja\/wp-json\/wp\/v2\/woo-feed-brand?post=25011"}],"curies":[{"name":"wp","href":"https:\/\/api.w.org\/{rel}","templated":true}]}}