{"id":24993,"date":"2024-09-03T22:09:48","date_gmt":"2024-09-03T21:09:48","guid":{"rendered":"https:\/\/www.ateti.pt\/loja\/?post_type=product&#038;p=24993"},"modified":"2026-03-20T15:39:25","modified_gmt":"2026-03-20T15:39:25","slug":"champo-azeitona-mitica-garnier-ultra-suave-250ml","status":"publish","type":"product","link":"https:\/\/www.ateti.pt\/loja\/produto\/champo-azeitona-mitica-garnier-ultra-suave-250ml\/","title":{"rendered":"Champ\u00f4 Azeitona M\u00edtica Garnier Ultra Suave 250ml"},"content":{"rendered":"<h5>Champ\u00f4 Azeitona M\u00edtica Garnier Ultra Suave<\/h5>\n<p>Quantidade:250 ml<\/p>\n<p>Na sua nova receita de nutri\u00e7\u00e3o intensa para cabelos secos e sensibilizados Garnier Ultra Suave selecionou um \u00f3leo m\u00edtico com mil virtudes: o \u00f3leo de azeitona virgem.<\/p>\n<p>Colhido de uma \u00e1rvore milenar, \u00e9 um poderoso elixir. Rico em \u00e1cidos gordos e vitamina E, \u00e9 utilizado desde a antiguidade pelas suas propriedades altamente nutritivas.<\/p>\n<p><strong>Cont\u00e9m: <\/strong>\u00d3leo m\u00edtico com mil virtudes: o \u00f3leo de azeitona virgem. Rico em \u00e1cidos gordos e vitamina E, \u00e9 utilizado desde a antiguidade pelas suas propriedades altamente nutritivas.<\/p>\n<p><strong>Resultados: <\/strong>A textura untuosa desenvolve uma espuma generosa com um perfume divino, que se passa facilmente por \u00e1gua.<\/p>\n<p>Cont\u00e9m ingredientes naturais e renov\u00e1veis.<\/p>\n<p>Respeita e adapta-se perfeitamente aos cabelos delicados.<\/p>\n<p>F\u00e1brica comprometida com o desenvolvimento sustent\u00e1vel.<\/p>\n<p>Recipiente feito com 30% de pl\u00e1stico reciclado e 100% recicl\u00e1vel.<\/p>\n<p>Veja mais em <a href=\"https:\/\/www.ateti.pt\/loja\/categoria\/higiene-e-limpeza\/higiene\/cabelo\/\">Higiene e Limpeza<\/a><\/p>\n","protected":false},"excerpt":{"rendered":"<p>14.36\u20ac\/lt<\/p>\n","protected":false},"featured_media":56946,"comment_status":"closed","ping_status":"closed","template":"","meta":{"_themeisle_gutenberg_block_has_review":false},"product_brand":[],"product_cat":[203,211,190],"product_tag":[],"woo-feed-brand":[],"class_list":{"0":"post-24993","1":"product","2":"type-product","3":"status-publish","4":"has-post-thumbnail","6":"product_cat-beleza-e-higiene","7":"product_cat-cabelo","8":"product_cat-desinfetantes-e-limpeza","9":"ts_product_brand-garnier","11":"first","12":"instock","13":"sale","14":"taxable","15":"shipping-taxable","16":"purchasable","17":"product-type-simple"},"_links":{"self":[{"href":"https:\/\/www.ateti.pt\/loja\/wp-json\/wp\/v2\/product\/24993","targetHints":{"allow":["GET"]}}],"collection":[{"href":"https:\/\/www.ateti.pt\/loja\/wp-json\/wp\/v2\/product"}],"about":[{"href":"https:\/\/www.ateti.pt\/loja\/wp-json\/wp\/v2\/types\/product"}],"replies":[{"embeddable":true,"href":"https:\/\/www.ateti.pt\/loja\/wp-json\/wp\/v2\/comments?post=24993"}],"wp:featuredmedia":[{"embeddable":true,"href":"https:\/\/www.ateti.pt\/loja\/wp-json\/wp\/v2\/media\/56946"}],"wp:attachment":[{"href":"https:\/\/www.ateti.pt\/loja\/wp-json\/wp\/v2\/media?parent=24993"}],"wp:term":[{"taxonomy":"product_brand","embeddable":true,"href":"https:\/\/www.ateti.pt\/loja\/wp-json\/wp\/v2\/product_brand?post=24993"},{"taxonomy":"product_cat","embeddable":true,"href":"https:\/\/www.ateti.pt\/loja\/wp-json\/wp\/v2\/product_cat?post=24993"},{"taxonomy":"product_tag","embeddable":true,"href":"https:\/\/www.ateti.pt\/loja\/wp-json\/wp\/v2\/product_tag?post=24993"},{"taxonomy":"woo-feed-brand","embeddable":true,"href":"https:\/\/www.ateti.pt\/loja\/wp-json\/wp\/v2\/woo-feed-brand?post=24993"}],"curies":[{"name":"wp","href":"https:\/\/api.w.org\/{rel}","templated":true}]}}