{"id":24961,"date":"2024-09-04T12:15:22","date_gmt":"2024-09-04T11:15:22","guid":{"rendered":"https:\/\/www.ateti.pt\/loja\/?post_type=product&#038;p=24961"},"modified":"2026-02-18T09:30:42","modified_gmt":"2026-02-18T09:30:42","slug":"amaciador-agua-de-coco-garnier-fructis-200ml","status":"publish","type":"product","link":"https:\/\/www.ateti.pt\/loja\/produto\/amaciador-agua-de-coco-garnier-fructis-200ml\/","title":{"rendered":"Amaciador \u00c1gua de Coco Garnier Fructis 200ml"},"content":{"rendered":"<h5>Amaciador \u00c1gua de Coco Garnier Fructis<\/h5>\n<p><strong>Quantidade:\u00a0<\/strong>200ml<\/p>\n<p>F\u00f3rmulas Fructis com ativos fortificantes de frutos.<\/p>\n<p>Uma combina\u00e7\u00e3o exclusiva de derivados de frutos, vitaminas B3 e B6 e de extratos de frutos e plantas. Efic\u00e1cia comprovada: o cabelo fica visivelmente saud\u00e1vel e forte.<\/p>\n<p>Fructis associa na sua f\u00f3rmula, a \u00e1gua de coco e agentes suavizantes para suavizar e hidratar o cabelo em todo o comprimento.<\/p>\n<p><strong>Resultado:\u00a0<\/strong>O cabelo fica suave, solto e f\u00e1cil de desembara\u00e7ar.<\/p>\n<p>As nossas f\u00f3rmulas oferecem efic\u00e1cia e prazer na utiliza\u00e7\u00e3o.<\/p>\n<p>Adequadas para uso di\u00e1rio.<\/p>\n<ul>\n<li>Embalagens com 50% de pl\u00e1stico reciclado.<\/li>\n<li>Embalagens 100% recicl\u00e1veis, se colocadas no respetivo ecoponto.<\/li>\n<li>Produtos desenvolvidos em f\u00e1bricas comprometidas com o desenvolvimento sustent\u00e1vel.<\/li>\n<\/ul>\n<p><strong>Conselhos de Utiliza\u00e7\u00e3o:<\/strong>\u00a0Aplicar no cabelo molhado, massajar suavemente o couro cabeludo e passar por \u00e1gua.<\/p>\n<p>Em caso de contacto com os olhos, passar imediata e abundantemente por \u00e1gua.<\/p>\n<p>Veja mais em\u00a0<a href=\"https:\/\/www.ateti.pt\/loja\/categoria\/higiene-e-limpeza\/higiene\/cabelo\/\">Higiene e Limpeza\u00a0<\/a><\/p>\n","protected":false},"excerpt":{"rendered":"<p>19.95\u20ac\/lt<\/p>\n","protected":false},"featured_media":60869,"comment_status":"closed","ping_status":"closed","template":"","meta":{"_themeisle_gutenberg_block_has_review":false},"product_brand":[],"product_cat":[203,211,190],"product_tag":[],"woo-feed-brand":[],"class_list":{"0":"post-24961","1":"product","2":"type-product","3":"status-publish","4":"has-post-thumbnail","6":"product_cat-beleza-e-higiene","7":"product_cat-cabelo","8":"product_cat-desinfetantes-e-limpeza","9":"ts_product_brand-garnier-fructis","11":"first","12":"instock","13":"sale","14":"taxable","15":"shipping-taxable","16":"purchasable","17":"product-type-simple"},"_links":{"self":[{"href":"https:\/\/www.ateti.pt\/loja\/wp-json\/wp\/v2\/product\/24961","targetHints":{"allow":["GET"]}}],"collection":[{"href":"https:\/\/www.ateti.pt\/loja\/wp-json\/wp\/v2\/product"}],"about":[{"href":"https:\/\/www.ateti.pt\/loja\/wp-json\/wp\/v2\/types\/product"}],"replies":[{"embeddable":true,"href":"https:\/\/www.ateti.pt\/loja\/wp-json\/wp\/v2\/comments?post=24961"}],"wp:featuredmedia":[{"embeddable":true,"href":"https:\/\/www.ateti.pt\/loja\/wp-json\/wp\/v2\/media\/60869"}],"wp:attachment":[{"href":"https:\/\/www.ateti.pt\/loja\/wp-json\/wp\/v2\/media?parent=24961"}],"wp:term":[{"taxonomy":"product_brand","embeddable":true,"href":"https:\/\/www.ateti.pt\/loja\/wp-json\/wp\/v2\/product_brand?post=24961"},{"taxonomy":"product_cat","embeddable":true,"href":"https:\/\/www.ateti.pt\/loja\/wp-json\/wp\/v2\/product_cat?post=24961"},{"taxonomy":"product_tag","embeddable":true,"href":"https:\/\/www.ateti.pt\/loja\/wp-json\/wp\/v2\/product_tag?post=24961"},{"taxonomy":"woo-feed-brand","embeddable":true,"href":"https:\/\/www.ateti.pt\/loja\/wp-json\/wp\/v2\/woo-feed-brand?post=24961"}],"curies":[{"name":"wp","href":"https:\/\/api.w.org\/{rel}","templated":true}]}}