{"id":24959,"date":"2024-09-04T12:10:15","date_gmt":"2024-09-04T11:10:15","guid":{"rendered":"https:\/\/www.ateti.pt\/loja\/?post_type=product&#038;p=24959"},"modified":"2026-04-21T13:10:52","modified_gmt":"2026-04-21T12:10:52","slug":"amaciador-cresce-forte-garnier-fructis-200ml","status":"publish","type":"product","link":"https:\/\/www.ateti.pt\/loja\/produto\/amaciador-cresce-forte-garnier-fructis-200ml\/","title":{"rendered":"Amaciador Cresce Forte Garnier Fructis 200ml"},"content":{"rendered":"<h5>Amaciador Cresce Forte Garnier Fructis<\/h5>\n<p><strong>Quantidade:<\/strong> 200ml<\/p>\n<p>F\u00f3rmulas Fructis com ativos fortificantes de frutos.<\/p>\n<p>Uma combina\u00e7\u00e3o exclusiva de derivados de frutos, vitaminas B3 e B6 e de extratos de frutos e plantas. Efic\u00e1cia comprovada: o cabelo fica visivelmente saud\u00e1vel e\u00a0forte.<\/p>\n<p>Fructis associa na sua f\u00f3rmula o extrato natural de ma\u00e7\u00e3 e ceramida fortificante para devolver for\u00e7a e vitalidade ao cabelo.<\/p>\n<p><strong>Resultado:\u00a0<\/strong>\u00a0O cabelo fica mais resistente desde a raiz com um brilho saud\u00e1vel at\u00e9 \u00e0s pontas.<\/p>\n<p>As nossas f\u00f3rmulas oferecem efic\u00e1cia e prazer na utiliza\u00e7\u00e3o.<\/p>\n<p>Adequadas para uso di\u00e1rio.<\/p>\n<ul>\n<li>Embalagens com 50% de pl\u00e1stico reciclado.<\/li>\n<li>Embalagens 100% recicl\u00e1veis, se colocadas no respetivo ecoponto.<\/li>\n<li>Produtos desenvolvidos em f\u00e1bricas comprometidas com o desenvolvimento sustent\u00e1vel.<\/li>\n<\/ul>\n<p><strong>Conselhos de Utiliza\u00e7\u00e3o:<\/strong>\u00a0Aplicar no cabelo molhado, massajar suavemente o couro cabeludo e passar por \u00e1gua.<\/p>\n<p>Em caso de contacto com os olhos, passar imediata e abundantemente por \u00e1gua.<\/p>\n<p>Veja mais em\u00a0<a href=\"https:\/\/www.ateti.pt\/loja\/categoria\/higiene-e-limpeza\/higiene\/cabelo\/\">Higiene e Limpeza\u00a0<\/a><\/p>\n","protected":false},"excerpt":{"rendered":"<p>Amaciador Cresce Forte Garnier Fructis Quantidade: 200ml F\u00f3rmulas Fructis com ativos fortificantes de frutos. Uma combina\u00e7\u00e3o exclusiva de derivados de frutos, vitaminas B3 e B6 e de extratos de frutos e plantas. Efic\u00e1cia comprovada: o cabelo fica visivelmente saud\u00e1vel e\u00a0forte. Fructis associa na sua f\u00f3rmula o extrato natural de ma\u00e7\u00e3 e ceramida fortificante para devolver for\u00e7a e vitalidade ao cabelo. Resultado:\u00a0\u00a0O cabelo fica mais resistente desde a raiz com um brilho saud\u00e1vel at\u00e9 \u00e0s pontas. [&hellip;]<\/p>\n","protected":false},"featured_media":60868,"comment_status":"closed","ping_status":"closed","template":"","meta":{"_themeisle_gutenberg_block_has_review":false},"product_brand":[],"product_cat":[203,211,190],"product_tag":[],"woo-feed-brand":[],"class_list":{"0":"post-24959","1":"product","2":"type-product","3":"status-publish","4":"has-post-thumbnail","6":"product_cat-beleza-e-higiene","7":"product_cat-cabelo","8":"product_cat-desinfetantes-e-limpeza","9":"ts_product_brand-garnier-fructis","11":"first","12":"instock","13":"sale","14":"taxable","15":"shipping-taxable","16":"purchasable","17":"product-type-simple"},"_links":{"self":[{"href":"https:\/\/www.ateti.pt\/loja\/wp-json\/wp\/v2\/product\/24959","targetHints":{"allow":["GET"]}}],"collection":[{"href":"https:\/\/www.ateti.pt\/loja\/wp-json\/wp\/v2\/product"}],"about":[{"href":"https:\/\/www.ateti.pt\/loja\/wp-json\/wp\/v2\/types\/product"}],"replies":[{"embeddable":true,"href":"https:\/\/www.ateti.pt\/loja\/wp-json\/wp\/v2\/comments?post=24959"}],"wp:featuredmedia":[{"embeddable":true,"href":"https:\/\/www.ateti.pt\/loja\/wp-json\/wp\/v2\/media\/60868"}],"wp:attachment":[{"href":"https:\/\/www.ateti.pt\/loja\/wp-json\/wp\/v2\/media?parent=24959"}],"wp:term":[{"taxonomy":"product_brand","embeddable":true,"href":"https:\/\/www.ateti.pt\/loja\/wp-json\/wp\/v2\/product_brand?post=24959"},{"taxonomy":"product_cat","embeddable":true,"href":"https:\/\/www.ateti.pt\/loja\/wp-json\/wp\/v2\/product_cat?post=24959"},{"taxonomy":"product_tag","embeddable":true,"href":"https:\/\/www.ateti.pt\/loja\/wp-json\/wp\/v2\/product_tag?post=24959"},{"taxonomy":"woo-feed-brand","embeddable":true,"href":"https:\/\/www.ateti.pt\/loja\/wp-json\/wp\/v2\/woo-feed-brand?post=24959"}],"curies":[{"name":"wp","href":"https:\/\/api.w.org\/{rel}","templated":true}]}}