{"id":24914,"date":"2017-04-01T17:49:16","date_gmt":"2017-04-01T16:49:16","guid":{"rendered":"https:\/\/www.ateti.pt\/loja\/?post_type=product&#038;p=24914"},"modified":"2026-04-07T12:40:19","modified_gmt":"2026-04-07T11:40:19","slug":"tinta-para-cabelo-3-0-castanho-escuro-nutrisse","status":"publish","type":"product","link":"https:\/\/www.ateti.pt\/loja\/produto\/tinta-para-cabelo-3-0-castanho-escuro-nutrisse\/","title":{"rendered":"Tinta para Cabelo 3.0 Castanho Escuro Nutrisse"},"content":{"rendered":"<h5>Tinta para Cabelo 3.0 Castanho Escuro Nutrisse<\/h5>\n<p><strong>Instru\u00e7\u00f5es de Seguran\u00e7a:<\/strong><\/p>\n<p>OS CORANTES CAPILARES PODEM PROVOCAR REA\u00c7\u00d5ES AL\u00c9RGICAS GRAVES.<\/p>\n<p>Ler e seguir as instru\u00e7\u00f5es de utiliza\u00e7\u00e3o. Este produto n\u00e3o se destina a ser utilizado por menores de 16 anos.<\/p>\n<p>AS TATUAGENS TEMPOR\u00c1RIAS DE \u201cHENA NEGRA\u201d PODEM AUMENTAR O RISCO DE ALERGIAS.<\/p>\n<p>N\u00e3o pintar o cabelo se:<\/p>\n<ul>\n<li>tiver uma erup\u00e7\u00e3o cut\u00e2nea na face ou apresentar o couro cabeludo sens\u00edvel, irritado ou danificado.<\/li>\n<li>j\u00e1 tiver tido alguma rea\u00e7\u00e3o depois de pintar o cabelo<\/li>\n<li>j\u00e1 tiver tido alguma rea\u00e7\u00e3o a uma tatuagem tempor\u00e1ria de \u201chena negra\u201d.<\/li>\n<\/ul>\n<p>Deve adquirir o produto 48 horas antes ( ler e seguir as instru\u00e7\u00f5es de utiliza\u00e7\u00e3o do folheto).<\/p>\n<p>Em caso de rea\u00e7\u00e3o ou d\u00favida, contactar um m\u00e9dico antes de utilizar um produto de colora\u00e7\u00e3o capilar.<\/p>\n<p>O leite revelador cont\u00e9m per\u00f3xido de hidrog\u00e9nio.<\/p>\n<p>O creme colorante cont\u00e9m: fenilenodiaminas, resorcinol e amon\u00edaco.<\/p>\n<ul>\n<li>Usar as luvas fornecidas na embalagem.<\/li>\n<li>Evitar o contacto do produto com os olhos, n\u00e3o utilizar na colora\u00e7\u00e3o de pestanas ou sobrancelhas.<\/li>\n<li>Passar imediata e abundantemente os olhos por \u00e1gua, se o produto entrar em contacto com estes.<\/li>\n<li>Passar bem o cabelo por \u00e1gua ap\u00f3s a aplica\u00e7\u00e3o.<\/li>\n<\/ul>\n<p>Esperar 15 dias ap\u00f3s uma desfrisagem, uma permanente ou um alisamento de longa dura\u00e7\u00e3o para aplicar a colora\u00e7\u00e3o.<\/p>\n<p>N\u00e3o utilizar em cabelo pintado com hena ou com uma colora\u00e7\u00e3o progressiva.<\/p>\n<p>Manter fora do alcance das crian\u00e7as.<\/p>\n<p>Esta embalagem cont\u00e9m:<\/p>\n<ul>\n<li>1 frasco aplicador de leite revelador<\/li>\n<li>1 tudo de creme colorante<\/li>\n<li>1 frasco de tratamento reparador<\/li>\n<li>1 par de luvas, 1 folheto de instru\u00e7\u00f5es<\/li>\n<\/ul>\n<p>Nutrisse nutre enquanto c0lora gra\u00e7as ao seu creme colorante \u00fanico e ao novo tratamento reparador, para um resultado de longa dura\u00e7\u00e3o.<\/p>\n<p>Enriquecido com 5 \u00f3leos de origem natural inclui agora \u00f3leo de arag\u00e3o, envolve e sela cada fibra com nutri\u00e7\u00e3o e for\u00e7a. O cabelo fica mais sedoso e suave ao toque e a cor duradoura e 3x mais brilhante.<\/p>\n<p>Veja mais em\u00a0<a href=\"https:\/\/www.ateti.pt\/loja\/categoria\/higiene-e-limpeza\/higiene\/cabelo\/\">Higiene e Limpeza<\/a><\/p>\n","protected":false},"excerpt":{"rendered":"<p>8.99\u20ac\/emb.<\/p>\n","protected":false},"featured_media":56791,"comment_status":"closed","ping_status":"closed","template":"","meta":{"_themeisle_gutenberg_block_has_review":false},"product_brand":[],"product_cat":[203,211,190,265],"product_tag":[],"woo-feed-brand":[],"class_list":{"0":"post-24914","1":"product","2":"type-product","3":"status-publish","4":"has-post-thumbnail","6":"product_cat-beleza-e-higiene","7":"product_cat-cabelo","8":"product_cat-desinfetantes-e-limpeza","9":"product_cat-promocoes-outlet-ate-50-desconto-supermercado-online-ate-ti","10":"ts_product_brand-garnier","11":"ts_product_brand-nutrisse","13":"first","14":"instock","15":"sale","16":"taxable","17":"shipping-taxable","18":"purchasable","19":"product-type-simple"},"_links":{"self":[{"href":"https:\/\/www.ateti.pt\/loja\/wp-json\/wp\/v2\/product\/24914","targetHints":{"allow":["GET"]}}],"collection":[{"href":"https:\/\/www.ateti.pt\/loja\/wp-json\/wp\/v2\/product"}],"about":[{"href":"https:\/\/www.ateti.pt\/loja\/wp-json\/wp\/v2\/types\/product"}],"replies":[{"embeddable":true,"href":"https:\/\/www.ateti.pt\/loja\/wp-json\/wp\/v2\/comments?post=24914"}],"wp:featuredmedia":[{"embeddable":true,"href":"https:\/\/www.ateti.pt\/loja\/wp-json\/wp\/v2\/media\/56791"}],"wp:attachment":[{"href":"https:\/\/www.ateti.pt\/loja\/wp-json\/wp\/v2\/media?parent=24914"}],"wp:term":[{"taxonomy":"product_brand","embeddable":true,"href":"https:\/\/www.ateti.pt\/loja\/wp-json\/wp\/v2\/product_brand?post=24914"},{"taxonomy":"product_cat","embeddable":true,"href":"https:\/\/www.ateti.pt\/loja\/wp-json\/wp\/v2\/product_cat?post=24914"},{"taxonomy":"product_tag","embeddable":true,"href":"https:\/\/www.ateti.pt\/loja\/wp-json\/wp\/v2\/product_tag?post=24914"},{"taxonomy":"woo-feed-brand","embeddable":true,"href":"https:\/\/www.ateti.pt\/loja\/wp-json\/wp\/v2\/woo-feed-brand?post=24914"}],"curies":[{"name":"wp","href":"https:\/\/api.w.org\/{rel}","templated":true}]}}