{"id":24904,"date":"2017-01-03T17:00:00","date_gmt":"2017-01-03T17:00:00","guid":{"rendered":"https:\/\/www.ateti.pt\/loja\/?post_type=product&#038;p=24904"},"modified":"2026-04-28T22:00:13","modified_gmt":"2026-04-28T21:00:13","slug":"laca-cabelos-pintados-elnett-loreal-paris-300ml","status":"publish","type":"product","link":"https:\/\/www.ateti.pt\/loja\/produto\/laca-cabelos-pintados-elnett-loreal-paris-300ml\/","title":{"rendered":"Laca Cabelos Pintados Elnett L\u00b4Or\u00e9al Paris 300ml"},"content":{"rendered":"<h5>Laca Cabelos Pintados Elnett L\u00b4Or\u00e9al Paris<\/h5>\n<p><strong>Quantidade:\u00a0<\/strong>300ml<\/p>\n<p>Fixa\u00e7\u00e3o 24H e prote\u00e7\u00e3o contra a humidade.<\/p>\n<p>A laca ic\u00f3nica com microdifus\u00e3o que mant\u00e9m o penteado todos os dias, de forma f\u00e1cil e ligeira.<\/p>\n<ul>\n<li>Movimento natural e brilho.<\/li>\n<li>Sem colar, sem rigidez e sem deixar res\u00edduos vis\u00edveis.<\/li>\n<li>Elimina-se com uma simples passagem de escova.<\/li>\n<\/ul>\n<p><strong>Modo de utiliza\u00e7\u00e3o:<\/strong><\/p>\n<p>Retirar o bloqueio de seguran\u00e7a.<\/p>\n<p>Vaporizar \u00e1 dist\u00e2ncia de 30 cm do cabelo.<\/p>\n<p>Em caso de entupimento, passar o difusor por \u00e1gua quente.<\/p>\n<p><strong>Precau\u00e7\u00f5es:\u00a0<\/strong>Recipiente sobre press\u00e3o: risco de explos\u00e3o sob a\u00e7\u00e3o do calor. Manter afastado do calor, superf\u00edcies quentes, fa\u00edscas, chamas abertas, e outras fontes de igni\u00e7\u00e3o. N\u00e3o fumar. N\u00e3o pulverizar sobre chama aberta ou outra fonte de igni\u00e7\u00e3o. N\u00e3o furar nem queimar mesmo ap\u00f3s utiliza\u00e7\u00e3o. Manter ao abrigo da luz solar. N\u00e3o expor a temperaturas superiores a 50\u00baC\/122\u00baF. Manter fora do alcance das crian\u00e7as. Evitar vaporizar para os olhos ou sobre pele irritada e inalar intencionalmente. N\u00e3o utilizar para fim diferente daquele que o produto se destina. N\u00e3o utilizar em ambiente fechado.<\/p>\n<p>Veja mais em\u00a0<a href=\"https:\/\/www.ateti.pt\/loja\/categoria\/higiene-e-limpeza\/higiene\/cabelo\/\">Higiene e Limpeza<\/a><\/p>\n<div id=\"jp-relatedposts\" class=\"jp-relatedposts\"><\/div>\n","protected":false},"excerpt":{"rendered":"<p>16.63\u20ac\/lt<\/p>\n","protected":false},"featured_media":60859,"comment_status":"closed","ping_status":"closed","template":"","meta":{"_themeisle_gutenberg_block_has_review":false},"product_brand":[],"product_cat":[203,211,190,265],"product_tag":[],"woo-feed-brand":[],"class_list":{"0":"post-24904","1":"product","2":"type-product","3":"status-publish","4":"has-post-thumbnail","6":"product_cat-beleza-e-higiene","7":"product_cat-cabelo","8":"product_cat-desinfetantes-e-limpeza","9":"product_cat-promocoes-outlet-ate-50-desconto-supermercado-online-ate-ti","10":"ts_product_brand-loreal-paris","12":"first","13":"outofstock","14":"sale","15":"taxable","16":"shipping-taxable","17":"purchasable","18":"product-type-simple"},"_links":{"self":[{"href":"https:\/\/www.ateti.pt\/loja\/wp-json\/wp\/v2\/product\/24904","targetHints":{"allow":["GET"]}}],"collection":[{"href":"https:\/\/www.ateti.pt\/loja\/wp-json\/wp\/v2\/product"}],"about":[{"href":"https:\/\/www.ateti.pt\/loja\/wp-json\/wp\/v2\/types\/product"}],"replies":[{"embeddable":true,"href":"https:\/\/www.ateti.pt\/loja\/wp-json\/wp\/v2\/comments?post=24904"}],"wp:featuredmedia":[{"embeddable":true,"href":"https:\/\/www.ateti.pt\/loja\/wp-json\/wp\/v2\/media\/60859"}],"wp:attachment":[{"href":"https:\/\/www.ateti.pt\/loja\/wp-json\/wp\/v2\/media?parent=24904"}],"wp:term":[{"taxonomy":"product_brand","embeddable":true,"href":"https:\/\/www.ateti.pt\/loja\/wp-json\/wp\/v2\/product_brand?post=24904"},{"taxonomy":"product_cat","embeddable":true,"href":"https:\/\/www.ateti.pt\/loja\/wp-json\/wp\/v2\/product_cat?post=24904"},{"taxonomy":"product_tag","embeddable":true,"href":"https:\/\/www.ateti.pt\/loja\/wp-json\/wp\/v2\/product_tag?post=24904"},{"taxonomy":"woo-feed-brand","embeddable":true,"href":"https:\/\/www.ateti.pt\/loja\/wp-json\/wp\/v2\/woo-feed-brand?post=24904"}],"curies":[{"name":"wp","href":"https:\/\/api.w.org\/{rel}","templated":true}]}}