{"id":24529,"date":"2021-02-05T19:33:56","date_gmt":"2021-02-05T18:33:56","guid":{"rendered":"https:\/\/www.ateti.pt\/loja\/?post_type=product&#038;p=24529"},"modified":"2025-02-12T17:13:41","modified_gmt":"2025-02-12T17:13:41","slug":"rolinho-arco-iris-vaine-71g","status":"publish","type":"product","link":"https:\/\/www.ateti.pt\/loja\/produto\/rolinho-arco-iris-vaine-71g\/","title":{"rendered":"Rolinho Arco Ir\u00eds Vahin\u00e9 71g"},"content":{"rendered":"<p><strong>Rolinho Arco Ir\u00eds Vahin\u00e9<\/strong><\/p>\n<p><strong>Quantidade:\u00a0<\/strong>71g<\/p>\n<p><strong>Valores Nutricionais:\u00a0<\/strong> Energia: 1753kj\/419kcal; L\u00edpidos: 5.10g, dos quais \u00e1cidos gordos saturados: 2.60g; Hidratos de Carbono: 93.10g, dos quais a\u00e7\u00facares: 90.80g; Prote\u00ednas: 0.10g; Sal: 0.10g.<\/p>\n<p><strong>Ingredientes:<\/strong> A\u00e7\u00facar, xarope de glicose, \u00f3leo de palma, cacau magro em p\u00f3, corantes: curcumina, carminas, complexos c\u00fapricos de clorofilinas, antocianinas, sumo de betarraba concentrado, emulsionante: lecitina de SOJA, anti aglomerante: talco, aroma. Cont\u00e9m Soja.<\/p>\n<p><strong>Conserva\u00e7\u00e3o: <\/strong>Conservar ao abrigo da luz, do calor e da humidade.<\/p>\n<p>Veja mais em <a href=\"https:\/\/www.ateti.pt\/loja\/categoria\/mercearia\/chocolates-biscoitos-e-cereais\/chocolates\/\">Chocolates e Doces<\/a><\/p>\n","protected":false},"excerpt":{"rendered":"<p>26.62\u20ac\/kg<\/p>\n","protected":false},"featured_media":60850,"comment_status":"open","ping_status":"closed","template":"","meta":{"_themeisle_gutenberg_block_has_review":false},"product_brand":[],"product_cat":[25,144,132],"product_tag":[],"woo-feed-brand":[],"class_list":{"0":"post-24529","1":"product","2":"type-product","3":"status-publish","4":"has-post-thumbnail","6":"product_cat-chocolates","7":"product_cat-chocolates-biscoitos-e-cereais","8":"product_cat-mercearia","9":"ts_product_brand-vahine","11":"first","12":"instock","13":"taxable","14":"shipping-taxable","15":"purchasable","16":"product-type-simple"},"_links":{"self":[{"href":"https:\/\/www.ateti.pt\/loja\/wp-json\/wp\/v2\/product\/24529","targetHints":{"allow":["GET"]}}],"collection":[{"href":"https:\/\/www.ateti.pt\/loja\/wp-json\/wp\/v2\/product"}],"about":[{"href":"https:\/\/www.ateti.pt\/loja\/wp-json\/wp\/v2\/types\/product"}],"replies":[{"embeddable":true,"href":"https:\/\/www.ateti.pt\/loja\/wp-json\/wp\/v2\/comments?post=24529"}],"wp:featuredmedia":[{"embeddable":true,"href":"https:\/\/www.ateti.pt\/loja\/wp-json\/wp\/v2\/media\/60850"}],"wp:attachment":[{"href":"https:\/\/www.ateti.pt\/loja\/wp-json\/wp\/v2\/media?parent=24529"}],"wp:term":[{"taxonomy":"product_brand","embeddable":true,"href":"https:\/\/www.ateti.pt\/loja\/wp-json\/wp\/v2\/product_brand?post=24529"},{"taxonomy":"product_cat","embeddable":true,"href":"https:\/\/www.ateti.pt\/loja\/wp-json\/wp\/v2\/product_cat?post=24529"},{"taxonomy":"product_tag","embeddable":true,"href":"https:\/\/www.ateti.pt\/loja\/wp-json\/wp\/v2\/product_tag?post=24529"},{"taxonomy":"woo-feed-brand","embeddable":true,"href":"https:\/\/www.ateti.pt\/loja\/wp-json\/wp\/v2\/woo-feed-brand?post=24529"}],"curies":[{"name":"wp","href":"https:\/\/api.w.org\/{rel}","templated":true}]}}