{"id":24526,"date":"2021-02-05T19:14:56","date_gmt":"2021-02-05T18:14:56","guid":{"rendered":"https:\/\/www.ateti.pt\/loja\/?post_type=product&#038;p=24526"},"modified":"2025-05-06T11:01:11","modified_gmt":"2025-05-06T10:01:11","slug":"pudim-flan-el-mandarin-24-doses","status":"publish","type":"product","link":"https:\/\/www.ateti.pt\/loja\/produto\/pudim-flan-el-mandarin-24-doses\/","title":{"rendered":"Pudim Flan El Mandarin 24 doses"},"content":{"rendered":"<h5><strong>Pudim Flan El Mandarin<\/strong><\/h5>\n<p><strong>Quantidade:\u00a0<\/strong>24 doses<\/p>\n<p><strong>Ingredientes:<\/strong> Amido, gelificantes(carragenina, goma tara e goma de alfarroba), sal, corante(beta-caroteno), aroma(vanilina).<\/p>\n<p><strong>Conserva\u00e7\u00e3o: <\/strong>Em local seco e fresco.<\/p>\n<p><strong>Valores nutricionais:<\/strong> Energia: 469kj\/111kcal;L\u00edpidos: 3.8g, dos quais saturados: 2.7g; Hidratos de carbono: 16.1g, dos quais a\u00e7\u00facares: 11.5g; Fibra: 0.2g; Prote\u00ednas: 3.1g; Sal: 0.45g.<\/p>\n<p><strong>Modo de prepara\u00e7\u00e3o:<\/strong><\/p>\n<p>Misture a conte\u00fado de uma saqueta com 3 colheres de sopa de a\u00e7\u00facar.<\/p>\n<p>Do meio litro de leite, tire uma pequena quantidade para dissolver a mistura, ponha o restante ao lume.<\/p>\n<p>Quando o leite levantar fervura, adicione a mistura dissolvida e deixe ferver por 5 a 6 minutos mexendo sempre.<\/p>\n<p>Retire do lume e deite numa forma previamente caramelizada, deixe arrefecer e ponha no frigor\u00edfico.<\/p>\n<p>Depois de preparado conservar refrigerado e consumir em 2 dias.<\/p>\n<p>Veja mais em <a href=\"https:\/\/www.ateti.pt\/loja\/categoria\/mercearia\/sobremesas-mercearia\/\">Sobremesas<\/a><\/p>\n","protected":false},"excerpt":{"rendered":"<p>0.06\u20ac\/dose<\/p>\n","protected":false},"featured_media":60852,"comment_status":"open","ping_status":"closed","template":"","meta":{"_themeisle_gutenberg_block_has_review":false},"product_brand":[],"product_cat":[132,175],"product_tag":[],"woo-feed-brand":[],"class_list":{"0":"post-24526","1":"product","2":"type-product","3":"status-publish","4":"has-post-thumbnail","6":"product_cat-mercearia","7":"product_cat-sobremesas-mercearia","8":"ts_product_brand-el-mandarin","10":"first","11":"instock","12":"taxable","13":"shipping-taxable","14":"purchasable","15":"product-type-simple"},"_links":{"self":[{"href":"https:\/\/www.ateti.pt\/loja\/wp-json\/wp\/v2\/product\/24526","targetHints":{"allow":["GET"]}}],"collection":[{"href":"https:\/\/www.ateti.pt\/loja\/wp-json\/wp\/v2\/product"}],"about":[{"href":"https:\/\/www.ateti.pt\/loja\/wp-json\/wp\/v2\/types\/product"}],"replies":[{"embeddable":true,"href":"https:\/\/www.ateti.pt\/loja\/wp-json\/wp\/v2\/comments?post=24526"}],"wp:featuredmedia":[{"embeddable":true,"href":"https:\/\/www.ateti.pt\/loja\/wp-json\/wp\/v2\/media\/60852"}],"wp:attachment":[{"href":"https:\/\/www.ateti.pt\/loja\/wp-json\/wp\/v2\/media?parent=24526"}],"wp:term":[{"taxonomy":"product_brand","embeddable":true,"href":"https:\/\/www.ateti.pt\/loja\/wp-json\/wp\/v2\/product_brand?post=24526"},{"taxonomy":"product_cat","embeddable":true,"href":"https:\/\/www.ateti.pt\/loja\/wp-json\/wp\/v2\/product_cat?post=24526"},{"taxonomy":"product_tag","embeddable":true,"href":"https:\/\/www.ateti.pt\/loja\/wp-json\/wp\/v2\/product_tag?post=24526"},{"taxonomy":"woo-feed-brand","embeddable":true,"href":"https:\/\/www.ateti.pt\/loja\/wp-json\/wp\/v2\/woo-feed-brand?post=24526"}],"curies":[{"name":"wp","href":"https:\/\/api.w.org\/{rel}","templated":true}]}}